{"id":9318,"date":"2025-06-12T11:39:55","date_gmt":"2025-06-12T10:39:55","guid":{"rendered":"https:\/\/haraszthy.hu\/?post_type=product&#038;p=9318"},"modified":"2025-06-12T11:44:08","modified_gmt":"2025-06-12T10:44:08","slug":"fantastico-chardonnay-2","status":"publish","type":"product","link":"https:\/\/haraszthy.hu\/en\/product\/fantastico-chardonnay-2\/","title":{"rendered":"Fant\u00e1stico Chardonnay"},"content":{"rendered":"","protected":false},"excerpt":{"rendered":"<p>Vibrant straw-yellow colour with golden hints. A concentrated, full-bodied white wine made of grapes of perfect maturity. Fant\u00e1stico Chardonnay is rich and complex but also refined and elegant, offering honey, floral and vanilla aromas with roasted notes. The mouthfeel is complex supported by a vibrant acid backbone, displaying a wealth of fruit \u2013 the oak is definitely there, but it doesn\u2019t overpower the wine, and the elevated alcohol is also organically integrated in the big picture. A characterful, rich and long finish. A balanced, structured with a long aging potential<\/p>\n","protected":false},"featured_media":9415,"comment_status":"closed","ping_status":"closed","template":"","meta":{"_acf_changed":false},"product_brand":[],"product_cat":[318,332],"product_tag":[],"class_list":{"0":"post-9318","1":"product","2":"type-product","3":"status-publish","4":"has-post-thumbnail","6":"product_cat-white","7":"product_cat-drs-en","9":"first","10":"instock","11":"taxable","12":"shipping-taxable","13":"purchasable","14":"product-type-variable"},"acf":[],"yoast_head":"<!-- This site is optimized with the Yoast SEO plugin v27.3 - https:\/\/yoast.com\/product\/yoast-seo-wordpress\/ -->\n<title>Fant\u00e1stico Chardonnay - Haraszthy Pinc\u00e9szet<\/title>\n<meta name=\"robots\" content=\"index, follow, max-snippet:-1, max-image-preview:large, max-video-preview:-1\" \/>\n<link rel=\"canonical\" href=\"https:\/\/haraszthy.hu\/en\/product\/fantastico-chardonnay-2\/\" \/>\n<meta property=\"og:locale\" content=\"en_US\" \/>\n<meta property=\"og:type\" content=\"article\" \/>\n<meta property=\"og:title\" content=\"Fant\u00e1stico Chardonnay - Haraszthy Pinc\u00e9szet\" \/>\n<meta property=\"og:description\" content=\"Vibrant straw-yellow colour with golden hints. A concentrated, full-bodied white wine made of grapes of perfect maturity. Fant\u00e1stico Chardonnay is rich and complex but also refined and elegant, offering honey, floral and vanilla aromas with roasted notes. The mouthfeel is complex supported by a vibrant acid backbone, displaying a wealth of fruit \u2013 the oak is definitely there, but it doesn\u2019t overpower the wine, and the elevated alcohol is also organically integrated in the big picture. A characterful, rich and long finish. A balanced, structured with a long aging potential\" \/>\n<meta property=\"og:url\" content=\"https:\/\/haraszthy.hu\/en\/product\/fantastico-chardonnay-2\/\" \/>\n<meta property=\"og:site_name\" content=\"Haraszthy Pinc\u00e9szet\" \/>\n<meta property=\"article:modified_time\" content=\"2025-06-12T10:44:08+00:00\" \/>\n<meta property=\"og:image\" content=\"https:\/\/haraszthy.hu\/wp-content\/uploads\/2025\/06\/fentastico-sb.png\" \/>\n\t<meta property=\"og:image:width\" content=\"780\" \/>\n\t<meta property=\"og:image:height\" content=\"870\" \/>\n\t<meta property=\"og:image:type\" content=\"image\/png\" \/>\n<meta name=\"twitter:card\" content=\"summary_large_image\" \/>\n<script type=\"application\/ld+json\" class=\"yoast-schema-graph\">{\"@context\":\"https:\\\/\\\/schema.org\",\"@graph\":[{\"@type\":\"WebPage\",\"@id\":\"https:\\\/\\\/haraszthy.hu\\\/en\\\/product\\\/fantastico-chardonnay-2\\\/\",\"url\":\"https:\\\/\\\/haraszthy.hu\\\/en\\\/product\\\/fantastico-chardonnay-2\\\/\",\"name\":\"Fant\u00e1stico Chardonnay - Haraszthy Pinc\u00e9szet\",\"isPartOf\":{\"@id\":\"https:\\\/\\\/haraszthy.hu\\\/en\\\/#website\"},\"primaryImageOfPage\":{\"@id\":\"https:\\\/\\\/haraszthy.hu\\\/en\\\/product\\\/fantastico-chardonnay-2\\\/#primaryimage\"},\"image\":{\"@id\":\"https:\\\/\\\/haraszthy.hu\\\/en\\\/product\\\/fantastico-chardonnay-2\\\/#primaryimage\"},\"thumbnailUrl\":\"https:\\\/\\\/haraszthy.hu\\\/wp-content\\\/uploads\\\/2025\\\/06\\\/fentastico-sb.png\",\"datePublished\":\"2025-06-12T10:39:55+00:00\",\"dateModified\":\"2025-06-12T10:44:08+00:00\",\"breadcrumb\":{\"@id\":\"https:\\\/\\\/haraszthy.hu\\\/en\\\/product\\\/fantastico-chardonnay-2\\\/#breadcrumb\"},\"inLanguage\":\"en-US\",\"potentialAction\":[{\"@type\":\"ReadAction\",\"target\":[\"https:\\\/\\\/haraszthy.hu\\\/en\\\/product\\\/fantastico-chardonnay-2\\\/\"]}]},{\"@type\":\"ImageObject\",\"inLanguage\":\"en-US\",\"@id\":\"https:\\\/\\\/haraszthy.hu\\\/en\\\/product\\\/fantastico-chardonnay-2\\\/#primaryimage\",\"url\":\"https:\\\/\\\/haraszthy.hu\\\/wp-content\\\/uploads\\\/2025\\\/06\\\/fentastico-sb.png\",\"contentUrl\":\"https:\\\/\\\/haraszthy.hu\\\/wp-content\\\/uploads\\\/2025\\\/06\\\/fentastico-sb.png\",\"width\":780,\"height\":870},{\"@type\":\"BreadcrumbList\",\"@id\":\"https:\\\/\\\/haraszthy.hu\\\/en\\\/product\\\/fantastico-chardonnay-2\\\/#breadcrumb\",\"itemListElement\":[{\"@type\":\"ListItem\",\"position\":1,\"name\":\"Kezd\u0151lap\",\"item\":\"https:\\\/\\\/haraszthy.hu\\\/en\\\/home-2\\\/\"},{\"@type\":\"ListItem\",\"position\":2,\"name\":\"SHOP\",\"item\":\"https:\\\/\\\/haraszthy.hu\\\/en\\\/shop\\\/\"},{\"@type\":\"ListItem\",\"position\":3,\"name\":\"Fant\u00e1stico Chardonnay\"}]},{\"@type\":\"WebSite\",\"@id\":\"https:\\\/\\\/haraszthy.hu\\\/en\\\/#website\",\"url\":\"https:\\\/\\\/haraszthy.hu\\\/en\\\/\",\"name\":\"Haraszthy Pinc\u00e9szet - Magyarorsz\u00e1g Legszebb Sz\u0151l\u0151birtoka 2025\",\"description\":\"Bor\u00e1szat.\u00c9tterem.Kikapcsol\u00f3d\u00e1s.Etyek.\",\"potentialAction\":[{\"@type\":\"SearchAction\",\"target\":{\"@type\":\"EntryPoint\",\"urlTemplate\":\"https:\\\/\\\/haraszthy.hu\\\/en\\\/?s={search_term_string}\"},\"query-input\":{\"@type\":\"PropertyValueSpecification\",\"valueRequired\":true,\"valueName\":\"search_term_string\"}}],\"inLanguage\":\"en-US\"}]}<\/script>\n<!-- \/ Yoast SEO plugin. -->","yoast_head_json":{"title":"Fant\u00e1stico Chardonnay - Haraszthy Pinc\u00e9szet","robots":{"index":"index","follow":"follow","max-snippet":"max-snippet:-1","max-image-preview":"max-image-preview:large","max-video-preview":"max-video-preview:-1"},"canonical":"https:\/\/haraszthy.hu\/en\/product\/fantastico-chardonnay-2\/","og_locale":"en_US","og_type":"article","og_title":"Fant\u00e1stico Chardonnay - Haraszthy Pinc\u00e9szet","og_description":"Vibrant straw-yellow colour with golden hints. A concentrated, full-bodied white wine made of grapes of perfect maturity. Fant\u00e1stico Chardonnay is rich and complex but also refined and elegant, offering honey, floral and vanilla aromas with roasted notes. The mouthfeel is complex supported by a vibrant acid backbone, displaying a wealth of fruit \u2013 the oak is definitely there, but it doesn\u2019t overpower the wine, and the elevated alcohol is also organically integrated in the big picture. A characterful, rich and long finish. A balanced, structured with a long aging potential","og_url":"https:\/\/haraszthy.hu\/en\/product\/fantastico-chardonnay-2\/","og_site_name":"Haraszthy Pinc\u00e9szet","article_modified_time":"2025-06-12T10:44:08+00:00","og_image":[{"width":780,"height":870,"url":"https:\/\/haraszthy.hu\/wp-content\/uploads\/2025\/06\/fentastico-sb.png","type":"image\/png"}],"twitter_card":"summary_large_image","schema":{"@context":"https:\/\/schema.org","@graph":[{"@type":"WebPage","@id":"https:\/\/haraszthy.hu\/en\/product\/fantastico-chardonnay-2\/","url":"https:\/\/haraszthy.hu\/en\/product\/fantastico-chardonnay-2\/","name":"Fant\u00e1stico Chardonnay - Haraszthy Pinc\u00e9szet","isPartOf":{"@id":"https:\/\/haraszthy.hu\/en\/#website"},"primaryImageOfPage":{"@id":"https:\/\/haraszthy.hu\/en\/product\/fantastico-chardonnay-2\/#primaryimage"},"image":{"@id":"https:\/\/haraszthy.hu\/en\/product\/fantastico-chardonnay-2\/#primaryimage"},"thumbnailUrl":"https:\/\/haraszthy.hu\/wp-content\/uploads\/2025\/06\/fentastico-sb.png","datePublished":"2025-06-12T10:39:55+00:00","dateModified":"2025-06-12T10:44:08+00:00","breadcrumb":{"@id":"https:\/\/haraszthy.hu\/en\/product\/fantastico-chardonnay-2\/#breadcrumb"},"inLanguage":"en-US","potentialAction":[{"@type":"ReadAction","target":["https:\/\/haraszthy.hu\/en\/product\/fantastico-chardonnay-2\/"]}]},{"@type":"ImageObject","inLanguage":"en-US","@id":"https:\/\/haraszthy.hu\/en\/product\/fantastico-chardonnay-2\/#primaryimage","url":"https:\/\/haraszthy.hu\/wp-content\/uploads\/2025\/06\/fentastico-sb.png","contentUrl":"https:\/\/haraszthy.hu\/wp-content\/uploads\/2025\/06\/fentastico-sb.png","width":780,"height":870},{"@type":"BreadcrumbList","@id":"https:\/\/haraszthy.hu\/en\/product\/fantastico-chardonnay-2\/#breadcrumb","itemListElement":[{"@type":"ListItem","position":1,"name":"Kezd\u0151lap","item":"https:\/\/haraszthy.hu\/en\/home-2\/"},{"@type":"ListItem","position":2,"name":"SHOP","item":"https:\/\/haraszthy.hu\/en\/shop\/"},{"@type":"ListItem","position":3,"name":"Fant\u00e1stico Chardonnay"}]},{"@type":"WebSite","@id":"https:\/\/haraszthy.hu\/en\/#website","url":"https:\/\/haraszthy.hu\/en\/","name":"Haraszthy Pinc\u00e9szet - Magyarorsz\u00e1g Legszebb Sz\u0151l\u0151birtoka 2025","description":"Bor\u00e1szat.\u00c9tterem.Kikapcsol\u00f3d\u00e1s.Etyek.","potentialAction":[{"@type":"SearchAction","target":{"@type":"EntryPoint","urlTemplate":"https:\/\/haraszthy.hu\/en\/?s={search_term_string}"},"query-input":{"@type":"PropertyValueSpecification","valueRequired":true,"valueName":"search_term_string"}}],"inLanguage":"en-US"}]}},"_links":{"self":[{"href":"https:\/\/haraszthy.hu\/en\/wp-json\/wp\/v2\/product\/9318","targetHints":{"allow":["GET"]}}],"collection":[{"href":"https:\/\/haraszthy.hu\/en\/wp-json\/wp\/v2\/product"}],"about":[{"href":"https:\/\/haraszthy.hu\/en\/wp-json\/wp\/v2\/types\/product"}],"replies":[{"embeddable":true,"href":"https:\/\/haraszthy.hu\/en\/wp-json\/wp\/v2\/comments?post=9318"}],"wp:featuredmedia":[{"embeddable":true,"href":"https:\/\/haraszthy.hu\/en\/wp-json\/wp\/v2\/media\/9415"}],"wp:attachment":[{"href":"https:\/\/haraszthy.hu\/en\/wp-json\/wp\/v2\/media?parent=9318"}],"wp:term":[{"taxonomy":"product_brand","embeddable":true,"href":"https:\/\/haraszthy.hu\/en\/wp-json\/wp\/v2\/product_brand?post=9318"},{"taxonomy":"product_cat","embeddable":true,"href":"https:\/\/haraszthy.hu\/en\/wp-json\/wp\/v2\/product_cat?post=9318"},{"taxonomy":"product_tag","embeddable":true,"href":"https:\/\/haraszthy.hu\/en\/wp-json\/wp\/v2\/product_tag?post=9318"}],"curies":[{"name":"wp","href":"https:\/\/api.w.org\/{rel}","templated":true}]}}