{"id":9290,"date":"2025-06-12T11:15:34","date_gmt":"2025-06-12T10:15:34","guid":{"rendered":"https:\/\/haraszthy.hu\/?post_type=product&#038;p=9290"},"modified":"2025-06-12T11:20:36","modified_gmt":"2025-06-12T10:20:36","slug":"oreg-hegy-pinot-noir","status":"publish","type":"product","link":"https:\/\/haraszthy.hu\/en\/product\/oreg-hegy-pinot-noir\/","title":{"rendered":"\u00d6reghegy Pinot Noir"},"content":{"rendered":"","protected":false},"excerpt":{"rendered":"<p>Pale, garnet-colored red wine. Fristly it smells like the autumn: The aroma is autumn: mushrooms, leaves, leather, ripe rose hips, figs, dates. A complex, sophisticated, elegant red wine that is already showing signs of bottle ageing. This wine also clearly shows that Etyek and pinot noir go hand in hand, Burgundy&#8217;s main black grape variety has found a true home in the &#8220;capital&#8217;s vineyard&#8221;. A great adventure. <\/p>\n","protected":false},"featured_media":9297,"comment_status":"closed","ping_status":"closed","template":"","meta":{"_acf_changed":false},"product_brand":[],"product_cat":[314],"product_tag":[],"class_list":{"0":"post-9290","1":"product","2":"type-product","3":"status-publish","4":"has-post-thumbnail","6":"product_cat-red","8":"first","9":"instock","10":"taxable","11":"shipping-taxable","12":"purchasable","13":"product-type-variable"},"acf":[],"yoast_head":"<!-- This site is optimized with the Yoast SEO plugin v27.3 - https:\/\/yoast.com\/product\/yoast-seo-wordpress\/ -->\n<title>\u00d6reghegy Pinot Noir - Haraszthy Pinc\u00e9szet<\/title>\n<meta name=\"robots\" content=\"index, follow, max-snippet:-1, max-image-preview:large, max-video-preview:-1\" \/>\n<link rel=\"canonical\" href=\"https:\/\/haraszthy.hu\/en\/product\/oreg-hegy-pinot-noir\/\" \/>\n<meta property=\"og:locale\" content=\"en_US\" \/>\n<meta property=\"og:type\" content=\"article\" \/>\n<meta property=\"og:title\" content=\"\u00d6reghegy Pinot Noir - Haraszthy Pinc\u00e9szet\" \/>\n<meta property=\"og:description\" content=\"Pale, garnet-colored red wine. Fristly it smells like the autumn: The aroma is autumn: mushrooms, leaves, leather, ripe rose hips, figs, dates. A complex, sophisticated, elegant red wine that is already showing signs of bottle ageing. This wine also clearly shows that Etyek and pinot noir go hand in hand, Burgundy&#039;s main black grape variety has found a true home in the &quot;capital&#039;s vineyard&quot;. A great adventure.\" \/>\n<meta property=\"og:url\" content=\"https:\/\/haraszthy.hu\/en\/product\/oreg-hegy-pinot-noir\/\" \/>\n<meta property=\"og:site_name\" content=\"Haraszthy Pinc\u00e9szet\" \/>\n<meta property=\"article:modified_time\" content=\"2025-06-12T10:20:36+00:00\" \/>\n<meta property=\"og:image\" content=\"https:\/\/haraszthy.hu\/wp-content\/uploads\/2025\/06\/Oreghegy-Pinot-Noir-2020.png\" \/>\n\t<meta property=\"og:image:width\" content=\"230\" \/>\n\t<meta property=\"og:image:height\" content=\"720\" \/>\n\t<meta property=\"og:image:type\" content=\"image\/png\" \/>\n<meta name=\"twitter:card\" content=\"summary_large_image\" \/>\n<script type=\"application\/ld+json\" class=\"yoast-schema-graph\">{\"@context\":\"https:\\\/\\\/schema.org\",\"@graph\":[{\"@type\":\"WebPage\",\"@id\":\"https:\\\/\\\/haraszthy.hu\\\/en\\\/product\\\/oreg-hegy-pinot-noir\\\/\",\"url\":\"https:\\\/\\\/haraszthy.hu\\\/en\\\/product\\\/oreg-hegy-pinot-noir\\\/\",\"name\":\"\u00d6reghegy Pinot Noir - Haraszthy Pinc\u00e9szet\",\"isPartOf\":{\"@id\":\"https:\\\/\\\/haraszthy.hu\\\/en\\\/#website\"},\"primaryImageOfPage\":{\"@id\":\"https:\\\/\\\/haraszthy.hu\\\/en\\\/product\\\/oreg-hegy-pinot-noir\\\/#primaryimage\"},\"image\":{\"@id\":\"https:\\\/\\\/haraszthy.hu\\\/en\\\/product\\\/oreg-hegy-pinot-noir\\\/#primaryimage\"},\"thumbnailUrl\":\"https:\\\/\\\/haraszthy.hu\\\/wp-content\\\/uploads\\\/2025\\\/06\\\/Oreghegy-Pinot-Noir-2020.png\",\"datePublished\":\"2025-06-12T10:15:34+00:00\",\"dateModified\":\"2025-06-12T10:20:36+00:00\",\"breadcrumb\":{\"@id\":\"https:\\\/\\\/haraszthy.hu\\\/en\\\/product\\\/oreg-hegy-pinot-noir\\\/#breadcrumb\"},\"inLanguage\":\"en-US\",\"potentialAction\":[{\"@type\":\"ReadAction\",\"target\":[\"https:\\\/\\\/haraszthy.hu\\\/en\\\/product\\\/oreg-hegy-pinot-noir\\\/\"]}]},{\"@type\":\"ImageObject\",\"inLanguage\":\"en-US\",\"@id\":\"https:\\\/\\\/haraszthy.hu\\\/en\\\/product\\\/oreg-hegy-pinot-noir\\\/#primaryimage\",\"url\":\"https:\\\/\\\/haraszthy.hu\\\/wp-content\\\/uploads\\\/2025\\\/06\\\/Oreghegy-Pinot-Noir-2020.png\",\"contentUrl\":\"https:\\\/\\\/haraszthy.hu\\\/wp-content\\\/uploads\\\/2025\\\/06\\\/Oreghegy-Pinot-Noir-2020.png\",\"width\":230,\"height\":720},{\"@type\":\"BreadcrumbList\",\"@id\":\"https:\\\/\\\/haraszthy.hu\\\/en\\\/product\\\/oreg-hegy-pinot-noir\\\/#breadcrumb\",\"itemListElement\":[{\"@type\":\"ListItem\",\"position\":1,\"name\":\"Kezd\u0151lap\",\"item\":\"https:\\\/\\\/haraszthy.hu\\\/en\\\/home-2\\\/\"},{\"@type\":\"ListItem\",\"position\":2,\"name\":\"SHOP\",\"item\":\"https:\\\/\\\/haraszthy.hu\\\/en\\\/shop\\\/\"},{\"@type\":\"ListItem\",\"position\":3,\"name\":\"\u00d6reghegy Pinot Noir\"}]},{\"@type\":\"WebSite\",\"@id\":\"https:\\\/\\\/haraszthy.hu\\\/en\\\/#website\",\"url\":\"https:\\\/\\\/haraszthy.hu\\\/en\\\/\",\"name\":\"Haraszthy Pinc\u00e9szet - Magyarorsz\u00e1g Legszebb Sz\u0151l\u0151birtoka 2025\",\"description\":\"Bor\u00e1szat.\u00c9tterem.Kikapcsol\u00f3d\u00e1s.Etyek.\",\"potentialAction\":[{\"@type\":\"SearchAction\",\"target\":{\"@type\":\"EntryPoint\",\"urlTemplate\":\"https:\\\/\\\/haraszthy.hu\\\/en\\\/?s={search_term_string}\"},\"query-input\":{\"@type\":\"PropertyValueSpecification\",\"valueRequired\":true,\"valueName\":\"search_term_string\"}}],\"inLanguage\":\"en-US\"}]}<\/script>\n<!-- \/ Yoast SEO plugin. -->","yoast_head_json":{"title":"\u00d6reghegy Pinot Noir - Haraszthy Pinc\u00e9szet","robots":{"index":"index","follow":"follow","max-snippet":"max-snippet:-1","max-image-preview":"max-image-preview:large","max-video-preview":"max-video-preview:-1"},"canonical":"https:\/\/haraszthy.hu\/en\/product\/oreg-hegy-pinot-noir\/","og_locale":"en_US","og_type":"article","og_title":"\u00d6reghegy Pinot Noir - Haraszthy Pinc\u00e9szet","og_description":"Pale, garnet-colored red wine. Fristly it smells like the autumn: The aroma is autumn: mushrooms, leaves, leather, ripe rose hips, figs, dates. A complex, sophisticated, elegant red wine that is already showing signs of bottle ageing. This wine also clearly shows that Etyek and pinot noir go hand in hand, Burgundy's main black grape variety has found a true home in the \"capital's vineyard\". A great adventure.","og_url":"https:\/\/haraszthy.hu\/en\/product\/oreg-hegy-pinot-noir\/","og_site_name":"Haraszthy Pinc\u00e9szet","article_modified_time":"2025-06-12T10:20:36+00:00","og_image":[{"width":230,"height":720,"url":"https:\/\/haraszthy.hu\/wp-content\/uploads\/2025\/06\/Oreghegy-Pinot-Noir-2020.png","type":"image\/png"}],"twitter_card":"summary_large_image","schema":{"@context":"https:\/\/schema.org","@graph":[{"@type":"WebPage","@id":"https:\/\/haraszthy.hu\/en\/product\/oreg-hegy-pinot-noir\/","url":"https:\/\/haraszthy.hu\/en\/product\/oreg-hegy-pinot-noir\/","name":"\u00d6reghegy Pinot Noir - Haraszthy Pinc\u00e9szet","isPartOf":{"@id":"https:\/\/haraszthy.hu\/en\/#website"},"primaryImageOfPage":{"@id":"https:\/\/haraszthy.hu\/en\/product\/oreg-hegy-pinot-noir\/#primaryimage"},"image":{"@id":"https:\/\/haraszthy.hu\/en\/product\/oreg-hegy-pinot-noir\/#primaryimage"},"thumbnailUrl":"https:\/\/haraszthy.hu\/wp-content\/uploads\/2025\/06\/Oreghegy-Pinot-Noir-2020.png","datePublished":"2025-06-12T10:15:34+00:00","dateModified":"2025-06-12T10:20:36+00:00","breadcrumb":{"@id":"https:\/\/haraszthy.hu\/en\/product\/oreg-hegy-pinot-noir\/#breadcrumb"},"inLanguage":"en-US","potentialAction":[{"@type":"ReadAction","target":["https:\/\/haraszthy.hu\/en\/product\/oreg-hegy-pinot-noir\/"]}]},{"@type":"ImageObject","inLanguage":"en-US","@id":"https:\/\/haraszthy.hu\/en\/product\/oreg-hegy-pinot-noir\/#primaryimage","url":"https:\/\/haraszthy.hu\/wp-content\/uploads\/2025\/06\/Oreghegy-Pinot-Noir-2020.png","contentUrl":"https:\/\/haraszthy.hu\/wp-content\/uploads\/2025\/06\/Oreghegy-Pinot-Noir-2020.png","width":230,"height":720},{"@type":"BreadcrumbList","@id":"https:\/\/haraszthy.hu\/en\/product\/oreg-hegy-pinot-noir\/#breadcrumb","itemListElement":[{"@type":"ListItem","position":1,"name":"Kezd\u0151lap","item":"https:\/\/haraszthy.hu\/en\/home-2\/"},{"@type":"ListItem","position":2,"name":"SHOP","item":"https:\/\/haraszthy.hu\/en\/shop\/"},{"@type":"ListItem","position":3,"name":"\u00d6reghegy Pinot Noir"}]},{"@type":"WebSite","@id":"https:\/\/haraszthy.hu\/en\/#website","url":"https:\/\/haraszthy.hu\/en\/","name":"Haraszthy Pinc\u00e9szet - Magyarorsz\u00e1g Legszebb Sz\u0151l\u0151birtoka 2025","description":"Bor\u00e1szat.\u00c9tterem.Kikapcsol\u00f3d\u00e1s.Etyek.","potentialAction":[{"@type":"SearchAction","target":{"@type":"EntryPoint","urlTemplate":"https:\/\/haraszthy.hu\/en\/?s={search_term_string}"},"query-input":{"@type":"PropertyValueSpecification","valueRequired":true,"valueName":"search_term_string"}}],"inLanguage":"en-US"}]}},"_links":{"self":[{"href":"https:\/\/haraszthy.hu\/en\/wp-json\/wp\/v2\/product\/9290","targetHints":{"allow":["GET"]}}],"collection":[{"href":"https:\/\/haraszthy.hu\/en\/wp-json\/wp\/v2\/product"}],"about":[{"href":"https:\/\/haraszthy.hu\/en\/wp-json\/wp\/v2\/types\/product"}],"replies":[{"embeddable":true,"href":"https:\/\/haraszthy.hu\/en\/wp-json\/wp\/v2\/comments?post=9290"}],"wp:featuredmedia":[{"embeddable":true,"href":"https:\/\/haraszthy.hu\/en\/wp-json\/wp\/v2\/media\/9297"}],"wp:attachment":[{"href":"https:\/\/haraszthy.hu\/en\/wp-json\/wp\/v2\/media?parent=9290"}],"wp:term":[{"taxonomy":"product_brand","embeddable":true,"href":"https:\/\/haraszthy.hu\/en\/wp-json\/wp\/v2\/product_brand?post=9290"},{"taxonomy":"product_cat","embeddable":true,"href":"https:\/\/haraszthy.hu\/en\/wp-json\/wp\/v2\/product_cat?post=9290"},{"taxonomy":"product_tag","embeddable":true,"href":"https:\/\/haraszthy.hu\/en\/wp-json\/wp\/v2\/product_tag?post=9290"}],"curies":[{"name":"wp","href":"https:\/\/api.w.org\/{rel}","templated":true}]}}