{"id":9272,"date":"2025-06-12T10:56:36","date_gmt":"2025-06-12T09:56:36","guid":{"rendered":"https:\/\/haraszthy.hu\/?post_type=product&#038;p=9272"},"modified":"2025-06-12T11:01:17","modified_gmt":"2025-06-12T10:01:17","slug":"naturel-pinot-noir-rose","status":"publish","type":"product","link":"https:\/\/haraszthy.hu\/en\/product\/naturel-pinot-noir-rose\/","title":{"rendered":"Naturel Pinot Noir Ros\u00e9"},"content":{"rendered":"","protected":false},"excerpt":{"rendered":"<p>Medium salmon-colored sparkling wine. In addition to the yeasty character, red berries dominate the nose, cherries, red currants. Fresh, juicy and, so PET-NAT-like. Good perlage, makes stronger the fruitiness.<\/p>\n","protected":false},"featured_media":9276,"comment_status":"closed","ping_status":"closed","template":"","meta":{"_acf_changed":false},"product_brand":[],"product_cat":[320],"product_tag":[],"class_list":{"0":"post-9272","1":"product","2":"type-product","3":"status-publish","4":"has-post-thumbnail","6":"product_cat-bubble","8":"first","9":"instock","10":"taxable","11":"shipping-taxable","12":"purchasable","13":"product-type-variable"},"acf":[],"yoast_head":"<!-- This site is optimized with the Yoast SEO plugin v27.3 - https:\/\/yoast.com\/product\/yoast-seo-wordpress\/ -->\n<title>Naturel Pinot Noir Ros\u00e9 - Haraszthy Pinc\u00e9szet<\/title>\n<meta name=\"robots\" content=\"index, follow, max-snippet:-1, max-image-preview:large, max-video-preview:-1\" \/>\n<link rel=\"canonical\" href=\"https:\/\/haraszthy.hu\/en\/product\/naturel-pinot-noir-rose\/\" \/>\n<meta property=\"og:locale\" content=\"en_US\" \/>\n<meta property=\"og:type\" content=\"article\" \/>\n<meta property=\"og:title\" content=\"Naturel Pinot Noir Ros\u00e9 - Haraszthy Pinc\u00e9szet\" \/>\n<meta property=\"og:description\" content=\"Medium salmon-colored sparkling wine. In addition to the yeasty character, red berries dominate the nose, cherries, red currants. Fresh, juicy and, so PET-NAT-like. Good perlage, makes stronger the fruitiness.\" \/>\n<meta property=\"og:url\" content=\"https:\/\/haraszthy.hu\/en\/product\/naturel-pinot-noir-rose\/\" \/>\n<meta property=\"og:site_name\" content=\"Haraszthy Pinc\u00e9szet\" \/>\n<meta property=\"article:modified_time\" content=\"2025-06-12T10:01:17+00:00\" \/>\n<meta property=\"og:image\" content=\"https:\/\/haraszthy.hu\/wp-content\/uploads\/2025\/06\/Naturel-Pinot-Noir.webp\" \/>\n\t<meta property=\"og:image:width\" content=\"800\" \/>\n\t<meta property=\"og:image:height\" content=\"2504\" \/>\n\t<meta property=\"og:image:type\" content=\"image\/webp\" \/>\n<meta name=\"twitter:card\" content=\"summary_large_image\" \/>\n<script type=\"application\/ld+json\" class=\"yoast-schema-graph\">{\"@context\":\"https:\\\/\\\/schema.org\",\"@graph\":[{\"@type\":\"WebPage\",\"@id\":\"https:\\\/\\\/haraszthy.hu\\\/en\\\/product\\\/naturel-pinot-noir-rose\\\/\",\"url\":\"https:\\\/\\\/haraszthy.hu\\\/en\\\/product\\\/naturel-pinot-noir-rose\\\/\",\"name\":\"Naturel Pinot Noir Ros\u00e9 - Haraszthy Pinc\u00e9szet\",\"isPartOf\":{\"@id\":\"https:\\\/\\\/haraszthy.hu\\\/en\\\/#website\"},\"primaryImageOfPage\":{\"@id\":\"https:\\\/\\\/haraszthy.hu\\\/en\\\/product\\\/naturel-pinot-noir-rose\\\/#primaryimage\"},\"image\":{\"@id\":\"https:\\\/\\\/haraszthy.hu\\\/en\\\/product\\\/naturel-pinot-noir-rose\\\/#primaryimage\"},\"thumbnailUrl\":\"https:\\\/\\\/haraszthy.hu\\\/wp-content\\\/uploads\\\/2025\\\/06\\\/Naturel-Pinot-Noir.webp\",\"datePublished\":\"2025-06-12T09:56:36+00:00\",\"dateModified\":\"2025-06-12T10:01:17+00:00\",\"breadcrumb\":{\"@id\":\"https:\\\/\\\/haraszthy.hu\\\/en\\\/product\\\/naturel-pinot-noir-rose\\\/#breadcrumb\"},\"inLanguage\":\"en-US\",\"potentialAction\":[{\"@type\":\"ReadAction\",\"target\":[\"https:\\\/\\\/haraszthy.hu\\\/en\\\/product\\\/naturel-pinot-noir-rose\\\/\"]}]},{\"@type\":\"ImageObject\",\"inLanguage\":\"en-US\",\"@id\":\"https:\\\/\\\/haraszthy.hu\\\/en\\\/product\\\/naturel-pinot-noir-rose\\\/#primaryimage\",\"url\":\"https:\\\/\\\/haraszthy.hu\\\/wp-content\\\/uploads\\\/2025\\\/06\\\/Naturel-Pinot-Noir.webp\",\"contentUrl\":\"https:\\\/\\\/haraszthy.hu\\\/wp-content\\\/uploads\\\/2025\\\/06\\\/Naturel-Pinot-Noir.webp\",\"width\":800,\"height\":2504},{\"@type\":\"BreadcrumbList\",\"@id\":\"https:\\\/\\\/haraszthy.hu\\\/en\\\/product\\\/naturel-pinot-noir-rose\\\/#breadcrumb\",\"itemListElement\":[{\"@type\":\"ListItem\",\"position\":1,\"name\":\"Kezd\u0151lap\",\"item\":\"https:\\\/\\\/haraszthy.hu\\\/en\\\/home-2\\\/\"},{\"@type\":\"ListItem\",\"position\":2,\"name\":\"SHOP\",\"item\":\"https:\\\/\\\/haraszthy.hu\\\/en\\\/shop\\\/\"},{\"@type\":\"ListItem\",\"position\":3,\"name\":\"Naturel Pinot Noir Ros\u00e9\"}]},{\"@type\":\"WebSite\",\"@id\":\"https:\\\/\\\/haraszthy.hu\\\/en\\\/#website\",\"url\":\"https:\\\/\\\/haraszthy.hu\\\/en\\\/\",\"name\":\"Haraszthy Pinc\u00e9szet - Magyarorsz\u00e1g Legszebb Sz\u0151l\u0151birtoka 2025\",\"description\":\"Bor\u00e1szat.\u00c9tterem.Kikapcsol\u00f3d\u00e1s.Etyek.\",\"potentialAction\":[{\"@type\":\"SearchAction\",\"target\":{\"@type\":\"EntryPoint\",\"urlTemplate\":\"https:\\\/\\\/haraszthy.hu\\\/en\\\/?s={search_term_string}\"},\"query-input\":{\"@type\":\"PropertyValueSpecification\",\"valueRequired\":true,\"valueName\":\"search_term_string\"}}],\"inLanguage\":\"en-US\"}]}<\/script>\n<!-- \/ Yoast SEO plugin. -->","yoast_head_json":{"title":"Naturel Pinot Noir Ros\u00e9 - Haraszthy Pinc\u00e9szet","robots":{"index":"index","follow":"follow","max-snippet":"max-snippet:-1","max-image-preview":"max-image-preview:large","max-video-preview":"max-video-preview:-1"},"canonical":"https:\/\/haraszthy.hu\/en\/product\/naturel-pinot-noir-rose\/","og_locale":"en_US","og_type":"article","og_title":"Naturel Pinot Noir Ros\u00e9 - Haraszthy Pinc\u00e9szet","og_description":"Medium salmon-colored sparkling wine. In addition to the yeasty character, red berries dominate the nose, cherries, red currants. Fresh, juicy and, so PET-NAT-like. Good perlage, makes stronger the fruitiness.","og_url":"https:\/\/haraszthy.hu\/en\/product\/naturel-pinot-noir-rose\/","og_site_name":"Haraszthy Pinc\u00e9szet","article_modified_time":"2025-06-12T10:01:17+00:00","og_image":[{"width":800,"height":2504,"url":"https:\/\/haraszthy.hu\/wp-content\/uploads\/2025\/06\/Naturel-Pinot-Noir.webp","type":"image\/webp"}],"twitter_card":"summary_large_image","schema":{"@context":"https:\/\/schema.org","@graph":[{"@type":"WebPage","@id":"https:\/\/haraszthy.hu\/en\/product\/naturel-pinot-noir-rose\/","url":"https:\/\/haraszthy.hu\/en\/product\/naturel-pinot-noir-rose\/","name":"Naturel Pinot Noir Ros\u00e9 - Haraszthy Pinc\u00e9szet","isPartOf":{"@id":"https:\/\/haraszthy.hu\/en\/#website"},"primaryImageOfPage":{"@id":"https:\/\/haraszthy.hu\/en\/product\/naturel-pinot-noir-rose\/#primaryimage"},"image":{"@id":"https:\/\/haraszthy.hu\/en\/product\/naturel-pinot-noir-rose\/#primaryimage"},"thumbnailUrl":"https:\/\/haraszthy.hu\/wp-content\/uploads\/2025\/06\/Naturel-Pinot-Noir.webp","datePublished":"2025-06-12T09:56:36+00:00","dateModified":"2025-06-12T10:01:17+00:00","breadcrumb":{"@id":"https:\/\/haraszthy.hu\/en\/product\/naturel-pinot-noir-rose\/#breadcrumb"},"inLanguage":"en-US","potentialAction":[{"@type":"ReadAction","target":["https:\/\/haraszthy.hu\/en\/product\/naturel-pinot-noir-rose\/"]}]},{"@type":"ImageObject","inLanguage":"en-US","@id":"https:\/\/haraszthy.hu\/en\/product\/naturel-pinot-noir-rose\/#primaryimage","url":"https:\/\/haraszthy.hu\/wp-content\/uploads\/2025\/06\/Naturel-Pinot-Noir.webp","contentUrl":"https:\/\/haraszthy.hu\/wp-content\/uploads\/2025\/06\/Naturel-Pinot-Noir.webp","width":800,"height":2504},{"@type":"BreadcrumbList","@id":"https:\/\/haraszthy.hu\/en\/product\/naturel-pinot-noir-rose\/#breadcrumb","itemListElement":[{"@type":"ListItem","position":1,"name":"Kezd\u0151lap","item":"https:\/\/haraszthy.hu\/en\/home-2\/"},{"@type":"ListItem","position":2,"name":"SHOP","item":"https:\/\/haraszthy.hu\/en\/shop\/"},{"@type":"ListItem","position":3,"name":"Naturel Pinot Noir Ros\u00e9"}]},{"@type":"WebSite","@id":"https:\/\/haraszthy.hu\/en\/#website","url":"https:\/\/haraszthy.hu\/en\/","name":"Haraszthy Pinc\u00e9szet - Magyarorsz\u00e1g Legszebb Sz\u0151l\u0151birtoka 2025","description":"Bor\u00e1szat.\u00c9tterem.Kikapcsol\u00f3d\u00e1s.Etyek.","potentialAction":[{"@type":"SearchAction","target":{"@type":"EntryPoint","urlTemplate":"https:\/\/haraszthy.hu\/en\/?s={search_term_string}"},"query-input":{"@type":"PropertyValueSpecification","valueRequired":true,"valueName":"search_term_string"}}],"inLanguage":"en-US"}]}},"_links":{"self":[{"href":"https:\/\/haraszthy.hu\/en\/wp-json\/wp\/v2\/product\/9272","targetHints":{"allow":["GET"]}}],"collection":[{"href":"https:\/\/haraszthy.hu\/en\/wp-json\/wp\/v2\/product"}],"about":[{"href":"https:\/\/haraszthy.hu\/en\/wp-json\/wp\/v2\/types\/product"}],"replies":[{"embeddable":true,"href":"https:\/\/haraszthy.hu\/en\/wp-json\/wp\/v2\/comments?post=9272"}],"wp:featuredmedia":[{"embeddable":true,"href":"https:\/\/haraszthy.hu\/en\/wp-json\/wp\/v2\/media\/9276"}],"wp:attachment":[{"href":"https:\/\/haraszthy.hu\/en\/wp-json\/wp\/v2\/media?parent=9272"}],"wp:term":[{"taxonomy":"product_brand","embeddable":true,"href":"https:\/\/haraszthy.hu\/en\/wp-json\/wp\/v2\/product_brand?post=9272"},{"taxonomy":"product_cat","embeddable":true,"href":"https:\/\/haraszthy.hu\/en\/wp-json\/wp\/v2\/product_cat?post=9272"},{"taxonomy":"product_tag","embeddable":true,"href":"https:\/\/haraszthy.hu\/en\/wp-json\/wp\/v2\/product_tag?post=9272"}],"curies":[{"name":"wp","href":"https:\/\/api.w.org\/{rel}","templated":true}]}}