{"id":9250,"date":"2025-06-11T17:58:59","date_gmt":"2025-06-11T16:58:59","guid":{"rendered":"https:\/\/haraszthy.hu\/?post_type=product&#038;p=9250"},"modified":"2025-06-11T18:04:06","modified_gmt":"2025-06-11T17:04:06","slug":"natuerl-chardonnay","status":"publish","type":"product","link":"https:\/\/haraszthy.hu\/en\/product\/natuerl-chardonnay\/","title":{"rendered":"Naturel Chardonnay"},"content":{"rendered":"","protected":false},"excerpt":{"rendered":"<p>Pale golden-colored sparkling wine. Since it is not made from organic grapes, we cannot call it PET-NAT, but the style is the same. It has a yeasty aroma, but as it opens, summer apple and citrus notes come out of the wine. On the palate the bubbles are good sized, and the perlage is also fine. An exciting drink to taste, it could even be a good alternative to a MT.<\/p>\n","protected":false},"featured_media":9254,"comment_status":"closed","ping_status":"closed","template":"","meta":{"_acf_changed":false},"product_brand":[],"product_cat":[320],"product_tag":[],"class_list":{"0":"post-9250","1":"product","2":"type-product","3":"status-publish","4":"has-post-thumbnail","6":"product_cat-bubble","8":"first","9":"instock","10":"taxable","11":"shipping-taxable","12":"purchasable","13":"product-type-variable"},"acf":[],"yoast_head":"<!-- This site is optimized with the Yoast SEO plugin v27.3 - https:\/\/yoast.com\/product\/yoast-seo-wordpress\/ -->\n<title>Naturel Chardonnay - Haraszthy Pinc\u00e9szet<\/title>\n<meta name=\"robots\" content=\"index, follow, max-snippet:-1, max-image-preview:large, max-video-preview:-1\" \/>\n<link rel=\"canonical\" href=\"https:\/\/haraszthy.hu\/en\/product\/natuerl-chardonnay\/\" \/>\n<meta property=\"og:locale\" content=\"en_US\" \/>\n<meta property=\"og:type\" content=\"article\" \/>\n<meta property=\"og:title\" content=\"Naturel Chardonnay - Haraszthy Pinc\u00e9szet\" \/>\n<meta property=\"og:description\" content=\"Pale golden-colored sparkling wine. Since it is not made from organic grapes, we cannot call it PET-NAT, but the style is the same. It has a yeasty aroma, but as it opens, summer apple and citrus notes come out of the wine. On the palate the bubbles are good sized, and the perlage is also fine. An exciting drink to taste, it could even be a good alternative to a MT.\" \/>\n<meta property=\"og:url\" content=\"https:\/\/haraszthy.hu\/en\/product\/natuerl-chardonnay\/\" \/>\n<meta property=\"og:site_name\" content=\"Haraszthy Pinc\u00e9szet\" \/>\n<meta property=\"article:modified_time\" content=\"2025-06-11T17:04:06+00:00\" \/>\n<meta property=\"og:image\" content=\"https:\/\/haraszthy.hu\/wp-content\/uploads\/2025\/06\/Naturel-Chardonnay-Szuret-len-gyongyozobor-2024.png\" \/>\n\t<meta property=\"og:image:width\" content=\"800\" \/>\n\t<meta property=\"og:image:height\" content=\"2504\" \/>\n\t<meta property=\"og:image:type\" content=\"image\/png\" \/>\n<meta name=\"twitter:card\" content=\"summary_large_image\" \/>\n<script type=\"application\/ld+json\" class=\"yoast-schema-graph\">{\"@context\":\"https:\\\/\\\/schema.org\",\"@graph\":[{\"@type\":\"WebPage\",\"@id\":\"https:\\\/\\\/haraszthy.hu\\\/en\\\/product\\\/natuerl-chardonnay\\\/\",\"url\":\"https:\\\/\\\/haraszthy.hu\\\/en\\\/product\\\/natuerl-chardonnay\\\/\",\"name\":\"Naturel Chardonnay - Haraszthy Pinc\u00e9szet\",\"isPartOf\":{\"@id\":\"https:\\\/\\\/haraszthy.hu\\\/en\\\/#website\"},\"primaryImageOfPage\":{\"@id\":\"https:\\\/\\\/haraszthy.hu\\\/en\\\/product\\\/natuerl-chardonnay\\\/#primaryimage\"},\"image\":{\"@id\":\"https:\\\/\\\/haraszthy.hu\\\/en\\\/product\\\/natuerl-chardonnay\\\/#primaryimage\"},\"thumbnailUrl\":\"https:\\\/\\\/haraszthy.hu\\\/wp-content\\\/uploads\\\/2025\\\/06\\\/Naturel-Chardonnay-Szuret-len-gyongyozobor-2024.png\",\"datePublished\":\"2025-06-11T16:58:59+00:00\",\"dateModified\":\"2025-06-11T17:04:06+00:00\",\"breadcrumb\":{\"@id\":\"https:\\\/\\\/haraszthy.hu\\\/en\\\/product\\\/natuerl-chardonnay\\\/#breadcrumb\"},\"inLanguage\":\"en-US\",\"potentialAction\":[{\"@type\":\"ReadAction\",\"target\":[\"https:\\\/\\\/haraszthy.hu\\\/en\\\/product\\\/natuerl-chardonnay\\\/\"]}]},{\"@type\":\"ImageObject\",\"inLanguage\":\"en-US\",\"@id\":\"https:\\\/\\\/haraszthy.hu\\\/en\\\/product\\\/natuerl-chardonnay\\\/#primaryimage\",\"url\":\"https:\\\/\\\/haraszthy.hu\\\/wp-content\\\/uploads\\\/2025\\\/06\\\/Naturel-Chardonnay-Szuret-len-gyongyozobor-2024.png\",\"contentUrl\":\"https:\\\/\\\/haraszthy.hu\\\/wp-content\\\/uploads\\\/2025\\\/06\\\/Naturel-Chardonnay-Szuret-len-gyongyozobor-2024.png\",\"width\":800,\"height\":2504},{\"@type\":\"BreadcrumbList\",\"@id\":\"https:\\\/\\\/haraszthy.hu\\\/en\\\/product\\\/natuerl-chardonnay\\\/#breadcrumb\",\"itemListElement\":[{\"@type\":\"ListItem\",\"position\":1,\"name\":\"Kezd\u0151lap\",\"item\":\"https:\\\/\\\/haraszthy.hu\\\/en\\\/home-2\\\/\"},{\"@type\":\"ListItem\",\"position\":2,\"name\":\"SHOP\",\"item\":\"https:\\\/\\\/haraszthy.hu\\\/en\\\/shop\\\/\"},{\"@type\":\"ListItem\",\"position\":3,\"name\":\"Naturel Chardonnay\"}]},{\"@type\":\"WebSite\",\"@id\":\"https:\\\/\\\/haraszthy.hu\\\/en\\\/#website\",\"url\":\"https:\\\/\\\/haraszthy.hu\\\/en\\\/\",\"name\":\"Haraszthy Pinc\u00e9szet - Magyarorsz\u00e1g Legszebb Sz\u0151l\u0151birtoka 2025\",\"description\":\"Bor\u00e1szat.\u00c9tterem.Kikapcsol\u00f3d\u00e1s.Etyek.\",\"potentialAction\":[{\"@type\":\"SearchAction\",\"target\":{\"@type\":\"EntryPoint\",\"urlTemplate\":\"https:\\\/\\\/haraszthy.hu\\\/en\\\/?s={search_term_string}\"},\"query-input\":{\"@type\":\"PropertyValueSpecification\",\"valueRequired\":true,\"valueName\":\"search_term_string\"}}],\"inLanguage\":\"en-US\"}]}<\/script>\n<!-- \/ Yoast SEO plugin. -->","yoast_head_json":{"title":"Naturel Chardonnay - Haraszthy Pinc\u00e9szet","robots":{"index":"index","follow":"follow","max-snippet":"max-snippet:-1","max-image-preview":"max-image-preview:large","max-video-preview":"max-video-preview:-1"},"canonical":"https:\/\/haraszthy.hu\/en\/product\/natuerl-chardonnay\/","og_locale":"en_US","og_type":"article","og_title":"Naturel Chardonnay - Haraszthy Pinc\u00e9szet","og_description":"Pale golden-colored sparkling wine. Since it is not made from organic grapes, we cannot call it PET-NAT, but the style is the same. It has a yeasty aroma, but as it opens, summer apple and citrus notes come out of the wine. On the palate the bubbles are good sized, and the perlage is also fine. An exciting drink to taste, it could even be a good alternative to a MT.","og_url":"https:\/\/haraszthy.hu\/en\/product\/natuerl-chardonnay\/","og_site_name":"Haraszthy Pinc\u00e9szet","article_modified_time":"2025-06-11T17:04:06+00:00","og_image":[{"width":800,"height":2504,"url":"https:\/\/haraszthy.hu\/wp-content\/uploads\/2025\/06\/Naturel-Chardonnay-Szuret-len-gyongyozobor-2024.png","type":"image\/png"}],"twitter_card":"summary_large_image","schema":{"@context":"https:\/\/schema.org","@graph":[{"@type":"WebPage","@id":"https:\/\/haraszthy.hu\/en\/product\/natuerl-chardonnay\/","url":"https:\/\/haraszthy.hu\/en\/product\/natuerl-chardonnay\/","name":"Naturel Chardonnay - Haraszthy Pinc\u00e9szet","isPartOf":{"@id":"https:\/\/haraszthy.hu\/en\/#website"},"primaryImageOfPage":{"@id":"https:\/\/haraszthy.hu\/en\/product\/natuerl-chardonnay\/#primaryimage"},"image":{"@id":"https:\/\/haraszthy.hu\/en\/product\/natuerl-chardonnay\/#primaryimage"},"thumbnailUrl":"https:\/\/haraszthy.hu\/wp-content\/uploads\/2025\/06\/Naturel-Chardonnay-Szuret-len-gyongyozobor-2024.png","datePublished":"2025-06-11T16:58:59+00:00","dateModified":"2025-06-11T17:04:06+00:00","breadcrumb":{"@id":"https:\/\/haraszthy.hu\/en\/product\/natuerl-chardonnay\/#breadcrumb"},"inLanguage":"en-US","potentialAction":[{"@type":"ReadAction","target":["https:\/\/haraszthy.hu\/en\/product\/natuerl-chardonnay\/"]}]},{"@type":"ImageObject","inLanguage":"en-US","@id":"https:\/\/haraszthy.hu\/en\/product\/natuerl-chardonnay\/#primaryimage","url":"https:\/\/haraszthy.hu\/wp-content\/uploads\/2025\/06\/Naturel-Chardonnay-Szuret-len-gyongyozobor-2024.png","contentUrl":"https:\/\/haraszthy.hu\/wp-content\/uploads\/2025\/06\/Naturel-Chardonnay-Szuret-len-gyongyozobor-2024.png","width":800,"height":2504},{"@type":"BreadcrumbList","@id":"https:\/\/haraszthy.hu\/en\/product\/natuerl-chardonnay\/#breadcrumb","itemListElement":[{"@type":"ListItem","position":1,"name":"Kezd\u0151lap","item":"https:\/\/haraszthy.hu\/en\/home-2\/"},{"@type":"ListItem","position":2,"name":"SHOP","item":"https:\/\/haraszthy.hu\/en\/shop\/"},{"@type":"ListItem","position":3,"name":"Naturel Chardonnay"}]},{"@type":"WebSite","@id":"https:\/\/haraszthy.hu\/en\/#website","url":"https:\/\/haraszthy.hu\/en\/","name":"Haraszthy Pinc\u00e9szet - Magyarorsz\u00e1g Legszebb Sz\u0151l\u0151birtoka 2025","description":"Bor\u00e1szat.\u00c9tterem.Kikapcsol\u00f3d\u00e1s.Etyek.","potentialAction":[{"@type":"SearchAction","target":{"@type":"EntryPoint","urlTemplate":"https:\/\/haraszthy.hu\/en\/?s={search_term_string}"},"query-input":{"@type":"PropertyValueSpecification","valueRequired":true,"valueName":"search_term_string"}}],"inLanguage":"en-US"}]}},"_links":{"self":[{"href":"https:\/\/haraszthy.hu\/en\/wp-json\/wp\/v2\/product\/9250","targetHints":{"allow":["GET"]}}],"collection":[{"href":"https:\/\/haraszthy.hu\/en\/wp-json\/wp\/v2\/product"}],"about":[{"href":"https:\/\/haraszthy.hu\/en\/wp-json\/wp\/v2\/types\/product"}],"replies":[{"embeddable":true,"href":"https:\/\/haraszthy.hu\/en\/wp-json\/wp\/v2\/comments?post=9250"}],"wp:featuredmedia":[{"embeddable":true,"href":"https:\/\/haraszthy.hu\/en\/wp-json\/wp\/v2\/media\/9254"}],"wp:attachment":[{"href":"https:\/\/haraszthy.hu\/en\/wp-json\/wp\/v2\/media?parent=9250"}],"wp:term":[{"taxonomy":"product_brand","embeddable":true,"href":"https:\/\/haraszthy.hu\/en\/wp-json\/wp\/v2\/product_brand?post=9250"},{"taxonomy":"product_cat","embeddable":true,"href":"https:\/\/haraszthy.hu\/en\/wp-json\/wp\/v2\/product_cat?post=9250"},{"taxonomy":"product_tag","embeddable":true,"href":"https:\/\/haraszthy.hu\/en\/wp-json\/wp\/v2\/product_tag?post=9250"}],"curies":[{"name":"wp","href":"https:\/\/api.w.org\/{rel}","templated":true}]}}