{"id":9194,"date":"2025-06-05T13:54:36","date_gmt":"2025-06-05T12:54:36","guid":{"rendered":"https:\/\/haraszthy.hu\/?post_type=product&#038;p=9194"},"modified":"2025-06-05T17:47:42","modified_gmt":"2025-06-05T16:47:42","slug":"love-rose","status":"publish","type":"product","link":"https:\/\/haraszthy.hu\/en\/product\/love-rose\/","title":{"rendered":"LOVE Ros\u00e9"},"content":{"rendered":"","protected":false},"excerpt":{"rendered":"<p>Clear salmon colour with medium intensity. Candied cranberries, rosehip tea, strawberry jam and raspberry flower honey mingle in the medium-intensity nose. The flavour profile is dominated by some strawberry sweetness, raspberry and cranberry, but you also get some blood-orange and rhubarb freshness. This is not your typical acidity-driven ros\u00e9, it is lovelier and smoother, even with a wink at Provence. A very food-friendly ros\u00e9 wine.<\/p>\n","protected":false},"featured_media":9198,"comment_status":"closed","ping_status":"closed","template":"","meta":{"_acf_changed":false},"product_brand":[],"product_cat":[326,332],"product_tag":[],"class_list":{"0":"post-9194","1":"product","2":"type-product","3":"status-publish","4":"has-post-thumbnail","6":"product_cat-rose-en","7":"product_cat-drs-en","9":"first","10":"instock","11":"taxable","12":"shipping-taxable","13":"purchasable","14":"product-type-variable","15":"has-default-attributes"},"acf":[],"yoast_head":"<!-- This site is optimized with the Yoast SEO plugin v27.3 - https:\/\/yoast.com\/product\/yoast-seo-wordpress\/ -->\n<title>LOVE Ros\u00e9 - Haraszthy Pinc\u00e9szet<\/title>\n<meta name=\"robots\" content=\"index, follow, max-snippet:-1, max-image-preview:large, max-video-preview:-1\" \/>\n<link rel=\"canonical\" href=\"https:\/\/haraszthy.hu\/en\/product\/love-rose\/\" \/>\n<meta property=\"og:locale\" content=\"en_US\" \/>\n<meta property=\"og:type\" content=\"article\" \/>\n<meta property=\"og:title\" content=\"LOVE Ros\u00e9 - Haraszthy Pinc\u00e9szet\" \/>\n<meta property=\"og:description\" content=\"Clear salmon colour with medium intensity. Candied cranberries, rosehip tea, strawberry jam and raspberry flower honey mingle in the medium-intensity nose. The flavour profile is dominated by some strawberry sweetness, raspberry and cranberry, but you also get some blood-orange and rhubarb freshness. This is not your typical acidity-driven ros\u00e9, it is lovelier and smoother, even with a wink at Provence. A very food-friendly ros\u00e9 wine.\" \/>\n<meta property=\"og:url\" content=\"https:\/\/haraszthy.hu\/en\/product\/love-rose\/\" \/>\n<meta property=\"og:site_name\" content=\"Haraszthy Pinc\u00e9szet\" \/>\n<meta property=\"article:modified_time\" content=\"2025-06-05T16:47:42+00:00\" \/>\n<meta property=\"og:image\" content=\"https:\/\/haraszthy.hu\/wp-content\/uploads\/2025\/06\/Haraszthy-Love-Rose-scaled.png\" \/>\n\t<meta property=\"og:image:width\" content=\"623\" \/>\n\t<meta property=\"og:image:height\" content=\"2560\" \/>\n\t<meta property=\"og:image:type\" content=\"image\/png\" \/>\n<meta name=\"twitter:card\" content=\"summary_large_image\" \/>\n<script type=\"application\/ld+json\" class=\"yoast-schema-graph\">{\"@context\":\"https:\\\/\\\/schema.org\",\"@graph\":[{\"@type\":\"WebPage\",\"@id\":\"https:\\\/\\\/haraszthy.hu\\\/en\\\/product\\\/love-rose\\\/\",\"url\":\"https:\\\/\\\/haraszthy.hu\\\/en\\\/product\\\/love-rose\\\/\",\"name\":\"LOVE Ros\u00e9 - Haraszthy Pinc\u00e9szet\",\"isPartOf\":{\"@id\":\"https:\\\/\\\/haraszthy.hu\\\/en\\\/#website\"},\"primaryImageOfPage\":{\"@id\":\"https:\\\/\\\/haraszthy.hu\\\/en\\\/product\\\/love-rose\\\/#primaryimage\"},\"image\":{\"@id\":\"https:\\\/\\\/haraszthy.hu\\\/en\\\/product\\\/love-rose\\\/#primaryimage\"},\"thumbnailUrl\":\"https:\\\/\\\/haraszthy.hu\\\/wp-content\\\/uploads\\\/2025\\\/06\\\/Haraszthy-Love-Rose-scaled.png\",\"datePublished\":\"2025-06-05T12:54:36+00:00\",\"dateModified\":\"2025-06-05T16:47:42+00:00\",\"breadcrumb\":{\"@id\":\"https:\\\/\\\/haraszthy.hu\\\/en\\\/product\\\/love-rose\\\/#breadcrumb\"},\"inLanguage\":\"en-US\",\"potentialAction\":[{\"@type\":\"ReadAction\",\"target\":[\"https:\\\/\\\/haraszthy.hu\\\/en\\\/product\\\/love-rose\\\/\"]}]},{\"@type\":\"ImageObject\",\"inLanguage\":\"en-US\",\"@id\":\"https:\\\/\\\/haraszthy.hu\\\/en\\\/product\\\/love-rose\\\/#primaryimage\",\"url\":\"https:\\\/\\\/haraszthy.hu\\\/wp-content\\\/uploads\\\/2025\\\/06\\\/Haraszthy-Love-Rose-scaled.png\",\"contentUrl\":\"https:\\\/\\\/haraszthy.hu\\\/wp-content\\\/uploads\\\/2025\\\/06\\\/Haraszthy-Love-Rose-scaled.png\",\"width\":623,\"height\":2560},{\"@type\":\"BreadcrumbList\",\"@id\":\"https:\\\/\\\/haraszthy.hu\\\/en\\\/product\\\/love-rose\\\/#breadcrumb\",\"itemListElement\":[{\"@type\":\"ListItem\",\"position\":1,\"name\":\"Kezd\u0151lap\",\"item\":\"https:\\\/\\\/haraszthy.hu\\\/en\\\/home-2\\\/\"},{\"@type\":\"ListItem\",\"position\":2,\"name\":\"SHOP\",\"item\":\"https:\\\/\\\/haraszthy.hu\\\/en\\\/shop\\\/\"},{\"@type\":\"ListItem\",\"position\":3,\"name\":\"LOVE Ros\u00e9\"}]},{\"@type\":\"WebSite\",\"@id\":\"https:\\\/\\\/haraszthy.hu\\\/en\\\/#website\",\"url\":\"https:\\\/\\\/haraszthy.hu\\\/en\\\/\",\"name\":\"Haraszthy Pinc\u00e9szet - Magyarorsz\u00e1g Legszebb Sz\u0151l\u0151birtoka 2025\",\"description\":\"Bor\u00e1szat.\u00c9tterem.Kikapcsol\u00f3d\u00e1s.Etyek.\",\"potentialAction\":[{\"@type\":\"SearchAction\",\"target\":{\"@type\":\"EntryPoint\",\"urlTemplate\":\"https:\\\/\\\/haraszthy.hu\\\/en\\\/?s={search_term_string}\"},\"query-input\":{\"@type\":\"PropertyValueSpecification\",\"valueRequired\":true,\"valueName\":\"search_term_string\"}}],\"inLanguage\":\"en-US\"}]}<\/script>\n<!-- \/ Yoast SEO plugin. -->","yoast_head_json":{"title":"LOVE Ros\u00e9 - Haraszthy Pinc\u00e9szet","robots":{"index":"index","follow":"follow","max-snippet":"max-snippet:-1","max-image-preview":"max-image-preview:large","max-video-preview":"max-video-preview:-1"},"canonical":"https:\/\/haraszthy.hu\/en\/product\/love-rose\/","og_locale":"en_US","og_type":"article","og_title":"LOVE Ros\u00e9 - Haraszthy Pinc\u00e9szet","og_description":"Clear salmon colour with medium intensity. Candied cranberries, rosehip tea, strawberry jam and raspberry flower honey mingle in the medium-intensity nose. The flavour profile is dominated by some strawberry sweetness, raspberry and cranberry, but you also get some blood-orange and rhubarb freshness. This is not your typical acidity-driven ros\u00e9, it is lovelier and smoother, even with a wink at Provence. A very food-friendly ros\u00e9 wine.","og_url":"https:\/\/haraszthy.hu\/en\/product\/love-rose\/","og_site_name":"Haraszthy Pinc\u00e9szet","article_modified_time":"2025-06-05T16:47:42+00:00","og_image":[{"width":623,"height":2560,"url":"https:\/\/haraszthy.hu\/wp-content\/uploads\/2025\/06\/Haraszthy-Love-Rose-scaled.png","type":"image\/png"}],"twitter_card":"summary_large_image","schema":{"@context":"https:\/\/schema.org","@graph":[{"@type":"WebPage","@id":"https:\/\/haraszthy.hu\/en\/product\/love-rose\/","url":"https:\/\/haraszthy.hu\/en\/product\/love-rose\/","name":"LOVE Ros\u00e9 - Haraszthy Pinc\u00e9szet","isPartOf":{"@id":"https:\/\/haraszthy.hu\/en\/#website"},"primaryImageOfPage":{"@id":"https:\/\/haraszthy.hu\/en\/product\/love-rose\/#primaryimage"},"image":{"@id":"https:\/\/haraszthy.hu\/en\/product\/love-rose\/#primaryimage"},"thumbnailUrl":"https:\/\/haraszthy.hu\/wp-content\/uploads\/2025\/06\/Haraszthy-Love-Rose-scaled.png","datePublished":"2025-06-05T12:54:36+00:00","dateModified":"2025-06-05T16:47:42+00:00","breadcrumb":{"@id":"https:\/\/haraszthy.hu\/en\/product\/love-rose\/#breadcrumb"},"inLanguage":"en-US","potentialAction":[{"@type":"ReadAction","target":["https:\/\/haraszthy.hu\/en\/product\/love-rose\/"]}]},{"@type":"ImageObject","inLanguage":"en-US","@id":"https:\/\/haraszthy.hu\/en\/product\/love-rose\/#primaryimage","url":"https:\/\/haraszthy.hu\/wp-content\/uploads\/2025\/06\/Haraszthy-Love-Rose-scaled.png","contentUrl":"https:\/\/haraszthy.hu\/wp-content\/uploads\/2025\/06\/Haraszthy-Love-Rose-scaled.png","width":623,"height":2560},{"@type":"BreadcrumbList","@id":"https:\/\/haraszthy.hu\/en\/product\/love-rose\/#breadcrumb","itemListElement":[{"@type":"ListItem","position":1,"name":"Kezd\u0151lap","item":"https:\/\/haraszthy.hu\/en\/home-2\/"},{"@type":"ListItem","position":2,"name":"SHOP","item":"https:\/\/haraszthy.hu\/en\/shop\/"},{"@type":"ListItem","position":3,"name":"LOVE Ros\u00e9"}]},{"@type":"WebSite","@id":"https:\/\/haraszthy.hu\/en\/#website","url":"https:\/\/haraszthy.hu\/en\/","name":"Haraszthy Pinc\u00e9szet - Magyarorsz\u00e1g Legszebb Sz\u0151l\u0151birtoka 2025","description":"Bor\u00e1szat.\u00c9tterem.Kikapcsol\u00f3d\u00e1s.Etyek.","potentialAction":[{"@type":"SearchAction","target":{"@type":"EntryPoint","urlTemplate":"https:\/\/haraszthy.hu\/en\/?s={search_term_string}"},"query-input":{"@type":"PropertyValueSpecification","valueRequired":true,"valueName":"search_term_string"}}],"inLanguage":"en-US"}]}},"_links":{"self":[{"href":"https:\/\/haraszthy.hu\/en\/wp-json\/wp\/v2\/product\/9194","targetHints":{"allow":["GET"]}}],"collection":[{"href":"https:\/\/haraszthy.hu\/en\/wp-json\/wp\/v2\/product"}],"about":[{"href":"https:\/\/haraszthy.hu\/en\/wp-json\/wp\/v2\/types\/product"}],"replies":[{"embeddable":true,"href":"https:\/\/haraszthy.hu\/en\/wp-json\/wp\/v2\/comments?post=9194"}],"wp:featuredmedia":[{"embeddable":true,"href":"https:\/\/haraszthy.hu\/en\/wp-json\/wp\/v2\/media\/9198"}],"wp:attachment":[{"href":"https:\/\/haraszthy.hu\/en\/wp-json\/wp\/v2\/media?parent=9194"}],"wp:term":[{"taxonomy":"product_brand","embeddable":true,"href":"https:\/\/haraszthy.hu\/en\/wp-json\/wp\/v2\/product_brand?post=9194"},{"taxonomy":"product_cat","embeddable":true,"href":"https:\/\/haraszthy.hu\/en\/wp-json\/wp\/v2\/product_cat?post=9194"},{"taxonomy":"product_tag","embeddable":true,"href":"https:\/\/haraszthy.hu\/en\/wp-json\/wp\/v2\/product_tag?post=9194"}],"curies":[{"name":"wp","href":"https:\/\/api.w.org\/{rel}","templated":true}]}}