{"id":8328,"date":"2024-10-11T13:30:57","date_gmt":"2024-10-11T12:30:57","guid":{"rendered":"https:\/\/haraszthy.hu\/?post_type=product&#038;p=8328"},"modified":"2025-12-01T00:00:21","modified_gmt":"2025-11-30T23:00:21","slug":"sauvignon-blanc-masolat","status":"publish","type":"product","link":"https:\/\/haraszthy.hu\/en\/product\/sauvignon-blanc-masolat\/","title":{"rendered":"Sauvignon Blanc Wild Yeast Selection"},"content":{"rendered":"","protected":false},"excerpt":{"rendered":"<p>Its explosively perfumed scent almost speaks to the consumer. It starts with notes of melon, grapefruit and pomelo, with nettle and a few herbal notes. As it opens in the glass, there&#8217;s also a subtle yeastiness. Ripe pears, tea and creamy yeastiness return on the palate. Its round acidity, elegant style and extraordinary complexity make it outstanding. It takes the etyek experience to a next level.<\/p>\n","protected":false},"featured_media":8336,"comment_status":"closed","ping_status":"closed","template":"","meta":{"_acf_changed":false},"product_brand":[],"product_cat":[318,332],"product_tag":[],"class_list":{"0":"post-8328","1":"product","2":"type-product","3":"status-publish","4":"has-post-thumbnail","6":"product_cat-white","7":"product_cat-drs-en","9":"first","10":"instock","11":"taxable","12":"shipping-taxable","13":"purchasable","14":"product-type-variable"},"acf":[],"yoast_head":"<!-- This site is optimized with the Yoast SEO plugin v27.3 - https:\/\/yoast.com\/product\/yoast-seo-wordpress\/ -->\n<title>Sauvignon Blanc Wild Yeast Selection - Haraszthy Pinc\u00e9szet<\/title>\n<meta name=\"robots\" content=\"index, follow, max-snippet:-1, max-image-preview:large, max-video-preview:-1\" \/>\n<link rel=\"canonical\" href=\"https:\/\/haraszthy.hu\/en\/product\/sauvignon-blanc-masolat\/\" \/>\n<meta property=\"og:locale\" content=\"en_US\" \/>\n<meta property=\"og:type\" content=\"article\" \/>\n<meta property=\"og:title\" content=\"Sauvignon Blanc Wild Yeast Selection - Haraszthy Pinc\u00e9szet\" \/>\n<meta property=\"og:description\" content=\"Its explosively perfumed scent almost speaks to the consumer. It starts with notes of melon, grapefruit and pomelo, with nettle and a few herbal notes. As it opens in the glass, there&#039;s also a subtle yeastiness. Ripe pears, tea and creamy yeastiness return on the palate. Its round acidity, elegant style and extraordinary complexity make it outstanding. It takes the etyek experience to a next level.\" \/>\n<meta property=\"og:url\" content=\"https:\/\/haraszthy.hu\/en\/product\/sauvignon-blanc-masolat\/\" \/>\n<meta property=\"og:site_name\" content=\"Haraszthy Pinc\u00e9szet\" \/>\n<meta property=\"article:modified_time\" content=\"2025-11-30T23:00:21+00:00\" \/>\n<meta property=\"og:image\" content=\"https:\/\/haraszthy.hu\/wp-content\/uploads\/2024\/10\/Haraszthy_Wild_Yeast_Selection-439x1024.png\" \/>\n\t<meta property=\"og:image:width\" content=\"439\" \/>\n\t<meta property=\"og:image:height\" content=\"1024\" \/>\n\t<meta property=\"og:image:type\" content=\"image\/png\" \/>\n<meta name=\"twitter:card\" content=\"summary_large_image\" \/>\n<script type=\"application\/ld+json\" class=\"yoast-schema-graph\">{\"@context\":\"https:\\\/\\\/schema.org\",\"@graph\":[{\"@type\":\"WebPage\",\"@id\":\"https:\\\/\\\/haraszthy.hu\\\/en\\\/product\\\/sauvignon-blanc-masolat\\\/\",\"url\":\"https:\\\/\\\/haraszthy.hu\\\/en\\\/product\\\/sauvignon-blanc-masolat\\\/\",\"name\":\"Sauvignon Blanc Wild Yeast Selection - Haraszthy Pinc\u00e9szet\",\"isPartOf\":{\"@id\":\"https:\\\/\\\/haraszthy.hu\\\/en\\\/#website\"},\"primaryImageOfPage\":{\"@id\":\"https:\\\/\\\/haraszthy.hu\\\/en\\\/product\\\/sauvignon-blanc-masolat\\\/#primaryimage\"},\"image\":{\"@id\":\"https:\\\/\\\/haraszthy.hu\\\/en\\\/product\\\/sauvignon-blanc-masolat\\\/#primaryimage\"},\"thumbnailUrl\":\"https:\\\/\\\/haraszthy.hu\\\/wp-content\\\/uploads\\\/2024\\\/10\\\/Haraszthy_Wild_Yeast_Selection.png\",\"datePublished\":\"2024-10-11T12:30:57+00:00\",\"dateModified\":\"2025-11-30T23:00:21+00:00\",\"breadcrumb\":{\"@id\":\"https:\\\/\\\/haraszthy.hu\\\/en\\\/product\\\/sauvignon-blanc-masolat\\\/#breadcrumb\"},\"inLanguage\":\"en-US\",\"potentialAction\":[{\"@type\":\"ReadAction\",\"target\":[\"https:\\\/\\\/haraszthy.hu\\\/en\\\/product\\\/sauvignon-blanc-masolat\\\/\"]}]},{\"@type\":\"ImageObject\",\"inLanguage\":\"en-US\",\"@id\":\"https:\\\/\\\/haraszthy.hu\\\/en\\\/product\\\/sauvignon-blanc-masolat\\\/#primaryimage\",\"url\":\"https:\\\/\\\/haraszthy.hu\\\/wp-content\\\/uploads\\\/2024\\\/10\\\/Haraszthy_Wild_Yeast_Selection.png\",\"contentUrl\":\"https:\\\/\\\/haraszthy.hu\\\/wp-content\\\/uploads\\\/2024\\\/10\\\/Haraszthy_Wild_Yeast_Selection.png\",\"width\":3000,\"height\":7000},{\"@type\":\"BreadcrumbList\",\"@id\":\"https:\\\/\\\/haraszthy.hu\\\/en\\\/product\\\/sauvignon-blanc-masolat\\\/#breadcrumb\",\"itemListElement\":[{\"@type\":\"ListItem\",\"position\":1,\"name\":\"Kezd\u0151lap\",\"item\":\"https:\\\/\\\/haraszthy.hu\\\/en\\\/home-2\\\/\"},{\"@type\":\"ListItem\",\"position\":2,\"name\":\"SHOP\",\"item\":\"https:\\\/\\\/haraszthy.hu\\\/en\\\/shop\\\/\"},{\"@type\":\"ListItem\",\"position\":3,\"name\":\"Sauvignon Blanc Wild Yeast Selection\"}]},{\"@type\":\"WebSite\",\"@id\":\"https:\\\/\\\/haraszthy.hu\\\/en\\\/#website\",\"url\":\"https:\\\/\\\/haraszthy.hu\\\/en\\\/\",\"name\":\"Haraszthy Pinc\u00e9szet - Magyarorsz\u00e1g Legszebb Sz\u0151l\u0151birtoka 2025\",\"description\":\"Bor\u00e1szat.\u00c9tterem.Kikapcsol\u00f3d\u00e1s.Etyek.\",\"potentialAction\":[{\"@type\":\"SearchAction\",\"target\":{\"@type\":\"EntryPoint\",\"urlTemplate\":\"https:\\\/\\\/haraszthy.hu\\\/en\\\/?s={search_term_string}\"},\"query-input\":{\"@type\":\"PropertyValueSpecification\",\"valueRequired\":true,\"valueName\":\"search_term_string\"}}],\"inLanguage\":\"en-US\"}]}<\/script>\n<!-- \/ Yoast SEO plugin. -->","yoast_head_json":{"title":"Sauvignon Blanc Wild Yeast Selection - Haraszthy Pinc\u00e9szet","robots":{"index":"index","follow":"follow","max-snippet":"max-snippet:-1","max-image-preview":"max-image-preview:large","max-video-preview":"max-video-preview:-1"},"canonical":"https:\/\/haraszthy.hu\/en\/product\/sauvignon-blanc-masolat\/","og_locale":"en_US","og_type":"article","og_title":"Sauvignon Blanc Wild Yeast Selection - Haraszthy Pinc\u00e9szet","og_description":"Its explosively perfumed scent almost speaks to the consumer. It starts with notes of melon, grapefruit and pomelo, with nettle and a few herbal notes. As it opens in the glass, there's also a subtle yeastiness. Ripe pears, tea and creamy yeastiness return on the palate. Its round acidity, elegant style and extraordinary complexity make it outstanding. It takes the etyek experience to a next level.","og_url":"https:\/\/haraszthy.hu\/en\/product\/sauvignon-blanc-masolat\/","og_site_name":"Haraszthy Pinc\u00e9szet","article_modified_time":"2025-11-30T23:00:21+00:00","og_image":[{"width":439,"height":1024,"url":"https:\/\/haraszthy.hu\/wp-content\/uploads\/2024\/10\/Haraszthy_Wild_Yeast_Selection-439x1024.png","type":"image\/png"}],"twitter_card":"summary_large_image","schema":{"@context":"https:\/\/schema.org","@graph":[{"@type":"WebPage","@id":"https:\/\/haraszthy.hu\/en\/product\/sauvignon-blanc-masolat\/","url":"https:\/\/haraszthy.hu\/en\/product\/sauvignon-blanc-masolat\/","name":"Sauvignon Blanc Wild Yeast Selection - Haraszthy Pinc\u00e9szet","isPartOf":{"@id":"https:\/\/haraszthy.hu\/en\/#website"},"primaryImageOfPage":{"@id":"https:\/\/haraszthy.hu\/en\/product\/sauvignon-blanc-masolat\/#primaryimage"},"image":{"@id":"https:\/\/haraszthy.hu\/en\/product\/sauvignon-blanc-masolat\/#primaryimage"},"thumbnailUrl":"https:\/\/haraszthy.hu\/wp-content\/uploads\/2024\/10\/Haraszthy_Wild_Yeast_Selection.png","datePublished":"2024-10-11T12:30:57+00:00","dateModified":"2025-11-30T23:00:21+00:00","breadcrumb":{"@id":"https:\/\/haraszthy.hu\/en\/product\/sauvignon-blanc-masolat\/#breadcrumb"},"inLanguage":"en-US","potentialAction":[{"@type":"ReadAction","target":["https:\/\/haraszthy.hu\/en\/product\/sauvignon-blanc-masolat\/"]}]},{"@type":"ImageObject","inLanguage":"en-US","@id":"https:\/\/haraszthy.hu\/en\/product\/sauvignon-blanc-masolat\/#primaryimage","url":"https:\/\/haraszthy.hu\/wp-content\/uploads\/2024\/10\/Haraszthy_Wild_Yeast_Selection.png","contentUrl":"https:\/\/haraszthy.hu\/wp-content\/uploads\/2024\/10\/Haraszthy_Wild_Yeast_Selection.png","width":3000,"height":7000},{"@type":"BreadcrumbList","@id":"https:\/\/haraszthy.hu\/en\/product\/sauvignon-blanc-masolat\/#breadcrumb","itemListElement":[{"@type":"ListItem","position":1,"name":"Kezd\u0151lap","item":"https:\/\/haraszthy.hu\/en\/home-2\/"},{"@type":"ListItem","position":2,"name":"SHOP","item":"https:\/\/haraszthy.hu\/en\/shop\/"},{"@type":"ListItem","position":3,"name":"Sauvignon Blanc Wild Yeast Selection"}]},{"@type":"WebSite","@id":"https:\/\/haraszthy.hu\/en\/#website","url":"https:\/\/haraszthy.hu\/en\/","name":"Haraszthy Pinc\u00e9szet - Magyarorsz\u00e1g Legszebb Sz\u0151l\u0151birtoka 2025","description":"Bor\u00e1szat.\u00c9tterem.Kikapcsol\u00f3d\u00e1s.Etyek.","potentialAction":[{"@type":"SearchAction","target":{"@type":"EntryPoint","urlTemplate":"https:\/\/haraszthy.hu\/en\/?s={search_term_string}"},"query-input":{"@type":"PropertyValueSpecification","valueRequired":true,"valueName":"search_term_string"}}],"inLanguage":"en-US"}]}},"_links":{"self":[{"href":"https:\/\/haraszthy.hu\/en\/wp-json\/wp\/v2\/product\/8328","targetHints":{"allow":["GET"]}}],"collection":[{"href":"https:\/\/haraszthy.hu\/en\/wp-json\/wp\/v2\/product"}],"about":[{"href":"https:\/\/haraszthy.hu\/en\/wp-json\/wp\/v2\/types\/product"}],"replies":[{"embeddable":true,"href":"https:\/\/haraszthy.hu\/en\/wp-json\/wp\/v2\/comments?post=8328"}],"wp:featuredmedia":[{"embeddable":true,"href":"https:\/\/haraszthy.hu\/en\/wp-json\/wp\/v2\/media\/8336"}],"wp:attachment":[{"href":"https:\/\/haraszthy.hu\/en\/wp-json\/wp\/v2\/media?parent=8328"}],"wp:term":[{"taxonomy":"product_brand","embeddable":true,"href":"https:\/\/haraszthy.hu\/en\/wp-json\/wp\/v2\/product_brand?post=8328"},{"taxonomy":"product_cat","embeddable":true,"href":"https:\/\/haraszthy.hu\/en\/wp-json\/wp\/v2\/product_cat?post=8328"},{"taxonomy":"product_tag","embeddable":true,"href":"https:\/\/haraszthy.hu\/en\/wp-json\/wp\/v2\/product_tag?post=8328"}],"curies":[{"name":"wp","href":"https:\/\/api.w.org\/{rel}","templated":true}]}}