{"id":6838,"date":"2023-08-08T17:11:06","date_gmt":"2023-08-08T16:11:06","guid":{"rendered":"https:\/\/haraszthy.hu\/termek\/tantara-ingeborg-syrah-2\/"},"modified":"2023-12-19T11:53:55","modified_gmt":"2023-12-19T10:53:55","slug":"tantara-ingeborg-syrah-2","status":"publish","type":"product","link":"https:\/\/haraszthy.hu\/en\/product\/tantara-ingeborg-syrah-2\/","title":{"rendered":"Tantara Ingeborg Syrah"},"content":{"rendered":"","protected":false},"excerpt":{"rendered":"<p>The winery&#8217;s only syrah, the latest vintage of which is now being released, has less in common with New World and Australian Shiraz, its hot Rhone Valley-style Americanness suggesting more French inspiration. The grapes come from the flat Ingeborg vineyard, in the eastern, hotter climate part of the Santa Ynez AVA, closer to the Happy Canyon AVA. A 100% syrah wine from a sandy-clay subsoil overlain by river gravel, using a clone of the variety called &#8220;Estrella&#8221; at 1.5 kg\/capital. Harvest in early September. Hand-picked, hand-picked and cold-soaked. 80% aged in French oak barrels for one year, 20% in Hungarian oak barrels for 28 months. Bottled without filtration. The nose is blackberry, roasted chestnut, pine resin, smoked meat, and the taste is equally complex: the blackberry uranium is followed by liquorice, chocolate, saltiness and tobacco. 2600 bottles were produced.<\/p>\n","protected":false},"featured_media":6449,"comment_status":"closed","ping_status":"closed","template":"","meta":{"_acf_changed":false},"product_brand":[],"product_cat":[314],"product_tag":[],"class_list":{"0":"post-6838","1":"product","2":"type-product","3":"status-publish","4":"has-post-thumbnail","6":"product_cat-red","8":"first","9":"instock","10":"taxable","11":"shipping-taxable","12":"purchasable","13":"product-type-variable"},"acf":[],"yoast_head":"<!-- This site is optimized with the Yoast SEO plugin v27.4 - https:\/\/yoast.com\/product\/yoast-seo-wordpress\/ -->\n<title>Tantara Ingeborg Syrah - Haraszthy Pinc\u00e9szet<\/title>\n<meta name=\"robots\" content=\"index, follow, max-snippet:-1, max-image-preview:large, max-video-preview:-1\" \/>\n<link rel=\"canonical\" href=\"https:\/\/haraszthy.hu\/en\/product\/tantara-ingeborg-syrah-2\/\" \/>\n<meta property=\"og:locale\" content=\"en_US\" \/>\n<meta property=\"og:type\" content=\"article\" \/>\n<meta property=\"og:title\" content=\"Tantara Ingeborg Syrah - Haraszthy Pinc\u00e9szet\" \/>\n<meta property=\"og:description\" content=\"The winery&#039;s only syrah, the latest vintage of which is now being released, has less in common with New World and Australian Shiraz, its hot Rhone Valley-style Americanness suggesting more French inspiration. The grapes come from the flat Ingeborg vineyard, in the eastern, hotter climate part of the Santa Ynez AVA, closer to the Happy Canyon AVA. A 100% syrah wine from a sandy-clay subsoil overlain by river gravel, using a clone of the variety called &quot;Estrella&quot; at 1.5 kg\/capital. Harvest in early September. Hand-picked, hand-picked and cold-soaked. 80% aged in French oak barrels for one year, 20% in Hungarian oak barrels for 28 months. Bottled without filtration. The nose is blackberry, roasted chestnut, pine resin, smoked meat, and the taste is equally complex: the blackberry uranium is followed by liquorice, chocolate, saltiness and tobacco. 2600 bottles were produced.\" \/>\n<meta property=\"og:url\" content=\"https:\/\/haraszthy.hu\/en\/product\/tantara-ingeborg-syrah-2\/\" \/>\n<meta property=\"og:site_name\" content=\"Haraszthy Pinc\u00e9szet\" \/>\n<meta property=\"article:modified_time\" content=\"2023-12-19T10:53:55+00:00\" \/>\n<meta property=\"og:image\" content=\"https:\/\/haraszthy.hu\/wp-content\/uploads\/2023\/08\/SZ2_0899-439x1024.png\" \/>\n\t<meta property=\"og:image:width\" content=\"439\" \/>\n\t<meta property=\"og:image:height\" content=\"1024\" \/>\n\t<meta property=\"og:image:type\" content=\"image\/png\" \/>\n<meta name=\"twitter:card\" content=\"summary_large_image\" \/>\n<script type=\"application\/ld+json\" class=\"yoast-schema-graph\">{\"@context\":\"https:\\\/\\\/schema.org\",\"@graph\":[{\"@type\":\"WebPage\",\"@id\":\"https:\\\/\\\/haraszthy.hu\\\/en\\\/product\\\/tantara-ingeborg-syrah-2\\\/\",\"url\":\"https:\\\/\\\/haraszthy.hu\\\/en\\\/product\\\/tantara-ingeborg-syrah-2\\\/\",\"name\":\"Tantara Ingeborg Syrah - Haraszthy Pinc\u00e9szet\",\"isPartOf\":{\"@id\":\"https:\\\/\\\/haraszthy.hu\\\/en\\\/#website\"},\"primaryImageOfPage\":{\"@id\":\"https:\\\/\\\/haraszthy.hu\\\/en\\\/product\\\/tantara-ingeborg-syrah-2\\\/#primaryimage\"},\"image\":{\"@id\":\"https:\\\/\\\/haraszthy.hu\\\/en\\\/product\\\/tantara-ingeborg-syrah-2\\\/#primaryimage\"},\"thumbnailUrl\":\"https:\\\/\\\/haraszthy.hu\\\/wp-content\\\/uploads\\\/2023\\\/08\\\/SZ2_0899.png\",\"datePublished\":\"2023-08-08T16:11:06+00:00\",\"dateModified\":\"2023-12-19T10:53:55+00:00\",\"breadcrumb\":{\"@id\":\"https:\\\/\\\/haraszthy.hu\\\/en\\\/product\\\/tantara-ingeborg-syrah-2\\\/#breadcrumb\"},\"inLanguage\":\"en-US\",\"potentialAction\":[{\"@type\":\"ReadAction\",\"target\":[\"https:\\\/\\\/haraszthy.hu\\\/en\\\/product\\\/tantara-ingeborg-syrah-2\\\/\"]}]},{\"@type\":\"ImageObject\",\"inLanguage\":\"en-US\",\"@id\":\"https:\\\/\\\/haraszthy.hu\\\/en\\\/product\\\/tantara-ingeborg-syrah-2\\\/#primaryimage\",\"url\":\"https:\\\/\\\/haraszthy.hu\\\/wp-content\\\/uploads\\\/2023\\\/08\\\/SZ2_0899.png\",\"contentUrl\":\"https:\\\/\\\/haraszthy.hu\\\/wp-content\\\/uploads\\\/2023\\\/08\\\/SZ2_0899.png\",\"width\":3000,\"height\":7000},{\"@type\":\"BreadcrumbList\",\"@id\":\"https:\\\/\\\/haraszthy.hu\\\/en\\\/product\\\/tantara-ingeborg-syrah-2\\\/#breadcrumb\",\"itemListElement\":[{\"@type\":\"ListItem\",\"position\":1,\"name\":\"Kezd\u0151lap\",\"item\":\"https:\\\/\\\/haraszthy.hu\\\/en\\\/home-2\\\/\"},{\"@type\":\"ListItem\",\"position\":2,\"name\":\"SHOP\",\"item\":\"https:\\\/\\\/haraszthy.hu\\\/en\\\/shop\\\/\"},{\"@type\":\"ListItem\",\"position\":3,\"name\":\"Tantara Ingeborg Syrah\"}]},{\"@type\":\"WebSite\",\"@id\":\"https:\\\/\\\/haraszthy.hu\\\/en\\\/#website\",\"url\":\"https:\\\/\\\/haraszthy.hu\\\/en\\\/\",\"name\":\"Haraszthy Pinc\u00e9szet - Magyarorsz\u00e1g Legszebb Sz\u0151l\u0151birtoka 2025\",\"description\":\"Bor\u00e1szat.\u00c9tterem.Kikapcsol\u00f3d\u00e1s.Etyek.\",\"potentialAction\":[{\"@type\":\"SearchAction\",\"target\":{\"@type\":\"EntryPoint\",\"urlTemplate\":\"https:\\\/\\\/haraszthy.hu\\\/en\\\/?s={search_term_string}\"},\"query-input\":{\"@type\":\"PropertyValueSpecification\",\"valueRequired\":true,\"valueName\":\"search_term_string\"}}],\"inLanguage\":\"en-US\"}]}<\/script>\n<!-- \/ Yoast SEO plugin. -->","yoast_head_json":{"title":"Tantara Ingeborg Syrah - Haraszthy Pinc\u00e9szet","robots":{"index":"index","follow":"follow","max-snippet":"max-snippet:-1","max-image-preview":"max-image-preview:large","max-video-preview":"max-video-preview:-1"},"canonical":"https:\/\/haraszthy.hu\/en\/product\/tantara-ingeborg-syrah-2\/","og_locale":"en_US","og_type":"article","og_title":"Tantara Ingeborg Syrah - Haraszthy Pinc\u00e9szet","og_description":"The winery's only syrah, the latest vintage of which is now being released, has less in common with New World and Australian Shiraz, its hot Rhone Valley-style Americanness suggesting more French inspiration. The grapes come from the flat Ingeborg vineyard, in the eastern, hotter climate part of the Santa Ynez AVA, closer to the Happy Canyon AVA. A 100% syrah wine from a sandy-clay subsoil overlain by river gravel, using a clone of the variety called \"Estrella\" at 1.5 kg\/capital. Harvest in early September. Hand-picked, hand-picked and cold-soaked. 80% aged in French oak barrels for one year, 20% in Hungarian oak barrels for 28 months. Bottled without filtration. The nose is blackberry, roasted chestnut, pine resin, smoked meat, and the taste is equally complex: the blackberry uranium is followed by liquorice, chocolate, saltiness and tobacco. 2600 bottles were produced.","og_url":"https:\/\/haraszthy.hu\/en\/product\/tantara-ingeborg-syrah-2\/","og_site_name":"Haraszthy Pinc\u00e9szet","article_modified_time":"2023-12-19T10:53:55+00:00","og_image":[{"width":439,"height":1024,"url":"https:\/\/haraszthy.hu\/wp-content\/uploads\/2023\/08\/SZ2_0899-439x1024.png","type":"image\/png"}],"twitter_card":"summary_large_image","schema":{"@context":"https:\/\/schema.org","@graph":[{"@type":"WebPage","@id":"https:\/\/haraszthy.hu\/en\/product\/tantara-ingeborg-syrah-2\/","url":"https:\/\/haraszthy.hu\/en\/product\/tantara-ingeborg-syrah-2\/","name":"Tantara Ingeborg Syrah - Haraszthy Pinc\u00e9szet","isPartOf":{"@id":"https:\/\/haraszthy.hu\/en\/#website"},"primaryImageOfPage":{"@id":"https:\/\/haraszthy.hu\/en\/product\/tantara-ingeborg-syrah-2\/#primaryimage"},"image":{"@id":"https:\/\/haraszthy.hu\/en\/product\/tantara-ingeborg-syrah-2\/#primaryimage"},"thumbnailUrl":"https:\/\/haraszthy.hu\/wp-content\/uploads\/2023\/08\/SZ2_0899.png","datePublished":"2023-08-08T16:11:06+00:00","dateModified":"2023-12-19T10:53:55+00:00","breadcrumb":{"@id":"https:\/\/haraszthy.hu\/en\/product\/tantara-ingeborg-syrah-2\/#breadcrumb"},"inLanguage":"en-US","potentialAction":[{"@type":"ReadAction","target":["https:\/\/haraszthy.hu\/en\/product\/tantara-ingeborg-syrah-2\/"]}]},{"@type":"ImageObject","inLanguage":"en-US","@id":"https:\/\/haraszthy.hu\/en\/product\/tantara-ingeborg-syrah-2\/#primaryimage","url":"https:\/\/haraszthy.hu\/wp-content\/uploads\/2023\/08\/SZ2_0899.png","contentUrl":"https:\/\/haraszthy.hu\/wp-content\/uploads\/2023\/08\/SZ2_0899.png","width":3000,"height":7000},{"@type":"BreadcrumbList","@id":"https:\/\/haraszthy.hu\/en\/product\/tantara-ingeborg-syrah-2\/#breadcrumb","itemListElement":[{"@type":"ListItem","position":1,"name":"Kezd\u0151lap","item":"https:\/\/haraszthy.hu\/en\/home-2\/"},{"@type":"ListItem","position":2,"name":"SHOP","item":"https:\/\/haraszthy.hu\/en\/shop\/"},{"@type":"ListItem","position":3,"name":"Tantara Ingeborg Syrah"}]},{"@type":"WebSite","@id":"https:\/\/haraszthy.hu\/en\/#website","url":"https:\/\/haraszthy.hu\/en\/","name":"Haraszthy Pinc\u00e9szet - Magyarorsz\u00e1g Legszebb Sz\u0151l\u0151birtoka 2025","description":"Bor\u00e1szat.\u00c9tterem.Kikapcsol\u00f3d\u00e1s.Etyek.","potentialAction":[{"@type":"SearchAction","target":{"@type":"EntryPoint","urlTemplate":"https:\/\/haraszthy.hu\/en\/?s={search_term_string}"},"query-input":{"@type":"PropertyValueSpecification","valueRequired":true,"valueName":"search_term_string"}}],"inLanguage":"en-US"}]}},"_links":{"self":[{"href":"https:\/\/haraszthy.hu\/en\/wp-json\/wp\/v2\/product\/6838","targetHints":{"allow":["GET"]}}],"collection":[{"href":"https:\/\/haraszthy.hu\/en\/wp-json\/wp\/v2\/product"}],"about":[{"href":"https:\/\/haraszthy.hu\/en\/wp-json\/wp\/v2\/types\/product"}],"replies":[{"embeddable":true,"href":"https:\/\/haraszthy.hu\/en\/wp-json\/wp\/v2\/comments?post=6838"}],"wp:featuredmedia":[{"embeddable":true,"href":"https:\/\/haraszthy.hu\/en\/wp-json\/wp\/v2\/media\/6449"}],"wp:attachment":[{"href":"https:\/\/haraszthy.hu\/en\/wp-json\/wp\/v2\/media?parent=6838"}],"wp:term":[{"taxonomy":"product_brand","embeddable":true,"href":"https:\/\/haraszthy.hu\/en\/wp-json\/wp\/v2\/product_brand?post=6838"},{"taxonomy":"product_cat","embeddable":true,"href":"https:\/\/haraszthy.hu\/en\/wp-json\/wp\/v2\/product_cat?post=6838"},{"taxonomy":"product_tag","embeddable":true,"href":"https:\/\/haraszthy.hu\/en\/wp-json\/wp\/v2\/product_tag?post=6838"}],"curies":[{"name":"wp","href":"https:\/\/api.w.org\/{rel}","templated":true}]}}