{"id":6833,"date":"2022-11-03T17:04:23","date_gmt":"2022-11-03T16:04:23","guid":{"rendered":"https:\/\/haraszthy.hu\/termek\/gift-voucher\/"},"modified":"2024-03-19T18:36:48","modified_gmt":"2024-03-19T17:36:48","slug":"ajandekutalvany-masolat-2","status":"publish","type":"product","link":"https:\/\/haraszthy.hu\/en\/product\/ajandekutalvany-masolat-2\/","title":{"rendered":"Gift voucher"},"content":{"rendered":"","protected":false},"excerpt":{"rendered":"<p>Our gift card can be used:<\/p>\n","protected":false},"featured_media":6985,"comment_status":"closed","ping_status":"closed","template":"","meta":{"_acf_changed":false},"product_brand":[],"product_cat":[325],"product_tag":[],"class_list":{"0":"post-6833","1":"product","2":"type-product","3":"status-publish","4":"has-post-thumbnail","6":"product_cat-gift-voucher","8":"first","9":"instock","10":"featured","11":"purchasable","12":"product-type-simple"},"acf":[],"yoast_head":"<!-- This site is optimized with the Yoast SEO plugin v27.3 - https:\/\/yoast.com\/product\/yoast-seo-wordpress\/ -->\n<title>Gift voucher - Haraszthy Pinc\u00e9szet<\/title>\n<meta name=\"robots\" content=\"index, follow, max-snippet:-1, max-image-preview:large, max-video-preview:-1\" \/>\n<link rel=\"canonical\" href=\"https:\/\/haraszthy.hu\/en\/product\/ajandekutalvany-masolat-2\/\" \/>\n<meta property=\"og:locale\" content=\"en_US\" \/>\n<meta property=\"og:type\" content=\"article\" \/>\n<meta property=\"og:title\" content=\"Gift voucher - Haraszthy Pinc\u00e9szet\" \/>\n<meta property=\"og:description\" content=\"Our gift card can be used:\" \/>\n<meta property=\"og:url\" content=\"https:\/\/haraszthy.hu\/en\/product\/ajandekutalvany-masolat-2\/\" \/>\n<meta property=\"og:site_name\" content=\"Haraszthy Pinc\u00e9szet\" \/>\n<meta property=\"article:modified_time\" content=\"2024-03-19T17:36:48+00:00\" \/>\n<meta property=\"og:image\" content=\"https:\/\/haraszthy.hu\/wp-content\/uploads\/2022\/11\/gift-card2.jpg\" \/>\n\t<meta property=\"og:image:width\" content=\"281\" \/>\n\t<meta property=\"og:image:height\" content=\"397\" \/>\n\t<meta property=\"og:image:type\" content=\"image\/jpeg\" \/>\n<meta name=\"twitter:card\" content=\"summary_large_image\" \/>\n<script type=\"application\/ld+json\" class=\"yoast-schema-graph\">{\"@context\":\"https:\\\/\\\/schema.org\",\"@graph\":[{\"@type\":\"WebPage\",\"@id\":\"https:\\\/\\\/haraszthy.hu\\\/en\\\/product\\\/ajandekutalvany-masolat-2\\\/\",\"url\":\"https:\\\/\\\/haraszthy.hu\\\/en\\\/product\\\/ajandekutalvany-masolat-2\\\/\",\"name\":\"Gift voucher - Haraszthy Pinc\u00e9szet\",\"isPartOf\":{\"@id\":\"https:\\\/\\\/haraszthy.hu\\\/en\\\/#website\"},\"primaryImageOfPage\":{\"@id\":\"https:\\\/\\\/haraszthy.hu\\\/en\\\/product\\\/ajandekutalvany-masolat-2\\\/#primaryimage\"},\"image\":{\"@id\":\"https:\\\/\\\/haraszthy.hu\\\/en\\\/product\\\/ajandekutalvany-masolat-2\\\/#primaryimage\"},\"thumbnailUrl\":\"https:\\\/\\\/haraszthy.hu\\\/wp-content\\\/uploads\\\/2022\\\/11\\\/gift-card2.jpg\",\"datePublished\":\"2022-11-03T16:04:23+00:00\",\"dateModified\":\"2024-03-19T17:36:48+00:00\",\"breadcrumb\":{\"@id\":\"https:\\\/\\\/haraszthy.hu\\\/en\\\/product\\\/ajandekutalvany-masolat-2\\\/#breadcrumb\"},\"inLanguage\":\"en-US\",\"potentialAction\":[{\"@type\":\"ReadAction\",\"target\":[\"https:\\\/\\\/haraszthy.hu\\\/en\\\/product\\\/ajandekutalvany-masolat-2\\\/\"]}]},{\"@type\":\"ImageObject\",\"inLanguage\":\"en-US\",\"@id\":\"https:\\\/\\\/haraszthy.hu\\\/en\\\/product\\\/ajandekutalvany-masolat-2\\\/#primaryimage\",\"url\":\"https:\\\/\\\/haraszthy.hu\\\/wp-content\\\/uploads\\\/2022\\\/11\\\/gift-card2.jpg\",\"contentUrl\":\"https:\\\/\\\/haraszthy.hu\\\/wp-content\\\/uploads\\\/2022\\\/11\\\/gift-card2.jpg\",\"width\":281,\"height\":397},{\"@type\":\"BreadcrumbList\",\"@id\":\"https:\\\/\\\/haraszthy.hu\\\/en\\\/product\\\/ajandekutalvany-masolat-2\\\/#breadcrumb\",\"itemListElement\":[{\"@type\":\"ListItem\",\"position\":1,\"name\":\"Kezd\u0151lap\",\"item\":\"https:\\\/\\\/haraszthy.hu\\\/en\\\/home-2\\\/\"},{\"@type\":\"ListItem\",\"position\":2,\"name\":\"SHOP\",\"item\":\"https:\\\/\\\/haraszthy.hu\\\/en\\\/shop\\\/\"},{\"@type\":\"ListItem\",\"position\":3,\"name\":\"Gift voucher\"}]},{\"@type\":\"WebSite\",\"@id\":\"https:\\\/\\\/haraszthy.hu\\\/en\\\/#website\",\"url\":\"https:\\\/\\\/haraszthy.hu\\\/en\\\/\",\"name\":\"Haraszthy Pinc\u00e9szet - Magyarorsz\u00e1g Legszebb Sz\u0151l\u0151birtoka 2025\",\"description\":\"Bor\u00e1szat.\u00c9tterem.Kikapcsol\u00f3d\u00e1s.Etyek.\",\"potentialAction\":[{\"@type\":\"SearchAction\",\"target\":{\"@type\":\"EntryPoint\",\"urlTemplate\":\"https:\\\/\\\/haraszthy.hu\\\/en\\\/?s={search_term_string}\"},\"query-input\":{\"@type\":\"PropertyValueSpecification\",\"valueRequired\":true,\"valueName\":\"search_term_string\"}}],\"inLanguage\":\"en-US\"}]}<\/script>\n<!-- \/ Yoast SEO plugin. -->","yoast_head_json":{"title":"Gift voucher - Haraszthy Pinc\u00e9szet","robots":{"index":"index","follow":"follow","max-snippet":"max-snippet:-1","max-image-preview":"max-image-preview:large","max-video-preview":"max-video-preview:-1"},"canonical":"https:\/\/haraszthy.hu\/en\/product\/ajandekutalvany-masolat-2\/","og_locale":"en_US","og_type":"article","og_title":"Gift voucher - Haraszthy Pinc\u00e9szet","og_description":"Our gift card can be used:","og_url":"https:\/\/haraszthy.hu\/en\/product\/ajandekutalvany-masolat-2\/","og_site_name":"Haraszthy Pinc\u00e9szet","article_modified_time":"2024-03-19T17:36:48+00:00","og_image":[{"width":281,"height":397,"url":"https:\/\/haraszthy.hu\/wp-content\/uploads\/2022\/11\/gift-card2.jpg","type":"image\/jpeg"}],"twitter_card":"summary_large_image","schema":{"@context":"https:\/\/schema.org","@graph":[{"@type":"WebPage","@id":"https:\/\/haraszthy.hu\/en\/product\/ajandekutalvany-masolat-2\/","url":"https:\/\/haraszthy.hu\/en\/product\/ajandekutalvany-masolat-2\/","name":"Gift voucher - Haraszthy Pinc\u00e9szet","isPartOf":{"@id":"https:\/\/haraszthy.hu\/en\/#website"},"primaryImageOfPage":{"@id":"https:\/\/haraszthy.hu\/en\/product\/ajandekutalvany-masolat-2\/#primaryimage"},"image":{"@id":"https:\/\/haraszthy.hu\/en\/product\/ajandekutalvany-masolat-2\/#primaryimage"},"thumbnailUrl":"https:\/\/haraszthy.hu\/wp-content\/uploads\/2022\/11\/gift-card2.jpg","datePublished":"2022-11-03T16:04:23+00:00","dateModified":"2024-03-19T17:36:48+00:00","breadcrumb":{"@id":"https:\/\/haraszthy.hu\/en\/product\/ajandekutalvany-masolat-2\/#breadcrumb"},"inLanguage":"en-US","potentialAction":[{"@type":"ReadAction","target":["https:\/\/haraszthy.hu\/en\/product\/ajandekutalvany-masolat-2\/"]}]},{"@type":"ImageObject","inLanguage":"en-US","@id":"https:\/\/haraszthy.hu\/en\/product\/ajandekutalvany-masolat-2\/#primaryimage","url":"https:\/\/haraszthy.hu\/wp-content\/uploads\/2022\/11\/gift-card2.jpg","contentUrl":"https:\/\/haraszthy.hu\/wp-content\/uploads\/2022\/11\/gift-card2.jpg","width":281,"height":397},{"@type":"BreadcrumbList","@id":"https:\/\/haraszthy.hu\/en\/product\/ajandekutalvany-masolat-2\/#breadcrumb","itemListElement":[{"@type":"ListItem","position":1,"name":"Kezd\u0151lap","item":"https:\/\/haraszthy.hu\/en\/home-2\/"},{"@type":"ListItem","position":2,"name":"SHOP","item":"https:\/\/haraszthy.hu\/en\/shop\/"},{"@type":"ListItem","position":3,"name":"Gift voucher"}]},{"@type":"WebSite","@id":"https:\/\/haraszthy.hu\/en\/#website","url":"https:\/\/haraszthy.hu\/en\/","name":"Haraszthy Pinc\u00e9szet - Magyarorsz\u00e1g Legszebb Sz\u0151l\u0151birtoka 2025","description":"Bor\u00e1szat.\u00c9tterem.Kikapcsol\u00f3d\u00e1s.Etyek.","potentialAction":[{"@type":"SearchAction","target":{"@type":"EntryPoint","urlTemplate":"https:\/\/haraszthy.hu\/en\/?s={search_term_string}"},"query-input":{"@type":"PropertyValueSpecification","valueRequired":true,"valueName":"search_term_string"}}],"inLanguage":"en-US"}]}},"_links":{"self":[{"href":"https:\/\/haraszthy.hu\/en\/wp-json\/wp\/v2\/product\/6833","targetHints":{"allow":["GET"]}}],"collection":[{"href":"https:\/\/haraszthy.hu\/en\/wp-json\/wp\/v2\/product"}],"about":[{"href":"https:\/\/haraszthy.hu\/en\/wp-json\/wp\/v2\/types\/product"}],"replies":[{"embeddable":true,"href":"https:\/\/haraszthy.hu\/en\/wp-json\/wp\/v2\/comments?post=6833"}],"wp:featuredmedia":[{"embeddable":true,"href":"https:\/\/haraszthy.hu\/en\/wp-json\/wp\/v2\/media\/6985"}],"wp:attachment":[{"href":"https:\/\/haraszthy.hu\/en\/wp-json\/wp\/v2\/media?parent=6833"}],"wp:term":[{"taxonomy":"product_brand","embeddable":true,"href":"https:\/\/haraszthy.hu\/en\/wp-json\/wp\/v2\/product_brand?post=6833"},{"taxonomy":"product_cat","embeddable":true,"href":"https:\/\/haraszthy.hu\/en\/wp-json\/wp\/v2\/product_cat?post=6833"},{"taxonomy":"product_tag","embeddable":true,"href":"https:\/\/haraszthy.hu\/en\/wp-json\/wp\/v2\/product_tag?post=6833"}],"curies":[{"name":"wp","href":"https:\/\/api.w.org\/{rel}","templated":true}]}}