{"id":6813,"date":"2023-03-22T17:52:31","date_gmt":"2023-03-22T16:52:31","guid":{"rendered":"https:\/\/haraszthy.hu\/termek\/pinot-noir-clone-selection-667\/"},"modified":"2024-02-05T13:53:20","modified_gmt":"2024-02-05T12:53:20","slug":"pinot-noir-clone-selection-667","status":"publish","type":"product","link":"https:\/\/haraszthy.hu\/en\/product\/pinot-noir-clone-selection-667\/","title":{"rendered":"Pinot Noir Clone Selection 667"},"content":{"rendered":"","protected":false},"excerpt":{"rendered":"<p>In the glass, it shows a clear, soft brick-red hue, with burgundy reflexes that appear in some spots. The fragrance brings out violet, floral notes, complemented by a touch of perfumery. Thanks to the 1-year-old ageing in Hungarian barrels, we can also feel minimally woody, aged, roasted aromas in its taste. The aromas of burnt sugar, liqueur come out here too, sneaking itself into the hearts of pinot noir lovers.<\/p>\n","protected":false},"featured_media":7323,"comment_status":"closed","ping_status":"closed","template":"","meta":{"_acf_changed":false},"product_brand":[],"product_cat":[314],"product_tag":[],"class_list":{"0":"post-6813","1":"product","2":"type-product","3":"status-publish","4":"has-post-thumbnail","6":"product_cat-red","8":"first","9":"instock","10":"taxable","11":"shipping-taxable","12":"purchasable","13":"product-type-variable"},"acf":[],"yoast_head":"<!-- This site is optimized with the Yoast SEO plugin v27.4 - https:\/\/yoast.com\/product\/yoast-seo-wordpress\/ -->\n<title>Pinot Noir Clone Selection 667 - Haraszthy Pinc\u00e9szet<\/title>\n<meta name=\"robots\" content=\"index, follow, max-snippet:-1, max-image-preview:large, max-video-preview:-1\" \/>\n<link rel=\"canonical\" href=\"https:\/\/haraszthy.hu\/en\/product\/pinot-noir-clone-selection-667\/\" \/>\n<meta property=\"og:locale\" content=\"en_US\" \/>\n<meta property=\"og:type\" content=\"article\" \/>\n<meta property=\"og:title\" content=\"Pinot Noir Clone Selection 667 - Haraszthy Pinc\u00e9szet\" \/>\n<meta property=\"og:description\" content=\"In the glass, it shows a clear, soft brick-red hue, with burgundy reflexes that appear in some spots. The fragrance brings out violet, floral notes, complemented by a touch of perfumery. Thanks to the 1-year-old ageing in Hungarian barrels, we can also feel minimally woody, aged, roasted aromas in its taste. The aromas of burnt sugar, liqueur come out here too, sneaking itself into the hearts of pinot noir lovers.\" \/>\n<meta property=\"og:url\" content=\"https:\/\/haraszthy.hu\/en\/product\/pinot-noir-clone-selection-667\/\" \/>\n<meta property=\"og:site_name\" content=\"Haraszthy Pinc\u00e9szet\" \/>\n<meta property=\"article:modified_time\" content=\"2024-02-05T12:53:20+00:00\" \/>\n<meta property=\"og:image\" content=\"https:\/\/haraszthy.hu\/wp-content\/uploads\/2023\/03\/SLY_0693-scaled.jpg\" \/>\n\t<meta property=\"og:image:width\" content=\"1365\" \/>\n\t<meta property=\"og:image:height\" content=\"2560\" \/>\n\t<meta property=\"og:image:type\" content=\"image\/jpeg\" \/>\n<meta name=\"twitter:card\" content=\"summary_large_image\" \/>\n<script type=\"application\/ld+json\" class=\"yoast-schema-graph\">{\"@context\":\"https:\\\/\\\/schema.org\",\"@graph\":[{\"@type\":\"WebPage\",\"@id\":\"https:\\\/\\\/haraszthy.hu\\\/en\\\/product\\\/pinot-noir-clone-selection-667\\\/\",\"url\":\"https:\\\/\\\/haraszthy.hu\\\/en\\\/product\\\/pinot-noir-clone-selection-667\\\/\",\"name\":\"Pinot Noir Clone Selection 667 - Haraszthy Pinc\u00e9szet\",\"isPartOf\":{\"@id\":\"https:\\\/\\\/haraszthy.hu\\\/en\\\/#website\"},\"primaryImageOfPage\":{\"@id\":\"https:\\\/\\\/haraszthy.hu\\\/en\\\/product\\\/pinot-noir-clone-selection-667\\\/#primaryimage\"},\"image\":{\"@id\":\"https:\\\/\\\/haraszthy.hu\\\/en\\\/product\\\/pinot-noir-clone-selection-667\\\/#primaryimage\"},\"thumbnailUrl\":\"https:\\\/\\\/haraszthy.hu\\\/wp-content\\\/uploads\\\/2023\\\/03\\\/SLY_0693-scaled.jpg\",\"datePublished\":\"2023-03-22T16:52:31+00:00\",\"dateModified\":\"2024-02-05T12:53:20+00:00\",\"breadcrumb\":{\"@id\":\"https:\\\/\\\/haraszthy.hu\\\/en\\\/product\\\/pinot-noir-clone-selection-667\\\/#breadcrumb\"},\"inLanguage\":\"en-US\",\"potentialAction\":[{\"@type\":\"ReadAction\",\"target\":[\"https:\\\/\\\/haraszthy.hu\\\/en\\\/product\\\/pinot-noir-clone-selection-667\\\/\"]}]},{\"@type\":\"ImageObject\",\"inLanguage\":\"en-US\",\"@id\":\"https:\\\/\\\/haraszthy.hu\\\/en\\\/product\\\/pinot-noir-clone-selection-667\\\/#primaryimage\",\"url\":\"https:\\\/\\\/haraszthy.hu\\\/wp-content\\\/uploads\\\/2023\\\/03\\\/SLY_0693-scaled.jpg\",\"contentUrl\":\"https:\\\/\\\/haraszthy.hu\\\/wp-content\\\/uploads\\\/2023\\\/03\\\/SLY_0693-scaled.jpg\",\"width\":1365,\"height\":2560},{\"@type\":\"BreadcrumbList\",\"@id\":\"https:\\\/\\\/haraszthy.hu\\\/en\\\/product\\\/pinot-noir-clone-selection-667\\\/#breadcrumb\",\"itemListElement\":[{\"@type\":\"ListItem\",\"position\":1,\"name\":\"Kezd\u0151lap\",\"item\":\"https:\\\/\\\/haraszthy.hu\\\/en\\\/home-2\\\/\"},{\"@type\":\"ListItem\",\"position\":2,\"name\":\"SHOP\",\"item\":\"https:\\\/\\\/haraszthy.hu\\\/en\\\/shop\\\/\"},{\"@type\":\"ListItem\",\"position\":3,\"name\":\"Pinot Noir Clone Selection 667\"}]},{\"@type\":\"WebSite\",\"@id\":\"https:\\\/\\\/haraszthy.hu\\\/en\\\/#website\",\"url\":\"https:\\\/\\\/haraszthy.hu\\\/en\\\/\",\"name\":\"Haraszthy Pinc\u00e9szet - Magyarorsz\u00e1g Legszebb Sz\u0151l\u0151birtoka 2025\",\"description\":\"Bor\u00e1szat.\u00c9tterem.Kikapcsol\u00f3d\u00e1s.Etyek.\",\"potentialAction\":[{\"@type\":\"SearchAction\",\"target\":{\"@type\":\"EntryPoint\",\"urlTemplate\":\"https:\\\/\\\/haraszthy.hu\\\/en\\\/?s={search_term_string}\"},\"query-input\":{\"@type\":\"PropertyValueSpecification\",\"valueRequired\":true,\"valueName\":\"search_term_string\"}}],\"inLanguage\":\"en-US\"}]}<\/script>\n<!-- \/ Yoast SEO plugin. -->","yoast_head_json":{"title":"Pinot Noir Clone Selection 667 - Haraszthy Pinc\u00e9szet","robots":{"index":"index","follow":"follow","max-snippet":"max-snippet:-1","max-image-preview":"max-image-preview:large","max-video-preview":"max-video-preview:-1"},"canonical":"https:\/\/haraszthy.hu\/en\/product\/pinot-noir-clone-selection-667\/","og_locale":"en_US","og_type":"article","og_title":"Pinot Noir Clone Selection 667 - Haraszthy Pinc\u00e9szet","og_description":"In the glass, it shows a clear, soft brick-red hue, with burgundy reflexes that appear in some spots. The fragrance brings out violet, floral notes, complemented by a touch of perfumery. Thanks to the 1-year-old ageing in Hungarian barrels, we can also feel minimally woody, aged, roasted aromas in its taste. The aromas of burnt sugar, liqueur come out here too, sneaking itself into the hearts of pinot noir lovers.","og_url":"https:\/\/haraszthy.hu\/en\/product\/pinot-noir-clone-selection-667\/","og_site_name":"Haraszthy Pinc\u00e9szet","article_modified_time":"2024-02-05T12:53:20+00:00","og_image":[{"width":1365,"height":2560,"url":"https:\/\/haraszthy.hu\/wp-content\/uploads\/2023\/03\/SLY_0693-scaled.jpg","type":"image\/jpeg"}],"twitter_card":"summary_large_image","schema":{"@context":"https:\/\/schema.org","@graph":[{"@type":"WebPage","@id":"https:\/\/haraszthy.hu\/en\/product\/pinot-noir-clone-selection-667\/","url":"https:\/\/haraszthy.hu\/en\/product\/pinot-noir-clone-selection-667\/","name":"Pinot Noir Clone Selection 667 - Haraszthy Pinc\u00e9szet","isPartOf":{"@id":"https:\/\/haraszthy.hu\/en\/#website"},"primaryImageOfPage":{"@id":"https:\/\/haraszthy.hu\/en\/product\/pinot-noir-clone-selection-667\/#primaryimage"},"image":{"@id":"https:\/\/haraszthy.hu\/en\/product\/pinot-noir-clone-selection-667\/#primaryimage"},"thumbnailUrl":"https:\/\/haraszthy.hu\/wp-content\/uploads\/2023\/03\/SLY_0693-scaled.jpg","datePublished":"2023-03-22T16:52:31+00:00","dateModified":"2024-02-05T12:53:20+00:00","breadcrumb":{"@id":"https:\/\/haraszthy.hu\/en\/product\/pinot-noir-clone-selection-667\/#breadcrumb"},"inLanguage":"en-US","potentialAction":[{"@type":"ReadAction","target":["https:\/\/haraszthy.hu\/en\/product\/pinot-noir-clone-selection-667\/"]}]},{"@type":"ImageObject","inLanguage":"en-US","@id":"https:\/\/haraszthy.hu\/en\/product\/pinot-noir-clone-selection-667\/#primaryimage","url":"https:\/\/haraszthy.hu\/wp-content\/uploads\/2023\/03\/SLY_0693-scaled.jpg","contentUrl":"https:\/\/haraszthy.hu\/wp-content\/uploads\/2023\/03\/SLY_0693-scaled.jpg","width":1365,"height":2560},{"@type":"BreadcrumbList","@id":"https:\/\/haraszthy.hu\/en\/product\/pinot-noir-clone-selection-667\/#breadcrumb","itemListElement":[{"@type":"ListItem","position":1,"name":"Kezd\u0151lap","item":"https:\/\/haraszthy.hu\/en\/home-2\/"},{"@type":"ListItem","position":2,"name":"SHOP","item":"https:\/\/haraszthy.hu\/en\/shop\/"},{"@type":"ListItem","position":3,"name":"Pinot Noir Clone Selection 667"}]},{"@type":"WebSite","@id":"https:\/\/haraszthy.hu\/en\/#website","url":"https:\/\/haraszthy.hu\/en\/","name":"Haraszthy Pinc\u00e9szet - Magyarorsz\u00e1g Legszebb Sz\u0151l\u0151birtoka 2025","description":"Bor\u00e1szat.\u00c9tterem.Kikapcsol\u00f3d\u00e1s.Etyek.","potentialAction":[{"@type":"SearchAction","target":{"@type":"EntryPoint","urlTemplate":"https:\/\/haraszthy.hu\/en\/?s={search_term_string}"},"query-input":{"@type":"PropertyValueSpecification","valueRequired":true,"valueName":"search_term_string"}}],"inLanguage":"en-US"}]}},"_links":{"self":[{"href":"https:\/\/haraszthy.hu\/en\/wp-json\/wp\/v2\/product\/6813","targetHints":{"allow":["GET"]}}],"collection":[{"href":"https:\/\/haraszthy.hu\/en\/wp-json\/wp\/v2\/product"}],"about":[{"href":"https:\/\/haraszthy.hu\/en\/wp-json\/wp\/v2\/types\/product"}],"replies":[{"embeddable":true,"href":"https:\/\/haraszthy.hu\/en\/wp-json\/wp\/v2\/comments?post=6813"}],"wp:featuredmedia":[{"embeddable":true,"href":"https:\/\/haraszthy.hu\/en\/wp-json\/wp\/v2\/media\/7323"}],"wp:attachment":[{"href":"https:\/\/haraszthy.hu\/en\/wp-json\/wp\/v2\/media?parent=6813"}],"wp:term":[{"taxonomy":"product_brand","embeddable":true,"href":"https:\/\/haraszthy.hu\/en\/wp-json\/wp\/v2\/product_brand?post=6813"},{"taxonomy":"product_cat","embeddable":true,"href":"https:\/\/haraszthy.hu\/en\/wp-json\/wp\/v2\/product_cat?post=6813"},{"taxonomy":"product_tag","embeddable":true,"href":"https:\/\/haraszthy.hu\/en\/wp-json\/wp\/v2\/product_tag?post=6813"}],"curies":[{"name":"wp","href":"https:\/\/api.w.org\/{rel}","templated":true}]}}