{"id":6801,"date":"2023-08-08T17:05:51","date_gmt":"2023-08-08T16:05:51","guid":{"rendered":"https:\/\/haraszthy.hu\/termek\/tantara-mateo-cabernet-franc\/"},"modified":"2025-01-16T16:36:07","modified_gmt":"2025-01-16T15:36:07","slug":"tantara-mateo-cabernet-franc","status":"publish","type":"product","link":"https:\/\/haraszthy.hu\/en\/product\/tantara-mateo-cabernet-franc\/","title":{"rendered":"Tantara Mateo Cabernet Franc"},"content":{"rendered":"","protected":false},"excerpt":{"rendered":"<p>The lovely tannins of the variety blend elegantly into the wine and promise a long shelf life of over 10 years. Its outstanding quality is guaranteed by the fact that all the vineyard greenwork and harvesting in the Mateo vineyard, which covers only 6 hectares, is done entirely by hand. The wine was made from clone 5 of the grape, harvested in mid-September. Hand-picked and destemmed, it was fermented in unpeated barrels and aged for 28 months in 60% new American and French oak barrels. Blackberries, blackcurrant, dark chocolate, Dutch cocoa, pepper, violet, good acidity, restrained tannins, perfect balance. Great Wine.<\/p>\n","protected":false},"featured_media":7040,"comment_status":"closed","ping_status":"closed","template":"","meta":{"_acf_changed":false},"product_brand":[],"product_cat":[314],"product_tag":[],"class_list":{"0":"post-6801","1":"product","2":"type-product","3":"status-publish","4":"has-post-thumbnail","6":"product_cat-red","8":"first","9":"instock","10":"taxable","11":"shipping-taxable","12":"purchasable","13":"product-type-variable"},"acf":[],"yoast_head":"<!-- This site is optimized with the Yoast SEO plugin v27.3 - https:\/\/yoast.com\/product\/yoast-seo-wordpress\/ -->\n<title>Tantara Mateo Cabernet Franc - Haraszthy Pinc\u00e9szet<\/title>\n<meta name=\"robots\" content=\"index, follow, max-snippet:-1, max-image-preview:large, max-video-preview:-1\" \/>\n<link rel=\"canonical\" href=\"https:\/\/haraszthy.hu\/en\/product\/tantara-mateo-cabernet-franc\/\" \/>\n<meta property=\"og:locale\" content=\"en_US\" \/>\n<meta property=\"og:type\" content=\"article\" \/>\n<meta property=\"og:title\" content=\"Tantara Mateo Cabernet Franc - Haraszthy Pinc\u00e9szet\" \/>\n<meta property=\"og:description\" content=\"The lovely tannins of the variety blend elegantly into the wine and promise a long shelf life of over 10 years. Its outstanding quality is guaranteed by the fact that all the vineyard greenwork and harvesting in the Mateo vineyard, which covers only 6 hectares, is done entirely by hand. The wine was made from clone 5 of the grape, harvested in mid-September. Hand-picked and destemmed, it was fermented in unpeated barrels and aged for 28 months in 60% new American and French oak barrels. Blackberries, blackcurrant, dark chocolate, Dutch cocoa, pepper, violet, good acidity, restrained tannins, perfect balance. Great Wine.\" \/>\n<meta property=\"og:url\" content=\"https:\/\/haraszthy.hu\/en\/product\/tantara-mateo-cabernet-franc\/\" \/>\n<meta property=\"og:site_name\" content=\"Haraszthy Pinc\u00e9szet\" \/>\n<meta property=\"article:modified_time\" content=\"2025-01-16T15:36:07+00:00\" \/>\n<meta property=\"og:image\" content=\"https:\/\/haraszthy.hu\/wp-content\/uploads\/2023\/08\/tantara.png\" \/>\n\t<meta property=\"og:image:width\" content=\"780\" \/>\n\t<meta property=\"og:image:height\" content=\"870\" \/>\n\t<meta property=\"og:image:type\" content=\"image\/png\" \/>\n<meta name=\"twitter:card\" content=\"summary_large_image\" \/>\n<script type=\"application\/ld+json\" class=\"yoast-schema-graph\">{\"@context\":\"https:\\\/\\\/schema.org\",\"@graph\":[{\"@type\":\"WebPage\",\"@id\":\"https:\\\/\\\/haraszthy.hu\\\/en\\\/product\\\/tantara-mateo-cabernet-franc\\\/\",\"url\":\"https:\\\/\\\/haraszthy.hu\\\/en\\\/product\\\/tantara-mateo-cabernet-franc\\\/\",\"name\":\"Tantara Mateo Cabernet Franc - Haraszthy Pinc\u00e9szet\",\"isPartOf\":{\"@id\":\"https:\\\/\\\/haraszthy.hu\\\/en\\\/#website\"},\"primaryImageOfPage\":{\"@id\":\"https:\\\/\\\/haraszthy.hu\\\/en\\\/product\\\/tantara-mateo-cabernet-franc\\\/#primaryimage\"},\"image\":{\"@id\":\"https:\\\/\\\/haraszthy.hu\\\/en\\\/product\\\/tantara-mateo-cabernet-franc\\\/#primaryimage\"},\"thumbnailUrl\":\"https:\\\/\\\/haraszthy.hu\\\/wp-content\\\/uploads\\\/2023\\\/08\\\/tantara.png\",\"datePublished\":\"2023-08-08T16:05:51+00:00\",\"dateModified\":\"2025-01-16T15:36:07+00:00\",\"breadcrumb\":{\"@id\":\"https:\\\/\\\/haraszthy.hu\\\/en\\\/product\\\/tantara-mateo-cabernet-franc\\\/#breadcrumb\"},\"inLanguage\":\"en-US\",\"potentialAction\":[{\"@type\":\"ReadAction\",\"target\":[\"https:\\\/\\\/haraszthy.hu\\\/en\\\/product\\\/tantara-mateo-cabernet-franc\\\/\"]}]},{\"@type\":\"ImageObject\",\"inLanguage\":\"en-US\",\"@id\":\"https:\\\/\\\/haraszthy.hu\\\/en\\\/product\\\/tantara-mateo-cabernet-franc\\\/#primaryimage\",\"url\":\"https:\\\/\\\/haraszthy.hu\\\/wp-content\\\/uploads\\\/2023\\\/08\\\/tantara.png\",\"contentUrl\":\"https:\\\/\\\/haraszthy.hu\\\/wp-content\\\/uploads\\\/2023\\\/08\\\/tantara.png\",\"width\":780,\"height\":870},{\"@type\":\"BreadcrumbList\",\"@id\":\"https:\\\/\\\/haraszthy.hu\\\/en\\\/product\\\/tantara-mateo-cabernet-franc\\\/#breadcrumb\",\"itemListElement\":[{\"@type\":\"ListItem\",\"position\":1,\"name\":\"Kezd\u0151lap\",\"item\":\"https:\\\/\\\/haraszthy.hu\\\/en\\\/home-2\\\/\"},{\"@type\":\"ListItem\",\"position\":2,\"name\":\"SHOP\",\"item\":\"https:\\\/\\\/haraszthy.hu\\\/en\\\/shop\\\/\"},{\"@type\":\"ListItem\",\"position\":3,\"name\":\"Tantara Mateo Cabernet Franc\"}]},{\"@type\":\"WebSite\",\"@id\":\"https:\\\/\\\/haraszthy.hu\\\/en\\\/#website\",\"url\":\"https:\\\/\\\/haraszthy.hu\\\/en\\\/\",\"name\":\"Haraszthy Pinc\u00e9szet - Magyarorsz\u00e1g Legszebb Sz\u0151l\u0151birtoka 2025\",\"description\":\"Bor\u00e1szat.\u00c9tterem.Kikapcsol\u00f3d\u00e1s.Etyek.\",\"potentialAction\":[{\"@type\":\"SearchAction\",\"target\":{\"@type\":\"EntryPoint\",\"urlTemplate\":\"https:\\\/\\\/haraszthy.hu\\\/en\\\/?s={search_term_string}\"},\"query-input\":{\"@type\":\"PropertyValueSpecification\",\"valueRequired\":true,\"valueName\":\"search_term_string\"}}],\"inLanguage\":\"en-US\"}]}<\/script>\n<!-- \/ Yoast SEO plugin. -->","yoast_head_json":{"title":"Tantara Mateo Cabernet Franc - Haraszthy Pinc\u00e9szet","robots":{"index":"index","follow":"follow","max-snippet":"max-snippet:-1","max-image-preview":"max-image-preview:large","max-video-preview":"max-video-preview:-1"},"canonical":"https:\/\/haraszthy.hu\/en\/product\/tantara-mateo-cabernet-franc\/","og_locale":"en_US","og_type":"article","og_title":"Tantara Mateo Cabernet Franc - Haraszthy Pinc\u00e9szet","og_description":"The lovely tannins of the variety blend elegantly into the wine and promise a long shelf life of over 10 years. Its outstanding quality is guaranteed by the fact that all the vineyard greenwork and harvesting in the Mateo vineyard, which covers only 6 hectares, is done entirely by hand. The wine was made from clone 5 of the grape, harvested in mid-September. Hand-picked and destemmed, it was fermented in unpeated barrels and aged for 28 months in 60% new American and French oak barrels. Blackberries, blackcurrant, dark chocolate, Dutch cocoa, pepper, violet, good acidity, restrained tannins, perfect balance. Great Wine.","og_url":"https:\/\/haraszthy.hu\/en\/product\/tantara-mateo-cabernet-franc\/","og_site_name":"Haraszthy Pinc\u00e9szet","article_modified_time":"2025-01-16T15:36:07+00:00","og_image":[{"width":780,"height":870,"url":"https:\/\/haraszthy.hu\/wp-content\/uploads\/2023\/08\/tantara.png","type":"image\/png"}],"twitter_card":"summary_large_image","schema":{"@context":"https:\/\/schema.org","@graph":[{"@type":"WebPage","@id":"https:\/\/haraszthy.hu\/en\/product\/tantara-mateo-cabernet-franc\/","url":"https:\/\/haraszthy.hu\/en\/product\/tantara-mateo-cabernet-franc\/","name":"Tantara Mateo Cabernet Franc - Haraszthy Pinc\u00e9szet","isPartOf":{"@id":"https:\/\/haraszthy.hu\/en\/#website"},"primaryImageOfPage":{"@id":"https:\/\/haraszthy.hu\/en\/product\/tantara-mateo-cabernet-franc\/#primaryimage"},"image":{"@id":"https:\/\/haraszthy.hu\/en\/product\/tantara-mateo-cabernet-franc\/#primaryimage"},"thumbnailUrl":"https:\/\/haraszthy.hu\/wp-content\/uploads\/2023\/08\/tantara.png","datePublished":"2023-08-08T16:05:51+00:00","dateModified":"2025-01-16T15:36:07+00:00","breadcrumb":{"@id":"https:\/\/haraszthy.hu\/en\/product\/tantara-mateo-cabernet-franc\/#breadcrumb"},"inLanguage":"en-US","potentialAction":[{"@type":"ReadAction","target":["https:\/\/haraszthy.hu\/en\/product\/tantara-mateo-cabernet-franc\/"]}]},{"@type":"ImageObject","inLanguage":"en-US","@id":"https:\/\/haraszthy.hu\/en\/product\/tantara-mateo-cabernet-franc\/#primaryimage","url":"https:\/\/haraszthy.hu\/wp-content\/uploads\/2023\/08\/tantara.png","contentUrl":"https:\/\/haraszthy.hu\/wp-content\/uploads\/2023\/08\/tantara.png","width":780,"height":870},{"@type":"BreadcrumbList","@id":"https:\/\/haraszthy.hu\/en\/product\/tantara-mateo-cabernet-franc\/#breadcrumb","itemListElement":[{"@type":"ListItem","position":1,"name":"Kezd\u0151lap","item":"https:\/\/haraszthy.hu\/en\/home-2\/"},{"@type":"ListItem","position":2,"name":"SHOP","item":"https:\/\/haraszthy.hu\/en\/shop\/"},{"@type":"ListItem","position":3,"name":"Tantara Mateo Cabernet Franc"}]},{"@type":"WebSite","@id":"https:\/\/haraszthy.hu\/en\/#website","url":"https:\/\/haraszthy.hu\/en\/","name":"Haraszthy Pinc\u00e9szet - Magyarorsz\u00e1g Legszebb Sz\u0151l\u0151birtoka 2025","description":"Bor\u00e1szat.\u00c9tterem.Kikapcsol\u00f3d\u00e1s.Etyek.","potentialAction":[{"@type":"SearchAction","target":{"@type":"EntryPoint","urlTemplate":"https:\/\/haraszthy.hu\/en\/?s={search_term_string}"},"query-input":{"@type":"PropertyValueSpecification","valueRequired":true,"valueName":"search_term_string"}}],"inLanguage":"en-US"}]}},"_links":{"self":[{"href":"https:\/\/haraszthy.hu\/en\/wp-json\/wp\/v2\/product\/6801","targetHints":{"allow":["GET"]}}],"collection":[{"href":"https:\/\/haraszthy.hu\/en\/wp-json\/wp\/v2\/product"}],"about":[{"href":"https:\/\/haraszthy.hu\/en\/wp-json\/wp\/v2\/types\/product"}],"replies":[{"embeddable":true,"href":"https:\/\/haraszthy.hu\/en\/wp-json\/wp\/v2\/comments?post=6801"}],"wp:featuredmedia":[{"embeddable":true,"href":"https:\/\/haraszthy.hu\/en\/wp-json\/wp\/v2\/media\/7040"}],"wp:attachment":[{"href":"https:\/\/haraszthy.hu\/en\/wp-json\/wp\/v2\/media?parent=6801"}],"wp:term":[{"taxonomy":"product_brand","embeddable":true,"href":"https:\/\/haraszthy.hu\/en\/wp-json\/wp\/v2\/product_brand?post=6801"},{"taxonomy":"product_cat","embeddable":true,"href":"https:\/\/haraszthy.hu\/en\/wp-json\/wp\/v2\/product_cat?post=6801"},{"taxonomy":"product_tag","embeddable":true,"href":"https:\/\/haraszthy.hu\/en\/wp-json\/wp\/v2\/product_tag?post=6801"}],"curies":[{"name":"wp","href":"https:\/\/api.w.org\/{rel}","templated":true}]}}