{"id":6708,"date":"2022-03-27T20:19:40","date_gmt":"2022-03-27T20:19:40","guid":{"rendered":"https:\/\/haraszthy.hu\/termek\/oreghegy-cuvee\/"},"modified":"2024-12-10T11:13:27","modified_gmt":"2024-12-10T10:13:27","slug":"oreghegy-cuvee","status":"publish","type":"product","link":"https:\/\/haraszthy.hu\/en\/product\/oreghegy-cuvee\/","title":{"rendered":"\u00d6reghegy Cuv\u00e9e"},"content":{"rendered":"","protected":false},"excerpt":{"rendered":"<p>Our wine is made from our chardonnay, gray barley, royal alder and zenit grapes grown on the slopes of \u00d6reghegy. Every year we close the harvest with this area, so the aromas are based on dried peaches, raisins and nectar notes. A big-bodied, creamy wine with an intense finish.<\/p>\n","protected":false},"featured_media":6211,"comment_status":"closed","ping_status":"closed","template":"","meta":{"_acf_changed":false},"product_brand":[],"product_cat":[318],"product_tag":[],"class_list":{"0":"post-6708","1":"product","2":"type-product","3":"status-publish","4":"has-post-thumbnail","6":"product_cat-white","8":"first","9":"instock","10":"taxable","11":"shipping-taxable","12":"purchasable","13":"product-type-variable"},"acf":[],"yoast_head":"<!-- This site is optimized with the Yoast SEO plugin v27.4 - https:\/\/yoast.com\/product\/yoast-seo-wordpress\/ -->\n<title>\u00d6reghegy Cuv\u00e9e - Haraszthy Pinc\u00e9szet<\/title>\n<meta name=\"robots\" content=\"index, follow, max-snippet:-1, max-image-preview:large, max-video-preview:-1\" \/>\n<link rel=\"canonical\" href=\"https:\/\/haraszthy.hu\/en\/product\/oreghegy-cuvee\/\" \/>\n<meta property=\"og:locale\" content=\"en_US\" \/>\n<meta property=\"og:type\" content=\"article\" \/>\n<meta property=\"og:title\" content=\"\u00d6reghegy Cuv\u00e9e - Haraszthy Pinc\u00e9szet\" \/>\n<meta property=\"og:description\" content=\"Our wine is made from our chardonnay, gray barley, royal alder and zenit grapes grown on the slopes of \u00d6reghegy. Every year we close the harvest with this area, so the aromas are based on dried peaches, raisins and nectar notes. A big-bodied, creamy wine with an intense finish.\" \/>\n<meta property=\"og:url\" content=\"https:\/\/haraszthy.hu\/en\/product\/oreghegy-cuvee\/\" \/>\n<meta property=\"og:site_name\" content=\"Haraszthy Pinc\u00e9szet\" \/>\n<meta property=\"article:modified_time\" content=\"2024-12-10T10:13:27+00:00\" \/>\n<meta property=\"og:image\" content=\"https:\/\/haraszthy.hu\/wp-content\/uploads\/2022\/03\/Oreghegy_cuvee_2016-296x1024.png\" \/>\n\t<meta property=\"og:image:width\" content=\"296\" \/>\n\t<meta property=\"og:image:height\" content=\"1024\" \/>\n\t<meta property=\"og:image:type\" content=\"image\/png\" \/>\n<meta name=\"twitter:card\" content=\"summary_large_image\" \/>\n<script type=\"application\/ld+json\" class=\"yoast-schema-graph\">{\"@context\":\"https:\\\/\\\/schema.org\",\"@graph\":[{\"@type\":\"WebPage\",\"@id\":\"https:\\\/\\\/haraszthy.hu\\\/en\\\/product\\\/oreghegy-cuvee\\\/\",\"url\":\"https:\\\/\\\/haraszthy.hu\\\/en\\\/product\\\/oreghegy-cuvee\\\/\",\"name\":\"\u00d6reghegy Cuv\u00e9e - Haraszthy Pinc\u00e9szet\",\"isPartOf\":{\"@id\":\"https:\\\/\\\/haraszthy.hu\\\/en\\\/#website\"},\"primaryImageOfPage\":{\"@id\":\"https:\\\/\\\/haraszthy.hu\\\/en\\\/product\\\/oreghegy-cuvee\\\/#primaryimage\"},\"image\":{\"@id\":\"https:\\\/\\\/haraszthy.hu\\\/en\\\/product\\\/oreghegy-cuvee\\\/#primaryimage\"},\"thumbnailUrl\":\"https:\\\/\\\/haraszthy.hu\\\/wp-content\\\/uploads\\\/2022\\\/03\\\/Oreghegy_cuvee_2016.png\",\"datePublished\":\"2022-03-27T20:19:40+00:00\",\"dateModified\":\"2024-12-10T10:13:27+00:00\",\"breadcrumb\":{\"@id\":\"https:\\\/\\\/haraszthy.hu\\\/en\\\/product\\\/oreghegy-cuvee\\\/#breadcrumb\"},\"inLanguage\":\"en-US\",\"potentialAction\":[{\"@type\":\"ReadAction\",\"target\":[\"https:\\\/\\\/haraszthy.hu\\\/en\\\/product\\\/oreghegy-cuvee\\\/\"]}]},{\"@type\":\"ImageObject\",\"inLanguage\":\"en-US\",\"@id\":\"https:\\\/\\\/haraszthy.hu\\\/en\\\/product\\\/oreghegy-cuvee\\\/#primaryimage\",\"url\":\"https:\\\/\\\/haraszthy.hu\\\/wp-content\\\/uploads\\\/2022\\\/03\\\/Oreghegy_cuvee_2016.png\",\"contentUrl\":\"https:\\\/\\\/haraszthy.hu\\\/wp-content\\\/uploads\\\/2022\\\/03\\\/Oreghegy_cuvee_2016.png\",\"width\":1420,\"height\":4917},{\"@type\":\"BreadcrumbList\",\"@id\":\"https:\\\/\\\/haraszthy.hu\\\/en\\\/product\\\/oreghegy-cuvee\\\/#breadcrumb\",\"itemListElement\":[{\"@type\":\"ListItem\",\"position\":1,\"name\":\"Kezd\u0151lap\",\"item\":\"https:\\\/\\\/haraszthy.hu\\\/en\\\/home-2\\\/\"},{\"@type\":\"ListItem\",\"position\":2,\"name\":\"SHOP\",\"item\":\"https:\\\/\\\/haraszthy.hu\\\/en\\\/shop\\\/\"},{\"@type\":\"ListItem\",\"position\":3,\"name\":\"\u00d6reghegy Cuv\u00e9e\"}]},{\"@type\":\"WebSite\",\"@id\":\"https:\\\/\\\/haraszthy.hu\\\/en\\\/#website\",\"url\":\"https:\\\/\\\/haraszthy.hu\\\/en\\\/\",\"name\":\"Haraszthy Pinc\u00e9szet - Magyarorsz\u00e1g Legszebb Sz\u0151l\u0151birtoka 2025\",\"description\":\"Bor\u00e1szat.\u00c9tterem.Kikapcsol\u00f3d\u00e1s.Etyek.\",\"potentialAction\":[{\"@type\":\"SearchAction\",\"target\":{\"@type\":\"EntryPoint\",\"urlTemplate\":\"https:\\\/\\\/haraszthy.hu\\\/en\\\/?s={search_term_string}\"},\"query-input\":{\"@type\":\"PropertyValueSpecification\",\"valueRequired\":true,\"valueName\":\"search_term_string\"}}],\"inLanguage\":\"en-US\"}]}<\/script>\n<!-- \/ Yoast SEO plugin. -->","yoast_head_json":{"title":"\u00d6reghegy Cuv\u00e9e - Haraszthy Pinc\u00e9szet","robots":{"index":"index","follow":"follow","max-snippet":"max-snippet:-1","max-image-preview":"max-image-preview:large","max-video-preview":"max-video-preview:-1"},"canonical":"https:\/\/haraszthy.hu\/en\/product\/oreghegy-cuvee\/","og_locale":"en_US","og_type":"article","og_title":"\u00d6reghegy Cuv\u00e9e - Haraszthy Pinc\u00e9szet","og_description":"Our wine is made from our chardonnay, gray barley, royal alder and zenit grapes grown on the slopes of \u00d6reghegy. Every year we close the harvest with this area, so the aromas are based on dried peaches, raisins and nectar notes. A big-bodied, creamy wine with an intense finish.","og_url":"https:\/\/haraszthy.hu\/en\/product\/oreghegy-cuvee\/","og_site_name":"Haraszthy Pinc\u00e9szet","article_modified_time":"2024-12-10T10:13:27+00:00","og_image":[{"width":296,"height":1024,"url":"https:\/\/haraszthy.hu\/wp-content\/uploads\/2022\/03\/Oreghegy_cuvee_2016-296x1024.png","type":"image\/png"}],"twitter_card":"summary_large_image","schema":{"@context":"https:\/\/schema.org","@graph":[{"@type":"WebPage","@id":"https:\/\/haraszthy.hu\/en\/product\/oreghegy-cuvee\/","url":"https:\/\/haraszthy.hu\/en\/product\/oreghegy-cuvee\/","name":"\u00d6reghegy Cuv\u00e9e - Haraszthy Pinc\u00e9szet","isPartOf":{"@id":"https:\/\/haraszthy.hu\/en\/#website"},"primaryImageOfPage":{"@id":"https:\/\/haraszthy.hu\/en\/product\/oreghegy-cuvee\/#primaryimage"},"image":{"@id":"https:\/\/haraszthy.hu\/en\/product\/oreghegy-cuvee\/#primaryimage"},"thumbnailUrl":"https:\/\/haraszthy.hu\/wp-content\/uploads\/2022\/03\/Oreghegy_cuvee_2016.png","datePublished":"2022-03-27T20:19:40+00:00","dateModified":"2024-12-10T10:13:27+00:00","breadcrumb":{"@id":"https:\/\/haraszthy.hu\/en\/product\/oreghegy-cuvee\/#breadcrumb"},"inLanguage":"en-US","potentialAction":[{"@type":"ReadAction","target":["https:\/\/haraszthy.hu\/en\/product\/oreghegy-cuvee\/"]}]},{"@type":"ImageObject","inLanguage":"en-US","@id":"https:\/\/haraszthy.hu\/en\/product\/oreghegy-cuvee\/#primaryimage","url":"https:\/\/haraszthy.hu\/wp-content\/uploads\/2022\/03\/Oreghegy_cuvee_2016.png","contentUrl":"https:\/\/haraszthy.hu\/wp-content\/uploads\/2022\/03\/Oreghegy_cuvee_2016.png","width":1420,"height":4917},{"@type":"BreadcrumbList","@id":"https:\/\/haraszthy.hu\/en\/product\/oreghegy-cuvee\/#breadcrumb","itemListElement":[{"@type":"ListItem","position":1,"name":"Kezd\u0151lap","item":"https:\/\/haraszthy.hu\/en\/home-2\/"},{"@type":"ListItem","position":2,"name":"SHOP","item":"https:\/\/haraszthy.hu\/en\/shop\/"},{"@type":"ListItem","position":3,"name":"\u00d6reghegy Cuv\u00e9e"}]},{"@type":"WebSite","@id":"https:\/\/haraszthy.hu\/en\/#website","url":"https:\/\/haraszthy.hu\/en\/","name":"Haraszthy Pinc\u00e9szet - Magyarorsz\u00e1g Legszebb Sz\u0151l\u0151birtoka 2025","description":"Bor\u00e1szat.\u00c9tterem.Kikapcsol\u00f3d\u00e1s.Etyek.","potentialAction":[{"@type":"SearchAction","target":{"@type":"EntryPoint","urlTemplate":"https:\/\/haraszthy.hu\/en\/?s={search_term_string}"},"query-input":{"@type":"PropertyValueSpecification","valueRequired":true,"valueName":"search_term_string"}}],"inLanguage":"en-US"}]}},"_links":{"self":[{"href":"https:\/\/haraszthy.hu\/en\/wp-json\/wp\/v2\/product\/6708","targetHints":{"allow":["GET"]}}],"collection":[{"href":"https:\/\/haraszthy.hu\/en\/wp-json\/wp\/v2\/product"}],"about":[{"href":"https:\/\/haraszthy.hu\/en\/wp-json\/wp\/v2\/types\/product"}],"replies":[{"embeddable":true,"href":"https:\/\/haraszthy.hu\/en\/wp-json\/wp\/v2\/comments?post=6708"}],"wp:featuredmedia":[{"embeddable":true,"href":"https:\/\/haraszthy.hu\/en\/wp-json\/wp\/v2\/media\/6211"}],"wp:attachment":[{"href":"https:\/\/haraszthy.hu\/en\/wp-json\/wp\/v2\/media?parent=6708"}],"wp:term":[{"taxonomy":"product_brand","embeddable":true,"href":"https:\/\/haraszthy.hu\/en\/wp-json\/wp\/v2\/product_brand?post=6708"},{"taxonomy":"product_cat","embeddable":true,"href":"https:\/\/haraszthy.hu\/en\/wp-json\/wp\/v2\/product_cat?post=6708"},{"taxonomy":"product_tag","embeddable":true,"href":"https:\/\/haraszthy.hu\/en\/wp-json\/wp\/v2\/product_tag?post=6708"}],"curies":[{"name":"wp","href":"https:\/\/api.w.org\/{rel}","templated":true}]}}