{"id":6691,"date":"2022-03-27T20:17:34","date_gmt":"2022-03-27T19:17:34","guid":{"rendered":"https:\/\/haraszthy.hu\/termek\/pinot-noir\/"},"modified":"2025-11-06T15:09:17","modified_gmt":"2025-11-06T14:09:17","slug":"pinot-noir-2022","status":"publish","type":"product","link":"https:\/\/haraszthy.hu\/en\/product\/pinot-noir-2022\/","title":{"rendered":"Pinot Noir"},"content":{"rendered":"","protected":false},"excerpt":{"rendered":"<p>A bright ruby-coloured wine typical of Pinot Noir. The nose is mainly spicy, with fresh fruity notes. The cherry and raspberry flavours are complemented by cherry, sweet spices and the fuller aromas of barrel ageing. True Burgundy<\/p>\n","protected":false},"featured_media":8483,"comment_status":"closed","ping_status":"closed","template":"","meta":{"_acf_changed":false},"product_brand":[],"product_cat":[314],"product_tag":[],"class_list":{"0":"post-6691","1":"product","2":"type-product","3":"status-publish","4":"has-post-thumbnail","6":"product_cat-red","8":"first","9":"instock","10":"taxable","11":"shipping-taxable","12":"purchasable","13":"product-type-variable"},"acf":[],"yoast_head":"<!-- This site is optimized with the Yoast SEO plugin v27.4 - https:\/\/yoast.com\/product\/yoast-seo-wordpress\/ -->\n<title>Pinot Noir - Haraszthy Pinc\u00e9szet<\/title>\n<meta name=\"robots\" content=\"index, follow, max-snippet:-1, max-image-preview:large, max-video-preview:-1\" \/>\n<link rel=\"canonical\" href=\"https:\/\/haraszthy.hu\/en\/product\/pinot-noir-2022\/\" \/>\n<meta property=\"og:locale\" content=\"en_US\" \/>\n<meta property=\"og:type\" content=\"article\" \/>\n<meta property=\"og:title\" content=\"Pinot Noir - Haraszthy Pinc\u00e9szet\" \/>\n<meta property=\"og:description\" content=\"A bright ruby-coloured wine typical of Pinot Noir. The nose is mainly spicy, with fresh fruity notes. The cherry and raspberry flavours are complemented by cherry, sweet spices and the fuller aromas of barrel ageing. True Burgundy\" \/>\n<meta property=\"og:url\" content=\"https:\/\/haraszthy.hu\/en\/product\/pinot-noir-2022\/\" \/>\n<meta property=\"og:site_name\" content=\"Haraszthy Pinc\u00e9szet\" \/>\n<meta property=\"article:modified_time\" content=\"2025-11-06T14:09:17+00:00\" \/>\n<meta property=\"og:image\" content=\"https:\/\/haraszthy.hu\/wp-content\/uploads\/2022\/03\/Untitled-design.png\" \/>\n\t<meta property=\"og:image:width\" content=\"780\" \/>\n\t<meta property=\"og:image:height\" content=\"870\" \/>\n\t<meta property=\"og:image:type\" content=\"image\/png\" \/>\n<meta name=\"twitter:card\" content=\"summary_large_image\" \/>\n<script type=\"application\/ld+json\" class=\"yoast-schema-graph\">{\"@context\":\"https:\\\/\\\/schema.org\",\"@graph\":[{\"@type\":\"WebPage\",\"@id\":\"https:\\\/\\\/haraszthy.hu\\\/en\\\/product\\\/pinot-noir-2022\\\/\",\"url\":\"https:\\\/\\\/haraszthy.hu\\\/en\\\/product\\\/pinot-noir-2022\\\/\",\"name\":\"Pinot Noir - Haraszthy Pinc\u00e9szet\",\"isPartOf\":{\"@id\":\"https:\\\/\\\/haraszthy.hu\\\/en\\\/#website\"},\"primaryImageOfPage\":{\"@id\":\"https:\\\/\\\/haraszthy.hu\\\/en\\\/product\\\/pinot-noir-2022\\\/#primaryimage\"},\"image\":{\"@id\":\"https:\\\/\\\/haraszthy.hu\\\/en\\\/product\\\/pinot-noir-2022\\\/#primaryimage\"},\"thumbnailUrl\":\"https:\\\/\\\/haraszthy.hu\\\/wp-content\\\/uploads\\\/2022\\\/03\\\/Untitled-design.png\",\"datePublished\":\"2022-03-27T19:17:34+00:00\",\"dateModified\":\"2025-11-06T14:09:17+00:00\",\"breadcrumb\":{\"@id\":\"https:\\\/\\\/haraszthy.hu\\\/en\\\/product\\\/pinot-noir-2022\\\/#breadcrumb\"},\"inLanguage\":\"en-US\",\"potentialAction\":[{\"@type\":\"ReadAction\",\"target\":[\"https:\\\/\\\/haraszthy.hu\\\/en\\\/product\\\/pinot-noir-2022\\\/\"]}]},{\"@type\":\"ImageObject\",\"inLanguage\":\"en-US\",\"@id\":\"https:\\\/\\\/haraszthy.hu\\\/en\\\/product\\\/pinot-noir-2022\\\/#primaryimage\",\"url\":\"https:\\\/\\\/haraszthy.hu\\\/wp-content\\\/uploads\\\/2022\\\/03\\\/Untitled-design.png\",\"contentUrl\":\"https:\\\/\\\/haraszthy.hu\\\/wp-content\\\/uploads\\\/2022\\\/03\\\/Untitled-design.png\",\"width\":780,\"height\":870},{\"@type\":\"BreadcrumbList\",\"@id\":\"https:\\\/\\\/haraszthy.hu\\\/en\\\/product\\\/pinot-noir-2022\\\/#breadcrumb\",\"itemListElement\":[{\"@type\":\"ListItem\",\"position\":1,\"name\":\"Kezd\u0151lap\",\"item\":\"https:\\\/\\\/haraszthy.hu\\\/en\\\/home-2\\\/\"},{\"@type\":\"ListItem\",\"position\":2,\"name\":\"SHOP\",\"item\":\"https:\\\/\\\/haraszthy.hu\\\/en\\\/shop\\\/\"},{\"@type\":\"ListItem\",\"position\":3,\"name\":\"Pinot Noir\"}]},{\"@type\":\"WebSite\",\"@id\":\"https:\\\/\\\/haraszthy.hu\\\/en\\\/#website\",\"url\":\"https:\\\/\\\/haraszthy.hu\\\/en\\\/\",\"name\":\"Haraszthy Pinc\u00e9szet - Magyarorsz\u00e1g Legszebb Sz\u0151l\u0151birtoka 2025\",\"description\":\"Bor\u00e1szat.\u00c9tterem.Kikapcsol\u00f3d\u00e1s.Etyek.\",\"potentialAction\":[{\"@type\":\"SearchAction\",\"target\":{\"@type\":\"EntryPoint\",\"urlTemplate\":\"https:\\\/\\\/haraszthy.hu\\\/en\\\/?s={search_term_string}\"},\"query-input\":{\"@type\":\"PropertyValueSpecification\",\"valueRequired\":true,\"valueName\":\"search_term_string\"}}],\"inLanguage\":\"en-US\"}]}<\/script>\n<!-- \/ Yoast SEO plugin. -->","yoast_head_json":{"title":"Pinot Noir - Haraszthy Pinc\u00e9szet","robots":{"index":"index","follow":"follow","max-snippet":"max-snippet:-1","max-image-preview":"max-image-preview:large","max-video-preview":"max-video-preview:-1"},"canonical":"https:\/\/haraszthy.hu\/en\/product\/pinot-noir-2022\/","og_locale":"en_US","og_type":"article","og_title":"Pinot Noir - Haraszthy Pinc\u00e9szet","og_description":"A bright ruby-coloured wine typical of Pinot Noir. The nose is mainly spicy, with fresh fruity notes. The cherry and raspberry flavours are complemented by cherry, sweet spices and the fuller aromas of barrel ageing. True Burgundy","og_url":"https:\/\/haraszthy.hu\/en\/product\/pinot-noir-2022\/","og_site_name":"Haraszthy Pinc\u00e9szet","article_modified_time":"2025-11-06T14:09:17+00:00","og_image":[{"width":780,"height":870,"url":"https:\/\/haraszthy.hu\/wp-content\/uploads\/2022\/03\/Untitled-design.png","type":"image\/png"}],"twitter_card":"summary_large_image","schema":{"@context":"https:\/\/schema.org","@graph":[{"@type":"WebPage","@id":"https:\/\/haraszthy.hu\/en\/product\/pinot-noir-2022\/","url":"https:\/\/haraszthy.hu\/en\/product\/pinot-noir-2022\/","name":"Pinot Noir - Haraszthy Pinc\u00e9szet","isPartOf":{"@id":"https:\/\/haraszthy.hu\/en\/#website"},"primaryImageOfPage":{"@id":"https:\/\/haraszthy.hu\/en\/product\/pinot-noir-2022\/#primaryimage"},"image":{"@id":"https:\/\/haraszthy.hu\/en\/product\/pinot-noir-2022\/#primaryimage"},"thumbnailUrl":"https:\/\/haraszthy.hu\/wp-content\/uploads\/2022\/03\/Untitled-design.png","datePublished":"2022-03-27T19:17:34+00:00","dateModified":"2025-11-06T14:09:17+00:00","breadcrumb":{"@id":"https:\/\/haraszthy.hu\/en\/product\/pinot-noir-2022\/#breadcrumb"},"inLanguage":"en-US","potentialAction":[{"@type":"ReadAction","target":["https:\/\/haraszthy.hu\/en\/product\/pinot-noir-2022\/"]}]},{"@type":"ImageObject","inLanguage":"en-US","@id":"https:\/\/haraszthy.hu\/en\/product\/pinot-noir-2022\/#primaryimage","url":"https:\/\/haraszthy.hu\/wp-content\/uploads\/2022\/03\/Untitled-design.png","contentUrl":"https:\/\/haraszthy.hu\/wp-content\/uploads\/2022\/03\/Untitled-design.png","width":780,"height":870},{"@type":"BreadcrumbList","@id":"https:\/\/haraszthy.hu\/en\/product\/pinot-noir-2022\/#breadcrumb","itemListElement":[{"@type":"ListItem","position":1,"name":"Kezd\u0151lap","item":"https:\/\/haraszthy.hu\/en\/home-2\/"},{"@type":"ListItem","position":2,"name":"SHOP","item":"https:\/\/haraszthy.hu\/en\/shop\/"},{"@type":"ListItem","position":3,"name":"Pinot Noir"}]},{"@type":"WebSite","@id":"https:\/\/haraszthy.hu\/en\/#website","url":"https:\/\/haraszthy.hu\/en\/","name":"Haraszthy Pinc\u00e9szet - Magyarorsz\u00e1g Legszebb Sz\u0151l\u0151birtoka 2025","description":"Bor\u00e1szat.\u00c9tterem.Kikapcsol\u00f3d\u00e1s.Etyek.","potentialAction":[{"@type":"SearchAction","target":{"@type":"EntryPoint","urlTemplate":"https:\/\/haraszthy.hu\/en\/?s={search_term_string}"},"query-input":{"@type":"PropertyValueSpecification","valueRequired":true,"valueName":"search_term_string"}}],"inLanguage":"en-US"}]}},"_links":{"self":[{"href":"https:\/\/haraszthy.hu\/en\/wp-json\/wp\/v2\/product\/6691","targetHints":{"allow":["GET"]}}],"collection":[{"href":"https:\/\/haraszthy.hu\/en\/wp-json\/wp\/v2\/product"}],"about":[{"href":"https:\/\/haraszthy.hu\/en\/wp-json\/wp\/v2\/types\/product"}],"replies":[{"embeddable":true,"href":"https:\/\/haraszthy.hu\/en\/wp-json\/wp\/v2\/comments?post=6691"}],"wp:featuredmedia":[{"embeddable":true,"href":"https:\/\/haraszthy.hu\/en\/wp-json\/wp\/v2\/media\/8483"}],"wp:attachment":[{"href":"https:\/\/haraszthy.hu\/en\/wp-json\/wp\/v2\/media?parent=6691"}],"wp:term":[{"taxonomy":"product_brand","embeddable":true,"href":"https:\/\/haraszthy.hu\/en\/wp-json\/wp\/v2\/product_brand?post=6691"},{"taxonomy":"product_cat","embeddable":true,"href":"https:\/\/haraszthy.hu\/en\/wp-json\/wp\/v2\/product_cat?post=6691"},{"taxonomy":"product_tag","embeddable":true,"href":"https:\/\/haraszthy.hu\/en\/wp-json\/wp\/v2\/product_tag?post=6691"}],"curies":[{"name":"wp","href":"https:\/\/api.w.org\/{rel}","templated":true}]}}