{"id":6509,"date":"2022-04-19T12:06:56","date_gmt":"2022-04-19T11:06:56","guid":{"rendered":"https:\/\/haraszthy.hu\/eat\/table-reservation\/"},"modified":"2023-12-19T10:44:38","modified_gmt":"2023-12-19T09:44:38","slug":"table-reservation","status":"publish","type":"page","link":"https:\/\/haraszthy.hu\/en\/eat\/table-reservation\/","title":{"rendered":"Table reservation"},"content":{"rendered":"<div class=\"fusion-fullwidth fullwidth-box fusion-builder-row-1 fusion-flex-container nonhundred-percent-fullwidth non-hundred-percent-height-scrolling\" style=\"--awb-border-radius-top-left:0px;--awb-border-radius-top-right:0px;--awb-border-radius-bottom-right:0px;--awb-border-radius-bottom-left:0px;--awb-flex-wrap:wrap;\" ><div class=\"fusion-builder-row fusion-row fusion-flex-align-items-flex-start fusion-flex-content-wrap\" style=\"max-width:1216.8px;margin-left: calc(-4% \/ 2 );margin-right: calc(-4% \/ 2 );\"><div class=\"fusion-layout-column fusion_builder_column fusion-builder-column-0 fusion_builder_column_1_1 1_1 fusion-flex-column\" style=\"--awb-bg-size:cover;--awb-width-large:100%;--awb-margin-top-large:0px;--awb-spacing-right-large:1.92%;--awb-margin-bottom-large:0px;--awb-spacing-left-large:1.92%;--awb-width-medium:100%;--awb-order-medium:0;--awb-spacing-right-medium:1.92%;--awb-spacing-left-medium:1.92%;--awb-width-small:100%;--awb-order-small:0;--awb-spacing-right-small:1.92%;--awb-spacing-left-small:1.92%;\"><div class=\"fusion-column-wrapper fusion-column-has-shadow fusion-flex-justify-content-flex-start fusion-content-layout-column\"><div class=\"fusion-title title fusion-title-1 fusion-sep-none fusion-title-center fusion-title-text fusion-title-size-two\"><h2 class=\"fusion-title-heading title-heading-center fusion-responsive-typography-calculated\" style=\"margin:0;text-transform:capitalize;--fontSize:60;line-height:var(--awb-typography1-line-height);\">Booking<\/h2><\/div>[ameliabooking]<\/div><\/div><\/div><\/div>\n","protected":false},"excerpt":{"rendered":"","protected":false},"author":1,"featured_media":0,"parent":6484,"menu_order":0,"comment_status":"closed","ping_status":"closed","template":"","meta":{"_acf_changed":false,"footnotes":""},"class_list":["post-6509","page","type-page","status-publish","hentry"],"acf":[],"yoast_head":"<!-- This site is optimized with the Yoast SEO plugin v27.5 - https:\/\/yoast.com\/product\/yoast-seo-wordpress\/ -->\n<title>Haraszthy Pinc\u00e9szet - Magyarorsz\u00e1g Legszebb Sz\u0151l\u0151birtoka 2025<\/title>\n<meta name=\"description\" content=\"T\u00f6bb, mint sz\u0151l\u0151 \u00e9s bor: Kikapcsol\u00f3d\u00e1s, v\u00e1ltozatos programok, feledhetetlen \u00e9lm\u00e9nyek, egyedi gasztron\u00f3miai vil\u00e1g, szabads\u00e1g, bar\u00e1ts\u00e1g \u00e9s szerelem.\" \/>\n<meta name=\"robots\" content=\"index, follow, max-snippet:-1, max-image-preview:large, max-video-preview:-1\" \/>\n<link rel=\"canonical\" href=\"https:\/\/haraszthy.hu\/en\/eat\/table-reservation\/\" \/>\n<meta property=\"og:locale\" content=\"en_US\" \/>\n<meta property=\"og:type\" content=\"article\" \/>\n<meta property=\"og:title\" content=\"Haraszthy Pinc\u00e9szet - Magyarorsz\u00e1g Legszebb Sz\u0151l\u0151birtoka 2025\" \/>\n<meta property=\"og:description\" content=\"T\u00f6bb, mint sz\u0151l\u0151 \u00e9s bor: Kikapcsol\u00f3d\u00e1s, v\u00e1ltozatos programok, feledhetetlen \u00e9lm\u00e9nyek, egyedi gasztron\u00f3miai vil\u00e1g, szabads\u00e1g, bar\u00e1ts\u00e1g \u00e9s szerelem.\" \/>\n<meta property=\"og:url\" content=\"https:\/\/haraszthy.hu\/en\/eat\/table-reservation\/\" \/>\n<meta property=\"og:site_name\" content=\"Haraszthy Pinc\u00e9szet\" \/>\n<meta property=\"article:modified_time\" content=\"2023-12-19T09:44:38+00:00\" \/>\n<meta name=\"twitter:card\" content=\"summary_large_image\" \/>\n<meta name=\"twitter:label1\" content=\"Est. reading time\" \/>\n\t<meta name=\"twitter:data1\" content=\"4 minutes\" \/>\n<script type=\"application\/ld+json\" class=\"yoast-schema-graph\">{\"@context\":\"https:\\\/\\\/schema.org\",\"@graph\":[{\"@type\":\"WebPage\",\"@id\":\"https:\\\/\\\/haraszthy.hu\\\/en\\\/eat\\\/table-reservation\\\/\",\"url\":\"https:\\\/\\\/haraszthy.hu\\\/en\\\/eat\\\/table-reservation\\\/\",\"name\":\"Haraszthy Pinc\u00e9szet - Magyarorsz\u00e1g Legszebb Sz\u0151l\u0151birtoka 2025\",\"isPartOf\":{\"@id\":\"https:\\\/\\\/haraszthy.hu\\\/en\\\/#website\"},\"datePublished\":\"2022-04-19T11:06:56+00:00\",\"dateModified\":\"2023-12-19T09:44:38+00:00\",\"description\":\"T\u00f6bb, mint sz\u0151l\u0151 \u00e9s bor: Kikapcsol\u00f3d\u00e1s, v\u00e1ltozatos programok, feledhetetlen \u00e9lm\u00e9nyek, egyedi gasztron\u00f3miai vil\u00e1g, szabads\u00e1g, bar\u00e1ts\u00e1g \u00e9s szerelem.\",\"breadcrumb\":{\"@id\":\"https:\\\/\\\/haraszthy.hu\\\/en\\\/eat\\\/table-reservation\\\/#breadcrumb\"},\"inLanguage\":\"en-US\",\"potentialAction\":[{\"@type\":\"ReadAction\",\"target\":[\"https:\\\/\\\/haraszthy.hu\\\/en\\\/eat\\\/table-reservation\\\/\"]}]},{\"@type\":\"BreadcrumbList\",\"@id\":\"https:\\\/\\\/haraszthy.hu\\\/en\\\/eat\\\/table-reservation\\\/#breadcrumb\",\"itemListElement\":[{\"@type\":\"ListItem\",\"position\":1,\"name\":\"Kezd\u0151lap\",\"item\":\"https:\\\/\\\/haraszthy.hu\\\/en\\\/home-2\\\/\"},{\"@type\":\"ListItem\",\"position\":2,\"name\":\"RESTAURANT\",\"item\":\"https:\\\/\\\/haraszthy.hu\\\/en\\\/eat\\\/\"},{\"@type\":\"ListItem\",\"position\":3,\"name\":\"Table reservation\"}]},{\"@type\":\"WebSite\",\"@id\":\"https:\\\/\\\/haraszthy.hu\\\/en\\\/#website\",\"url\":\"https:\\\/\\\/haraszthy.hu\\\/en\\\/\",\"name\":\"Haraszthy Pinc\u00e9szet - Magyarorsz\u00e1g Legszebb Sz\u0151l\u0151birtoka 2025\",\"description\":\"Bor\u00e1szat.\u00c9tterem.Kikapcsol\u00f3d\u00e1s.Etyek.\",\"potentialAction\":[{\"@type\":\"SearchAction\",\"target\":{\"@type\":\"EntryPoint\",\"urlTemplate\":\"https:\\\/\\\/haraszthy.hu\\\/en\\\/?s={search_term_string}\"},\"query-input\":{\"@type\":\"PropertyValueSpecification\",\"valueRequired\":true,\"valueName\":\"search_term_string\"}}],\"inLanguage\":\"en-US\"}]}<\/script>\n<!-- \/ Yoast SEO plugin. -->","yoast_head_json":{"title":"Haraszthy Pinc\u00e9szet - Magyarorsz\u00e1g Legszebb Sz\u0151l\u0151birtoka 2025","description":"T\u00f6bb, mint sz\u0151l\u0151 \u00e9s bor: Kikapcsol\u00f3d\u00e1s, v\u00e1ltozatos programok, feledhetetlen \u00e9lm\u00e9nyek, egyedi gasztron\u00f3miai vil\u00e1g, szabads\u00e1g, bar\u00e1ts\u00e1g \u00e9s szerelem.","robots":{"index":"index","follow":"follow","max-snippet":"max-snippet:-1","max-image-preview":"max-image-preview:large","max-video-preview":"max-video-preview:-1"},"canonical":"https:\/\/haraszthy.hu\/en\/eat\/table-reservation\/","og_locale":"en_US","og_type":"article","og_title":"Haraszthy Pinc\u00e9szet - Magyarorsz\u00e1g Legszebb Sz\u0151l\u0151birtoka 2025","og_description":"T\u00f6bb, mint sz\u0151l\u0151 \u00e9s bor: Kikapcsol\u00f3d\u00e1s, v\u00e1ltozatos programok, feledhetetlen \u00e9lm\u00e9nyek, egyedi gasztron\u00f3miai vil\u00e1g, szabads\u00e1g, bar\u00e1ts\u00e1g \u00e9s szerelem.","og_url":"https:\/\/haraszthy.hu\/en\/eat\/table-reservation\/","og_site_name":"Haraszthy Pinc\u00e9szet","article_modified_time":"2023-12-19T09:44:38+00:00","twitter_card":"summary_large_image","twitter_misc":{"Est. reading time":"4 minutes"},"schema":{"@context":"https:\/\/schema.org","@graph":[{"@type":"WebPage","@id":"https:\/\/haraszthy.hu\/en\/eat\/table-reservation\/","url":"https:\/\/haraszthy.hu\/en\/eat\/table-reservation\/","name":"Haraszthy Pinc\u00e9szet - Magyarorsz\u00e1g Legszebb Sz\u0151l\u0151birtoka 2025","isPartOf":{"@id":"https:\/\/haraszthy.hu\/en\/#website"},"datePublished":"2022-04-19T11:06:56+00:00","dateModified":"2023-12-19T09:44:38+00:00","description":"T\u00f6bb, mint sz\u0151l\u0151 \u00e9s bor: Kikapcsol\u00f3d\u00e1s, v\u00e1ltozatos programok, feledhetetlen \u00e9lm\u00e9nyek, egyedi gasztron\u00f3miai vil\u00e1g, szabads\u00e1g, bar\u00e1ts\u00e1g \u00e9s szerelem.","breadcrumb":{"@id":"https:\/\/haraszthy.hu\/en\/eat\/table-reservation\/#breadcrumb"},"inLanguage":"en-US","potentialAction":[{"@type":"ReadAction","target":["https:\/\/haraszthy.hu\/en\/eat\/table-reservation\/"]}]},{"@type":"BreadcrumbList","@id":"https:\/\/haraszthy.hu\/en\/eat\/table-reservation\/#breadcrumb","itemListElement":[{"@type":"ListItem","position":1,"name":"Kezd\u0151lap","item":"https:\/\/haraszthy.hu\/en\/home-2\/"},{"@type":"ListItem","position":2,"name":"RESTAURANT","item":"https:\/\/haraszthy.hu\/en\/eat\/"},{"@type":"ListItem","position":3,"name":"Table reservation"}]},{"@type":"WebSite","@id":"https:\/\/haraszthy.hu\/en\/#website","url":"https:\/\/haraszthy.hu\/en\/","name":"Haraszthy Pinc\u00e9szet - Magyarorsz\u00e1g Legszebb Sz\u0151l\u0151birtoka 2025","description":"Bor\u00e1szat.\u00c9tterem.Kikapcsol\u00f3d\u00e1s.Etyek.","potentialAction":[{"@type":"SearchAction","target":{"@type":"EntryPoint","urlTemplate":"https:\/\/haraszthy.hu\/en\/?s={search_term_string}"},"query-input":{"@type":"PropertyValueSpecification","valueRequired":true,"valueName":"search_term_string"}}],"inLanguage":"en-US"}]}},"_links":{"self":[{"href":"https:\/\/haraszthy.hu\/en\/wp-json\/wp\/v2\/pages\/6509","targetHints":{"allow":["GET"]}}],"collection":[{"href":"https:\/\/haraszthy.hu\/en\/wp-json\/wp\/v2\/pages"}],"about":[{"href":"https:\/\/haraszthy.hu\/en\/wp-json\/wp\/v2\/types\/page"}],"author":[{"embeddable":true,"href":"https:\/\/haraszthy.hu\/en\/wp-json\/wp\/v2\/users\/1"}],"replies":[{"embeddable":true,"href":"https:\/\/haraszthy.hu\/en\/wp-json\/wp\/v2\/comments?post=6509"}],"version-history":[{"count":0,"href":"https:\/\/haraszthy.hu\/en\/wp-json\/wp\/v2\/pages\/6509\/revisions"}],"up":[{"embeddable":true,"href":"https:\/\/haraszthy.hu\/en\/wp-json\/wp\/v2\/pages\/6484"}],"wp:attachment":[{"href":"https:\/\/haraszthy.hu\/en\/wp-json\/wp\/v2\/media?parent=6509"}],"curies":[{"name":"wp","href":"https:\/\/api.w.org\/{rel}","templated":true}]}}