{"id":6481,"date":"2022-04-26T11:14:06","date_gmt":"2022-04-26T10:14:06","guid":{"rendered":"https:\/\/haraszthy.hu\/love\/"},"modified":"2024-02-16T11:54:49","modified_gmt":"2024-02-16T10:54:49","slug":"love","status":"publish","type":"page","link":"https:\/\/haraszthy.hu\/en\/love\/","title":{"rendered":"LOVE"},"content":{"rendered":"<div class=\"fusion-fullwidth fullwidth-box fusion-builder-row-1 fusion-flex-container nonhundred-percent-fullwidth non-hundred-percent-height-scrolling\" style=\"--awb-border-radius-top-left:0px;--awb-border-radius-top-right:0px;--awb-border-radius-bottom-right:0px;--awb-border-radius-bottom-left:0px;--awb-flex-wrap:wrap;\" ><div class=\"fusion-builder-row fusion-row fusion-flex-align-items-flex-start fusion-flex-content-wrap\" style=\"max-width:1216.8px;margin-left: calc(-4% \/ 2 );margin-right: calc(-4% \/ 2 );\"><div class=\"fusion-layout-column fusion_builder_column fusion-builder-column-0 fusion_builder_column_1_1 1_1 fusion-flex-column\" style=\"--awb-bg-size:cover;--awb-width-large:100%;--awb-margin-top-large:0px;--awb-spacing-right-large:1.92%;--awb-margin-bottom-large:0px;--awb-spacing-left-large:1.92%;--awb-width-medium:100%;--awb-order-medium:0;--awb-spacing-right-medium:1.92%;--awb-spacing-left-medium:1.92%;--awb-width-small:100%;--awb-order-small:0;--awb-spacing-right-small:1.92%;--awb-spacing-left-small:1.92%;\"><div class=\"fusion-column-wrapper fusion-column-has-shadow fusion-flex-justify-content-flex-start fusion-content-layout-column\"><div class=\"fusion-text fusion-text-1\" style=\"--awb-content-alignment:center;--awb-font-size:var(--awb-typography4-font-size);--awb-line-height:var(--awb-typography4-line-height);--awb-letter-spacing:var(--awb-typography4-letter-spacing);--awb-text-transform:var(--awb-typography4-text-transform);--awb-text-color:var(--awb-color8);--awb-text-font-family:var(--awb-typography4-font-family);--awb-text-font-weight:var(--awb-typography4-font-weight);--awb-text-font-style:var(--awb-typography4-font-style);\"><p>In Vila, you will find a monumental work by Ukrainian artist Alexander Milov, which was presented at the 2015 Burning Man Festival in the US and has since become a world-famous work.<br \/>\nAnd in 2017, he came to our estate in Hungary on an adventurous journey.<\/p>\n<p>The Statue of Love is special not only because of its appearance, but also because it is located in the middle of our Valais plantations.<\/p>\n<\/div><div class=\"fusion-image-element \" style=\"text-align:center;--awb-max-width:150px;--awb-caption-title-font-family:var(--h2_typography-font-family);--awb-caption-title-font-weight:var(--h2_typography-font-weight);--awb-caption-title-font-style:var(--h2_typography-font-style);--awb-caption-title-size:var(--h2_typography-font-size);--awb-caption-title-transform:var(--h2_typography-text-transform);--awb-caption-title-line-height:var(--h2_typography-line-height);--awb-caption-title-letter-spacing:var(--h2_typography-letter-spacing);\"><span class=\" fusion-imageframe imageframe-none imageframe-1 hover-type-none\"><img loading=\"lazy\" decoding=\"async\" width=\"364\" height=\"64\" src=\"https:\/\/haraszthy.hu\/wp-content\/uploads\/2022\/03\/squares.png\" alt class=\"img-responsive wp-image-6121\" srcset=\"https:\/\/haraszthy.hu\/wp-content\/uploads\/2022\/03\/squares-200x35.png 200w, https:\/\/haraszthy.hu\/wp-content\/uploads\/2022\/03\/squares.png 364w\" sizes=\"auto, (max-width: 1024px) 100vw, (max-width: 640px) 100vw, 364px\" \/><\/span><\/div><div class=\"fusion-text fusion-text-2\" style=\"--awb-content-alignment:center;--awb-margin-top:24px;\"><p>It is a truly monumental sight, standing roughly 10 metres high and 16 metres wide.<\/p>\n<p>The LOVE sculpture depicts two women and a man, sitting with their backs to each other, turning inwards, moulded from wires, and the two children &#8220;living&#8221; inside them, turning towards each other and holding out their hands towards the other.<\/p>\n<\/div><\/div><\/div><div class=\"fusion-layout-column fusion_builder_column fusion-builder-column-1 fusion_builder_column_1_1 1_1 fusion-flex-column\" style=\"--awb-bg-size:cover;--awb-width-large:100%;--awb-margin-top-large:0px;--awb-spacing-right-large:1.92%;--awb-margin-bottom-large:32px;--awb-spacing-left-large:1.92%;--awb-width-medium:100%;--awb-order-medium:0;--awb-spacing-right-medium:1.92%;--awb-spacing-left-medium:1.92%;--awb-width-small:100%;--awb-order-small:0;--awb-spacing-right-small:1.92%;--awb-spacing-left-small:1.92%;\"><div class=\"fusion-column-wrapper fusion-column-has-shadow fusion-flex-justify-content-flex-start fusion-content-layout-column\"><div class=\"awb-gallery-wrapper awb-gallery-wrapper-1 button-span-no\"><div style=\"margin:-5px;--awb-bordersize:0px;\" class=\"fusion-gallery fusion-gallery-container fusion-grid-3 fusion-columns-total-3 fusion-gallery-layout-grid fusion-gallery-1\"><div style=\"padding:5px;\" class=\"fusion-grid-column fusion-gallery-column fusion-gallery-column-3\"><div class=\"fusion-gallery-image fusion-gallery-image-liftup\"><a href=\"https:\/\/haraszthy.hu\/wp-content\/uploads\/2022\/04\/1_SBL_0329.jpg\" rel=\"noreferrer\" data-rel=\"iLightbox[gallery_image_1]\" class=\"fusion-lightbox\" target=\"_self\"><img loading=\"lazy\" decoding=\"async\" src=\"https:\/\/haraszthy.hu\/wp-content\/uploads\/2022\/04\/1_SBL_0329.jpg\" width=\"1333\" height=\"1333\" alt=\"\" title=\"1_SBL_0329\" aria-label=\"1_SBL_0329\" class=\"img-responsive wp-image-2672\" srcset=\"https:\/\/haraszthy.hu\/wp-content\/uploads\/2022\/04\/1_SBL_0329-200x200.jpg 200w, https:\/\/haraszthy.hu\/wp-content\/uploads\/2022\/04\/1_SBL_0329-400x400.jpg 400w, https:\/\/haraszthy.hu\/wp-content\/uploads\/2022\/04\/1_SBL_0329-600x600.jpg 600w, https:\/\/haraszthy.hu\/wp-content\/uploads\/2022\/04\/1_SBL_0329-800x800.jpg 800w, https:\/\/haraszthy.hu\/wp-content\/uploads\/2022\/04\/1_SBL_0329-1200x1200.jpg 1200w, https:\/\/haraszthy.hu\/wp-content\/uploads\/2022\/04\/1_SBL_0329.jpg 1333w\" sizes=\"auto, (min-width: 2200px) 100vw, (min-width: 784px) 387px, (min-width: 712px) 580px, (min-width: 640px) 712px, \" \/><\/a><\/div><\/div><div style=\"padding:5px;\" class=\"fusion-grid-column fusion-gallery-column fusion-gallery-column-3\"><div class=\"fusion-gallery-image fusion-gallery-image-liftup\"><a href=\"https:\/\/haraszthy.hu\/wp-content\/uploads\/2022\/04\/2_SBA_0824.jpg\" rel=\"noreferrer\" data-rel=\"iLightbox[gallery_image_1]\" class=\"fusion-lightbox\" target=\"_self\"><img loading=\"lazy\" decoding=\"async\" src=\"https:\/\/haraszthy.hu\/wp-content\/uploads\/2022\/04\/2_SBA_0824.jpg\" width=\"1333\" height=\"1333\" alt=\"\" title=\"2_SBA_0824\" aria-label=\"2_SBA_0824\" class=\"img-responsive wp-image-2674\" srcset=\"https:\/\/haraszthy.hu\/wp-content\/uploads\/2022\/04\/2_SBA_0824-200x200.jpg 200w, https:\/\/haraszthy.hu\/wp-content\/uploads\/2022\/04\/2_SBA_0824-400x400.jpg 400w, https:\/\/haraszthy.hu\/wp-content\/uploads\/2022\/04\/2_SBA_0824-600x600.jpg 600w, https:\/\/haraszthy.hu\/wp-content\/uploads\/2022\/04\/2_SBA_0824-800x800.jpg 800w, https:\/\/haraszthy.hu\/wp-content\/uploads\/2022\/04\/2_SBA_0824-1200x1200.jpg 1200w, https:\/\/haraszthy.hu\/wp-content\/uploads\/2022\/04\/2_SBA_0824.jpg 1333w\" sizes=\"auto, (min-width: 2200px) 100vw, (min-width: 784px) 387px, (min-width: 712px) 580px, (min-width: 640px) 712px, \" \/><\/a><\/div><\/div><div style=\"padding:5px;\" class=\"fusion-grid-column fusion-gallery-column fusion-gallery-column-3\"><div class=\"fusion-gallery-image fusion-gallery-image-liftup\"><a href=\"https:\/\/haraszthy.hu\/wp-content\/uploads\/2022\/04\/3_SBL_0406.jpg\" rel=\"noreferrer\" data-rel=\"iLightbox[gallery_image_1]\" class=\"fusion-lightbox\" target=\"_self\"><img loading=\"lazy\" decoding=\"async\" src=\"https:\/\/haraszthy.hu\/wp-content\/uploads\/2022\/04\/3_SBL_0406.jpg\" width=\"1333\" height=\"1333\" alt=\"\" title=\"3_SBL_0406\" aria-label=\"3_SBL_0406\" class=\"img-responsive wp-image-2673\" srcset=\"https:\/\/haraszthy.hu\/wp-content\/uploads\/2022\/04\/3_SBL_0406-200x200.jpg 200w, https:\/\/haraszthy.hu\/wp-content\/uploads\/2022\/04\/3_SBL_0406-400x400.jpg 400w, https:\/\/haraszthy.hu\/wp-content\/uploads\/2022\/04\/3_SBL_0406-600x600.jpg 600w, https:\/\/haraszthy.hu\/wp-content\/uploads\/2022\/04\/3_SBL_0406-800x800.jpg 800w, https:\/\/haraszthy.hu\/wp-content\/uploads\/2022\/04\/3_SBL_0406-1200x1200.jpg 1200w, https:\/\/haraszthy.hu\/wp-content\/uploads\/2022\/04\/3_SBL_0406.jpg 1333w\" sizes=\"auto, (min-width: 2200px) 100vw, (min-width: 784px) 387px, (min-width: 712px) 580px, (min-width: 640px) 712px, \" \/><\/a><\/div><\/div><div class=\"clearfix\"><\/div><\/div><\/div><\/div><\/div><div class=\"fusion-layout-column fusion_builder_column fusion-builder-column-2 fusion_builder_column_1_1 1_1 fusion-flex-column\" style=\"--awb-bg-size:cover;--awb-width-large:100%;--awb-margin-top-large:0px;--awb-spacing-right-large:1.92%;--awb-margin-bottom-large:0px;--awb-spacing-left-large:1.92%;--awb-width-medium:100%;--awb-order-medium:0;--awb-spacing-right-medium:1.92%;--awb-spacing-left-medium:1.92%;--awb-width-small:100%;--awb-order-small:0;--awb-spacing-right-small:1.92%;--awb-spacing-left-small:1.92%;\"><div class=\"fusion-column-wrapper fusion-column-has-shadow fusion-flex-justify-content-flex-start fusion-content-layout-column\"><div class=\"fusion-text fusion-text-3\" style=\"--awb-content-alignment:center;\"><p>The wires represent the conflict between men and women, while the children symbolise the embrace, love and feelings of longing for the other person.<\/p>\n<p>Not to forget that twice a year, in spring and autumn, the LOVE Festival takes place here, where we can celebrate freedom, love, wine and good company together.<\/p>\n<p>The sculpture itself is free to visit at any time of day or night.<\/p>\n<\/div><\/div><\/div><div class=\"fusion-layout-column fusion_builder_column fusion-builder-column-3 fusion_builder_column_1_1 1_1 fusion-flex-column\" style=\"--awb-bg-size:cover;--awb-width-large:100%;--awb-margin-top-large:0px;--awb-spacing-right-large:1.92%;--awb-margin-bottom-large:32px;--awb-spacing-left-large:1.92%;--awb-width-medium:100%;--awb-order-medium:0;--awb-spacing-right-medium:1.92%;--awb-spacing-left-medium:1.92%;--awb-width-small:100%;--awb-order-small:0;--awb-spacing-right-small:1.92%;--awb-spacing-left-small:1.92%;\"><div class=\"fusion-column-wrapper fusion-column-has-shadow fusion-flex-justify-content-flex-start fusion-content-layout-column\"><div class=\"awb-gallery-wrapper awb-gallery-wrapper-2 button-span-no\"><div style=\"margin:-5px;--awb-bordersize:0px;\" class=\"fusion-gallery fusion-gallery-container fusion-grid-3 fusion-columns-total-3 fusion-gallery-layout-grid fusion-gallery-2\"><div style=\"padding:5px;\" class=\"fusion-grid-column fusion-gallery-column fusion-gallery-column-3\"><div class=\"fusion-gallery-image fusion-gallery-image-liftup\"><a href=\"https:\/\/haraszthy.hu\/wp-content\/uploads\/2022\/04\/6613826pipacsosseta75.jpg\" rel=\"noreferrer\" data-rel=\"iLightbox[gallery_image_2]\" class=\"fusion-lightbox\" target=\"_self\"><img loading=\"lazy\" decoding=\"async\" src=\"https:\/\/haraszthy.hu\/wp-content\/uploads\/2022\/04\/6613826pipacsosseta75.jpg\" width=\"891\" height=\"891\" alt=\"\" title=\"6613826pipacsosseta75\" aria-label=\"6613826pipacsosseta75\" class=\"img-responsive wp-image-2654\" srcset=\"https:\/\/haraszthy.hu\/wp-content\/uploads\/2022\/04\/6613826pipacsosseta75-200x200.jpg 200w, https:\/\/haraszthy.hu\/wp-content\/uploads\/2022\/04\/6613826pipacsosseta75-400x400.jpg 400w, https:\/\/haraszthy.hu\/wp-content\/uploads\/2022\/04\/6613826pipacsosseta75-600x600.jpg 600w, https:\/\/haraszthy.hu\/wp-content\/uploads\/2022\/04\/6613826pipacsosseta75-800x800.jpg 800w, https:\/\/haraszthy.hu\/wp-content\/uploads\/2022\/04\/6613826pipacsosseta75.jpg 891w\" sizes=\"auto, (min-width: 2200px) 100vw, (min-width: 784px) 387px, (min-width: 712px) 580px, (min-width: 640px) 712px, \" \/><\/a><\/div><\/div><div style=\"padding:5px;\" class=\"fusion-grid-column fusion-gallery-column fusion-gallery-column-3\"><div class=\"fusion-gallery-image fusion-gallery-image-liftup\"><a href=\"https:\/\/haraszthy.hu\/wp-content\/uploads\/2022\/04\/6613850seta7.jpg\" rel=\"noreferrer\" data-rel=\"iLightbox[gallery_image_2]\" class=\"fusion-lightbox\" target=\"_self\"><img loading=\"lazy\" decoding=\"async\" src=\"https:\/\/haraszthy.hu\/wp-content\/uploads\/2022\/04\/6613850seta7.jpg\" width=\"892\" height=\"891\" alt=\"\" title=\"6613850seta7\" aria-label=\"6613850seta7\" class=\"img-responsive wp-image-2655\" srcset=\"https:\/\/haraszthy.hu\/wp-content\/uploads\/2022\/04\/6613850seta7-200x200.jpg 200w, https:\/\/haraszthy.hu\/wp-content\/uploads\/2022\/04\/6613850seta7-400x400.jpg 400w, https:\/\/haraszthy.hu\/wp-content\/uploads\/2022\/04\/6613850seta7-600x599.jpg 600w, https:\/\/haraszthy.hu\/wp-content\/uploads\/2022\/04\/6613850seta7-800x799.jpg 800w, https:\/\/haraszthy.hu\/wp-content\/uploads\/2022\/04\/6613850seta7.jpg 892w\" sizes=\"auto, (min-width: 2200px) 100vw, (min-width: 784px) 387px, (min-width: 712px) 580px, (min-width: 640px) 712px, \" \/><\/a><\/div><\/div><div style=\"padding:5px;\" class=\"fusion-grid-column fusion-gallery-column fusion-gallery-column-3\"><div class=\"fusion-gallery-image fusion-gallery-image-liftup\"><a href=\"https:\/\/haraszthy.hu\/wp-content\/uploads\/2022\/04\/val-szobor-2.jpg\" rel=\"noreferrer\" data-rel=\"iLightbox[gallery_image_2]\" class=\"fusion-lightbox\" target=\"_self\"><img loading=\"lazy\" decoding=\"async\" src=\"https:\/\/haraszthy.hu\/wp-content\/uploads\/2022\/04\/val-szobor-2.jpg\" width=\"615\" height=\"615\" alt=\"\" title=\"val-szobor-2\" aria-label=\"val-szobor-2\" class=\"img-responsive wp-image-2656\" srcset=\"https:\/\/haraszthy.hu\/wp-content\/uploads\/2022\/04\/val-szobor-2-200x200.jpg 200w, https:\/\/haraszthy.hu\/wp-content\/uploads\/2022\/04\/val-szobor-2-400x400.jpg 400w, https:\/\/haraszthy.hu\/wp-content\/uploads\/2022\/04\/val-szobor-2-600x600.jpg 600w, https:\/\/haraszthy.hu\/wp-content\/uploads\/2022\/04\/val-szobor-2.jpg 615w\" sizes=\"auto, (min-width: 2200px) 100vw, (min-width: 784px) 387px, (min-width: 712px) 580px, (min-width: 640px) 712px, \" \/><\/a><\/div><\/div><div class=\"clearfix\"><\/div><\/div><\/div><\/div><\/div><\/div><\/div>\n","protected":false},"excerpt":{"rendered":"","protected":false},"author":1,"featured_media":6187,"parent":0,"menu_order":0,"comment_status":"closed","ping_status":"closed","template":"","meta":{"_acf_changed":false,"footnotes":""},"class_list":["post-6481","page","type-page","status-publish","has-post-thumbnail","hentry"],"acf":[],"yoast_head":"<!-- This site is optimized with the Yoast SEO plugin v27.4 - https:\/\/yoast.com\/product\/yoast-seo-wordpress\/ -->\n<title>Haraszthy Pinc\u00e9szet - Magyarorsz\u00e1g Legszebb Sz\u0151l\u0151birtoka 2025<\/title>\n<meta name=\"description\" content=\"T\u00f6bb, mint sz\u0151l\u0151 \u00e9s bor: Kikapcsol\u00f3d\u00e1s, v\u00e1ltozatos programok, feledhetetlen \u00e9lm\u00e9nyek, egyedi gasztron\u00f3miai vil\u00e1g, szabads\u00e1g, bar\u00e1ts\u00e1g \u00e9s szerelem.\" \/>\n<meta name=\"robots\" content=\"index, follow, max-snippet:-1, max-image-preview:large, max-video-preview:-1\" \/>\n<link rel=\"canonical\" href=\"https:\/\/haraszthy.hu\/en\/love\/\" \/>\n<meta property=\"og:locale\" content=\"en_US\" \/>\n<meta property=\"og:type\" content=\"article\" \/>\n<meta property=\"og:title\" content=\"Haraszthy Pinc\u00e9szet - Magyarorsz\u00e1g Legszebb Sz\u0151l\u0151birtoka 2025\" \/>\n<meta property=\"og:description\" content=\"T\u00f6bb, mint sz\u0151l\u0151 \u00e9s bor: Kikapcsol\u00f3d\u00e1s, v\u00e1ltozatos programok, feledhetetlen \u00e9lm\u00e9nyek, egyedi gasztron\u00f3miai vil\u00e1g, szabads\u00e1g, bar\u00e1ts\u00e1g \u00e9s szerelem.\" \/>\n<meta property=\"og:url\" content=\"https:\/\/haraszthy.hu\/en\/love\/\" \/>\n<meta property=\"og:site_name\" content=\"Haraszthy Pinc\u00e9szet\" \/>\n<meta property=\"article:modified_time\" content=\"2024-02-16T10:54:49+00:00\" \/>\n<meta property=\"og:image\" content=\"https:\/\/haraszthy.hu\/wp-content\/uploads\/2022\/04\/6613850seta7-1.jpg\" \/>\n\t<meta property=\"og:image:width\" content=\"1336\" \/>\n\t<meta property=\"og:image:height\" content=\"891\" \/>\n\t<meta property=\"og:image:type\" content=\"image\/jpeg\" \/>\n<meta name=\"twitter:card\" content=\"summary_large_image\" \/>\n<meta name=\"twitter:label1\" content=\"Est. reading time\" \/>\n\t<meta name=\"twitter:data1\" content=\"7 minutes\" \/>\n<script type=\"application\/ld+json\" class=\"yoast-schema-graph\">{\"@context\":\"https:\\\/\\\/schema.org\",\"@graph\":[{\"@type\":\"WebPage\",\"@id\":\"https:\\\/\\\/haraszthy.hu\\\/en\\\/love\\\/\",\"url\":\"https:\\\/\\\/haraszthy.hu\\\/en\\\/love\\\/\",\"name\":\"Haraszthy Pinc\u00e9szet - Magyarorsz\u00e1g Legszebb Sz\u0151l\u0151birtoka 2025\",\"isPartOf\":{\"@id\":\"https:\\\/\\\/haraszthy.hu\\\/en\\\/#website\"},\"primaryImageOfPage\":{\"@id\":\"https:\\\/\\\/haraszthy.hu\\\/en\\\/love\\\/#primaryimage\"},\"image\":{\"@id\":\"https:\\\/\\\/haraszthy.hu\\\/en\\\/love\\\/#primaryimage\"},\"thumbnailUrl\":\"https:\\\/\\\/haraszthy.hu\\\/wp-content\\\/uploads\\\/2022\\\/04\\\/6613850seta7-1.jpg\",\"datePublished\":\"2022-04-26T10:14:06+00:00\",\"dateModified\":\"2024-02-16T10:54:49+00:00\",\"description\":\"T\u00f6bb, mint sz\u0151l\u0151 \u00e9s bor: Kikapcsol\u00f3d\u00e1s, v\u00e1ltozatos programok, feledhetetlen \u00e9lm\u00e9nyek, egyedi gasztron\u00f3miai vil\u00e1g, szabads\u00e1g, bar\u00e1ts\u00e1g \u00e9s szerelem.\",\"breadcrumb\":{\"@id\":\"https:\\\/\\\/haraszthy.hu\\\/en\\\/love\\\/#breadcrumb\"},\"inLanguage\":\"en-US\",\"potentialAction\":[{\"@type\":\"ReadAction\",\"target\":[\"https:\\\/\\\/haraszthy.hu\\\/en\\\/love\\\/\"]}]},{\"@type\":\"ImageObject\",\"inLanguage\":\"en-US\",\"@id\":\"https:\\\/\\\/haraszthy.hu\\\/en\\\/love\\\/#primaryimage\",\"url\":\"https:\\\/\\\/haraszthy.hu\\\/wp-content\\\/uploads\\\/2022\\\/04\\\/6613850seta7-1.jpg\",\"contentUrl\":\"https:\\\/\\\/haraszthy.hu\\\/wp-content\\\/uploads\\\/2022\\\/04\\\/6613850seta7-1.jpg\",\"width\":1336,\"height\":891},{\"@type\":\"BreadcrumbList\",\"@id\":\"https:\\\/\\\/haraszthy.hu\\\/en\\\/love\\\/#breadcrumb\",\"itemListElement\":[{\"@type\":\"ListItem\",\"position\":1,\"name\":\"Kezd\u0151lap\",\"item\":\"https:\\\/\\\/haraszthy.hu\\\/en\\\/home-2\\\/\"},{\"@type\":\"ListItem\",\"position\":2,\"name\":\"LOVE\"}]},{\"@type\":\"WebSite\",\"@id\":\"https:\\\/\\\/haraszthy.hu\\\/en\\\/#website\",\"url\":\"https:\\\/\\\/haraszthy.hu\\\/en\\\/\",\"name\":\"Haraszthy Pinc\u00e9szet - Magyarorsz\u00e1g Legszebb Sz\u0151l\u0151birtoka 2025\",\"description\":\"Bor\u00e1szat.\u00c9tterem.Kikapcsol\u00f3d\u00e1s.Etyek.\",\"potentialAction\":[{\"@type\":\"SearchAction\",\"target\":{\"@type\":\"EntryPoint\",\"urlTemplate\":\"https:\\\/\\\/haraszthy.hu\\\/en\\\/?s={search_term_string}\"},\"query-input\":{\"@type\":\"PropertyValueSpecification\",\"valueRequired\":true,\"valueName\":\"search_term_string\"}}],\"inLanguage\":\"en-US\"}]}<\/script>\n<!-- \/ Yoast SEO plugin. -->","yoast_head_json":{"title":"Haraszthy Pinc\u00e9szet - Magyarorsz\u00e1g Legszebb Sz\u0151l\u0151birtoka 2025","description":"T\u00f6bb, mint sz\u0151l\u0151 \u00e9s bor: Kikapcsol\u00f3d\u00e1s, v\u00e1ltozatos programok, feledhetetlen \u00e9lm\u00e9nyek, egyedi gasztron\u00f3miai vil\u00e1g, szabads\u00e1g, bar\u00e1ts\u00e1g \u00e9s szerelem.","robots":{"index":"index","follow":"follow","max-snippet":"max-snippet:-1","max-image-preview":"max-image-preview:large","max-video-preview":"max-video-preview:-1"},"canonical":"https:\/\/haraszthy.hu\/en\/love\/","og_locale":"en_US","og_type":"article","og_title":"Haraszthy Pinc\u00e9szet - Magyarorsz\u00e1g Legszebb Sz\u0151l\u0151birtoka 2025","og_description":"T\u00f6bb, mint sz\u0151l\u0151 \u00e9s bor: Kikapcsol\u00f3d\u00e1s, v\u00e1ltozatos programok, feledhetetlen \u00e9lm\u00e9nyek, egyedi gasztron\u00f3miai vil\u00e1g, szabads\u00e1g, bar\u00e1ts\u00e1g \u00e9s szerelem.","og_url":"https:\/\/haraszthy.hu\/en\/love\/","og_site_name":"Haraszthy Pinc\u00e9szet","article_modified_time":"2024-02-16T10:54:49+00:00","og_image":[{"width":1336,"height":891,"url":"https:\/\/haraszthy.hu\/wp-content\/uploads\/2022\/04\/6613850seta7-1.jpg","type":"image\/jpeg"}],"twitter_card":"summary_large_image","twitter_misc":{"Est. reading time":"7 minutes"},"schema":{"@context":"https:\/\/schema.org","@graph":[{"@type":"WebPage","@id":"https:\/\/haraszthy.hu\/en\/love\/","url":"https:\/\/haraszthy.hu\/en\/love\/","name":"Haraszthy Pinc\u00e9szet - Magyarorsz\u00e1g Legszebb Sz\u0151l\u0151birtoka 2025","isPartOf":{"@id":"https:\/\/haraszthy.hu\/en\/#website"},"primaryImageOfPage":{"@id":"https:\/\/haraszthy.hu\/en\/love\/#primaryimage"},"image":{"@id":"https:\/\/haraszthy.hu\/en\/love\/#primaryimage"},"thumbnailUrl":"https:\/\/haraszthy.hu\/wp-content\/uploads\/2022\/04\/6613850seta7-1.jpg","datePublished":"2022-04-26T10:14:06+00:00","dateModified":"2024-02-16T10:54:49+00:00","description":"T\u00f6bb, mint sz\u0151l\u0151 \u00e9s bor: Kikapcsol\u00f3d\u00e1s, v\u00e1ltozatos programok, feledhetetlen \u00e9lm\u00e9nyek, egyedi gasztron\u00f3miai vil\u00e1g, szabads\u00e1g, bar\u00e1ts\u00e1g \u00e9s szerelem.","breadcrumb":{"@id":"https:\/\/haraszthy.hu\/en\/love\/#breadcrumb"},"inLanguage":"en-US","potentialAction":[{"@type":"ReadAction","target":["https:\/\/haraszthy.hu\/en\/love\/"]}]},{"@type":"ImageObject","inLanguage":"en-US","@id":"https:\/\/haraszthy.hu\/en\/love\/#primaryimage","url":"https:\/\/haraszthy.hu\/wp-content\/uploads\/2022\/04\/6613850seta7-1.jpg","contentUrl":"https:\/\/haraszthy.hu\/wp-content\/uploads\/2022\/04\/6613850seta7-1.jpg","width":1336,"height":891},{"@type":"BreadcrumbList","@id":"https:\/\/haraszthy.hu\/en\/love\/#breadcrumb","itemListElement":[{"@type":"ListItem","position":1,"name":"Kezd\u0151lap","item":"https:\/\/haraszthy.hu\/en\/home-2\/"},{"@type":"ListItem","position":2,"name":"LOVE"}]},{"@type":"WebSite","@id":"https:\/\/haraszthy.hu\/en\/#website","url":"https:\/\/haraszthy.hu\/en\/","name":"Haraszthy Pinc\u00e9szet - Magyarorsz\u00e1g Legszebb Sz\u0151l\u0151birtoka 2025","description":"Bor\u00e1szat.\u00c9tterem.Kikapcsol\u00f3d\u00e1s.Etyek.","potentialAction":[{"@type":"SearchAction","target":{"@type":"EntryPoint","urlTemplate":"https:\/\/haraszthy.hu\/en\/?s={search_term_string}"},"query-input":{"@type":"PropertyValueSpecification","valueRequired":true,"valueName":"search_term_string"}}],"inLanguage":"en-US"}]}},"_links":{"self":[{"href":"https:\/\/haraszthy.hu\/en\/wp-json\/wp\/v2\/pages\/6481","targetHints":{"allow":["GET"]}}],"collection":[{"href":"https:\/\/haraszthy.hu\/en\/wp-json\/wp\/v2\/pages"}],"about":[{"href":"https:\/\/haraszthy.hu\/en\/wp-json\/wp\/v2\/types\/page"}],"author":[{"embeddable":true,"href":"https:\/\/haraszthy.hu\/en\/wp-json\/wp\/v2\/users\/1"}],"replies":[{"embeddable":true,"href":"https:\/\/haraszthy.hu\/en\/wp-json\/wp\/v2\/comments?post=6481"}],"version-history":[{"count":0,"href":"https:\/\/haraszthy.hu\/en\/wp-json\/wp\/v2\/pages\/6481\/revisions"}],"wp:featuredmedia":[{"embeddable":true,"href":"https:\/\/haraszthy.hu\/en\/wp-json\/wp\/v2\/media\/6187"}],"wp:attachment":[{"href":"https:\/\/haraszthy.hu\/en\/wp-json\/wp\/v2\/media?parent=6481"}],"curies":[{"name":"wp","href":"https:\/\/api.w.org\/{rel}","templated":true}]}}